{"id":49050,"date":"2024-02-18T09:01:51","date_gmt":"2024-02-18T06:01:51","guid":{"rendered":"https:\/\/minimax.md\/product\/49050.html"},"modified":"2024-02-21T09:03:52","modified_gmt":"2024-02-21T06:03:52","slug":"ru_ru-nabor-sharikov-dlja-konstruktora-labirinta-quadrilla-51-sht-trim-ro_ro-set-de-bile-pentru-jocul-quadrilla-51-piese","status":"publish","type":"product","link":"https:\/\/minimax.md\/ru\/product\/49050.html","title":{"rendered":"\u041d\u0430\u0431\u043e\u0440 \u0448\u0430\u0440\u0438\u043a\u043e\u0432 \u0434\u043b\u044f \u043a\u043e\u043d\u0441\u0442\u0440\u0443\u043a\u0442\u043e\u0440\u0430-\u043b\u0430\u0431\u0438\u0440\u0438\u043d\u0442\u0430 Quadrilla (51 \u0448\u0442.)"},"content":{"rendered":"<p>[:ru_RU]\u042d\u043a\u0441\u043f\u0435\u0440\u0438\u043c\u0435\u043d\u0442\u0438\u0440\u0443\u044f \u0441 \u043a\u043e\u043d\u0441\u0442\u0440\u0443\u043a\u0442\u043e\u0440\u0430\u043c\u0438-\u043b\u0430\u0431\u0438\u0440\u0438\u043d\u0442\u0430\u043c\u0438 \u0441\u0435\u0440\u0438\u0438 Quadrilla, \u0432\u043e\u0437\u043d\u0438\u043a\u0430\u0435\u0442 \u0442\u043e\u043b\u044c\u043a\u043e \u043e\u0434\u043d\u043e \u043f\u043e\u0436\u0435\u043b\u0430\u043d\u0438\u0435, \u0447\u0442\u043e\u0431\u044b \u0448\u0430\u0440\u0438\u043a\u0438 \u043d\u0435 \u0437\u0430\u043a\u0430\u043d\u0447\u0438\u0432\u0430\u043b\u0438\u0441\u044c. \u0418\u0445 \u043c\u043e\u0436\u043d\u043e \u0437\u0430\u043f\u0443\u0441\u043a\u0430\u0442\u044c \u0447\u0435\u0440\u0435\u0437 \u043b\u0430\u0431\u0438\u0440\u0438\u043d\u0442 \u043e\u0434\u0438\u043d \u0437\u0430 \u0434\u0440\u0443\u0433\u0438\u043c, \u0438\u0433\u0440\u0430\u044f \u0432\u0441\u0435\u0439 \u0441\u0435\u043c\u044c\u0435\u0439 \u0438\u043b\u0438 \u0441 \u0434\u0440\u0443\u0437\u044c\u044f\u043c\u0438.<\/p>\n<p>\u0412 \u043d\u0430\u0431\u043e\u0440\u0435 \u2013 51 \u0448\u0430\u0440\u0438\u043a. \u0428\u0430\u0440\u0438\u043a\u0438 \u0432\u044b\u043f\u043e\u043b\u043d\u0435\u043d\u044b \u0438\u0437 \u0441\u0442\u0435\u043a\u043b\u0430. \u0423 \u043d\u0438\u0445 \u044f\u0440\u043a\u0438\u0439 \u0438 \u043f\u0440\u0438\u0432\u043b\u0435\u043a\u0430\u0442\u0435\u043b\u044c\u043d\u044b\u0439 \u0434\u0438\u0437\u0430\u0439\u043d.<\/p>\n<p>\u041d\u0430\u0431\u043e\u0440 \u0448\u0430\u0440\u0438\u043a\u043e\u0432 \u0434\u043b\u044f \u043a\u043e\u043d\u0441\u0442\u0440\u0443\u043a\u0442\u043e\u0440\u0430-\u043b\u0430\u0431\u0438\u0440\u0438\u043d\u0442\u0430 Hape Quadrilla (E6035) \u0441\u043e\u043e\u0442\u0432\u0435\u0442\u0441\u0442\u0432\u0443\u0435\u0442 \u043c\u0435\u0436\u0434\u0443\u043d\u0430\u0440\u043e\u0434\u043d\u044b\u043c \u0441\u0442\u0430\u043d\u0434\u0430\u0440\u0442\u0430\u043c \u043a\u0430\u0447\u0435\u0441\u0442\u0432\u0430 EN 71 \u0438 ASTM F963.[trim][:ro_RO]C\u00e2nd experimenta\u021bi cu constructorii de labirint din seria Quadrilla, exist\u0103 o singur\u0103 dorin\u021b\u0103 ca bilele s\u0103 nu se termine. Ele pot fi plimbate prin labirint una c\u00e2te una, \u00een jocul cu \u00eentreaga familie sau cu prietenii.<br \/>\n\u00cen set sunt 51 de bile. Bilele sunt f\u0103cute din sticl\u0103 \u0219i au un design atractiv.<br \/>\nAcest joc de labirint ajuta la dezvoltarea gandirii spatiale si la intelegerea principiilor stiintei, tehnologiei, ingineriei si matematicii (STEAM). Compatibil cu toate seturile Hape Quadrilla.<\/p>\n<p>Jucariile Hape sunt realizate din materiale ecologice, vopsite in culori atragatoare cu vopsele nontoxice, care depasesc cele mai inalte si stricte standarde internationale de siguranta si calitate, precum EN71, ISO9001, ASTM F963 si altele.<\/p>\n<p>De multi ani, Hape a creat jucarii fantastice, de inalta calitate, folosind materiale ecologice si durabile, fiecare produs fiind atent proiectat pentru a stimula abilitatile senzoriale, fizice si emotionale.<\/p>\n","protected":false},"excerpt":{"rendered":"<p>[:ru_RU]\u042d\u043a\u0441\u043f\u0435\u0440\u0438\u043c\u0435\u043d\u0442\u0438\u0440\u0443\u044f \u0441 \u043a\u043e\u043d\u0441\u0442\u0440\u0443\u043a\u0442\u043e\u0440\u0430\u043c\u0438-\u043b\u0430\u0431\u0438\u0440\u0438\u043d\u0442\u0430\u043c\u0438 \u0441\u0435\u0440\u0438\u0438 Quadrilla, \u0432\u043e\u0437\u043d\u0438\u043a\u0430\u0435\u0442 \u0442\u043e\u043b\u044c\u043a\u043e \u043e\u0434\u043d\u043e \u043f\u043e\u0436\u0435\u043b\u0430\u043d\u0438\u0435, \u0447\u0442\u043e\u0431\u044b \u0448\u0430\u0440\u0438\u043a\u0438 \u043d\u0435 \u0437\u0430\u043a\u0430\u043d\u0447\u0438\u0432\u0430\u043b\u0438\u0441\u044c. \u0418\u0445 \u043c\u043e\u0436\u043d\u043e \u0437\u0430\u043f\u0443\u0441\u043a\u0430\u0442\u044c \u0447\u0435\u0440\u0435\u0437 \u043b\u0430\u0431\u0438\u0440\u0438\u043d\u0442 \u043e\u0434\u0438\u043d \u0437\u0430 \u0434\u0440\u0443\u0433\u0438\u043c, \u0438\u0433\u0440\u0430\u044f \u0432\u0441\u0435\u0439 \u0441\u0435\u043c\u044c\u0435\u0439 \u0438\u043b\u0438 \u0441 \u0434\u0440\u0443\u0437\u044c\u044f\u043c\u0438. \u0412 \u043d\u0430\u0431\u043e\u0440\u0435 \u2013 51 \u0448\u0430\u0440\u0438\u043a. \u0428\u0430\u0440\u0438\u043a\u0438 \u0432\u044b\u043f\u043e\u043b\u043d\u0435\u043d\u044b \u0438\u0437 \u0441\u0442\u0435\u043a\u043b\u0430. \u0423 \u043d\u0438\u0445 \u044f\u0440\u043a\u0438\u0439 \u0438 \u043f\u0440\u0438\u0432\u043b\u0435\u043a\u0430\u0442\u0435\u043b\u044c\u043d\u044b\u0439 \u0434\u0438\u0437\u0430\u0439\u043d. \u041d\u0430\u0431\u043e\u0440 \u0448\u0430\u0440\u0438\u043a\u043e\u0432 \u0434\u043b\u044f \u043a\u043e\u043d\u0441\u0442\u0440\u0443\u043a\u0442\u043e\u0440\u0430-\u043b\u0430\u0431\u0438\u0440\u0438\u043d\u0442\u0430 Hape Quadrilla (E6035) \u0441\u043e\u043e\u0442\u0432\u0435\u0442\u0441\u0442\u0432\u0443\u0435\u0442 \u043c\u0435\u0436\u0434\u0443\u043d\u0430\u0440\u043e\u0434\u043d\u044b\u043c \u0441\u0442\u0430\u043d\u0434\u0430\u0440\u0442\u0430\u043c \u043a\u0430\u0447\u0435\u0441\u0442\u0432\u0430 EN 71 [&hellip;]<\/p>\n","protected":false},"featured_media":49047,"comment_status":"open","ping_status":"closed","template":"","meta":{"_acf_changed":false},"product_brand":[],"product_cat":[6711],"product_tag":[],"class_list":{"0":"post-49050","1":"product","2":"type-product","3":"status-publish","4":"has-post-thumbnail","6":"product_cat-ru_ru-konstruktory-trim-ro_","8":"first","9":"instock","10":"shipping-taxable","11":"purchasable","12":"product-type-simple"},"acf":[],"_links":{"self":[{"href":"https:\/\/minimax.md\/ru\/wp-json\/wp\/v2\/product\/49050","targetHints":{"allow":["GET"]}}],"collection":[{"href":"https:\/\/minimax.md\/ru\/wp-json\/wp\/v2\/product"}],"about":[{"href":"https:\/\/minimax.md\/ru\/wp-json\/wp\/v2\/types\/product"}],"replies":[{"embeddable":true,"href":"https:\/\/minimax.md\/ru\/wp-json\/wp\/v2\/comments?post=49050"}],"version-history":[{"count":0,"href":"https:\/\/minimax.md\/ru\/wp-json\/wp\/v2\/product\/49050\/revisions"}],"wp:featuredmedia":[{"embeddable":true,"href":"https:\/\/minimax.md\/ru\/wp-json\/wp\/v2\/media\/49047"}],"wp:attachment":[{"href":"https:\/\/minimax.md\/ru\/wp-json\/wp\/v2\/media?parent=49050"}],"wp:term":[{"taxonomy":"product_brand","embeddable":true,"href":"https:\/\/minimax.md\/ru\/wp-json\/wp\/v2\/product_brand?post=49050"},{"taxonomy":"product_cat","embeddable":true,"href":"https:\/\/minimax.md\/ru\/wp-json\/wp\/v2\/product_cat?post=49050"},{"taxonomy":"product_tag","embeddable":true,"href":"https:\/\/minimax.md\/ru\/wp-json\/wp\/v2\/product_tag?post=49050"}],"curies":[{"name":"wp","href":"https:\/\/api.w.org\/{rel}","templated":true}]}}