{"id":49085,"date":"2024-02-18T09:02:05","date_gmt":"2024-02-18T06:02:05","guid":{"rendered":"https:\/\/minimax.md\/product\/49085.html"},"modified":"2024-02-21T09:03:23","modified_gmt":"2024-02-21T06:03:23","slug":"ru_ru-piramida-kroha-trim-ro_ro-piramida-bebe","status":"publish","type":"product","link":"https:\/\/minimax.md\/ru\/product\/49085.html","title":{"rendered":"\u041f\u0438\u0440\u0430\u043c\u0438\u0434\u0430 \"\u041a\u0440\u043e\u0445\u0430\""},"content":{"rendered":"<p>[:ru_RU]\u041f\u0438\u0440\u0430\u043c\u0438\u0434\u0430 \u00ab\u041a\u0440\u043e\u0445\u0430\u00bb \u2013 \u0440\u0430\u0437\u0432\u0438\u0432\u0430\u044e\u0449\u0430\u044f \u0438\u0433\u0440\u0443\u0448\u043a\u0430 \u0434\u043b\u044f \u043c\u0430\u043b\u044b\u0448\u0430.<\/p>\n<p>\u0421\u043e\u0441\u0442\u043e\u0438\u0442 \u0438\u0437:<\/p>\n<p> \t\u043e\u0441\u043d\u043e\u0432\u044b<br \/>\n \t3-\u0445 \u043a\u043e\u043b\u0435\u0446<br \/>\n \t\u0448\u0430\u0440\u0438\u043a\u0438-\u0432\u0435\u0440\u0445\u0443\u0448\u043a\u0438.<\/p>\n<p>\u0414\u043e\u0441\u0442\u043e\u0438\u043d\u0441\u0442\u0432\u0430:<\/p>\n<p> \t\u042f\u0440\u043a\u0438\u0435 \u0438 \u043d\u0430\u0441\u044b\u0449\u0435\u043d\u043d\u044b\u0435 \u0446\u0432\u0435\u0442\u0430.<br \/>\n \t\u0423\u0434\u043e\u0431\u043d\u0430\u044f \u0443\u043f\u0430\u043a\u043e\u0432\u043a\u0430.<br \/>\n \t\u041a\u043e\u043c\u043f\u0430\u043a\u0442\u043d\u044b\u0439 \u0440\u0430\u0437\u043c\u0435\u0440.<\/p>\n<p>\u0418\u0433\u0440\u044b \u0441 \u043f\u0438\u0440\u0430\u043c\u0438\u0434\u043a\u043e\u0439 \u0440\u0430\u0437\u0432\u0438\u0432\u0430\u044e\u0442 \u043c\u0435\u043b\u043a\u0443\u044e \u043c\u043e\u0442\u043e\u0440\u0438\u043a\u0443, \u043a\u043e\u043e\u0440\u0434\u0438\u043d\u0430\u0446\u0438\u044e \u0434\u0432\u0438\u0436\u0435\u043d\u0438\u0439, \u0446\u0432\u0435\u0442\u043e\u0432\u043e\u0435 \u0432\u043e\u0441\u043f\u0440\u0438\u044f\u0442\u0438\u0435 \u0438 \u043a\u043e\u043d\u0446\u0435\u043d\u0442\u0440\u0430\u0446\u0438\u044e \u0432\u043d\u0438\u043c\u0430\u043d\u0438\u044f.<\/p>\n<p>\u0412\u0441\u0435 \u0438\u0433\u0440\u0443\u0448\u043a\u0438 \u0438\u0437\u0433\u043e\u0442\u043e\u0432\u043b\u0435\u043d\u044b \u0438\u0437 \u0441\u0435\u0440\u0442\u0438\u0444\u0438\u0446\u0438\u0440\u043e\u0432\u0430\u043d\u043d\u043e\u0433\u043e \u0432\u044b\u0441\u043e\u043a\u043e\u043a\u0430\u0447\u0435\u0441\u0442\u0432\u0435\u043d\u043d\u043e\u0433\u043e \u043f\u043b\u0430\u0441\u0442\u0438\u043a\u0430 \u0438 \u0431\u0435\u0437\u043e\u043f\u0430\u0441\u043d\u044b\u0445 \u043f\u0438\u0449\u0435\u0432\u044b\u0445 \u043a\u0440\u0430\u0441\u0438\u0442\u0435\u043b\u0435\u0439.<\/p>\n<p>\u0418\u0433\u0440\u0430\u0439! \u0423\u0447\u0438\u0441\u044c! \u0420\u0430\u0437\u0432\u0438\u0432\u0430\u0439\u0441\u044f![trim][:ro_RO]<strong>Piramida &#8220;Bebe&#8221; &#8211; o juc\u0103rie educa\u021bional\u0103 pentru bebelu\u0219.<\/strong><\/p>\n<p>Cuprinde:<\/p>\n<ul>\n<li>elementele de baz\u0103<\/li>\n<li>3 inele<\/li>\n<li>bile de sus.<\/li>\n<\/ul>\n<p><strong>Avantaje:<\/strong><\/p>\n<ul>\n<li>culori str\u0103lucitoare \u0219i saturate.<\/li>\n<li>p\u0103strare comod\u0103<\/li>\n<li>dimensiune compact\u0103.<\/li>\n<\/ul>\n<p><strong>Jocurile cu piramidele dezvolt\u0103 abilit\u0103\u021bile motorii fine, coordonarea mi\u0219c\u0103rilor, percep\u021bia culorilor \u0219i concentrarea.<\/strong><\/p>\n<p><strong>Toate juc\u0103riile sunt fabricate din plastic certificat de \u00eenalt\u0103 calitate \u0219i coloran\u021bi alimentari siguri.<\/strong><\/p>\n<p><strong>Joaca! \u00cenv\u0103\u021ba! Dezvolta!<\/strong><\/p>\n","protected":false},"excerpt":{"rendered":"<p>[:ru_RU]\u041f\u0438\u0440\u0430\u043c\u0438\u0434\u0430 \u00ab\u041a\u0440\u043e\u0445\u0430\u00bb \u2013 \u0440\u0430\u0437\u0432\u0438\u0432\u0430\u044e\u0449\u0430\u044f \u0438\u0433\u0440\u0443\u0448\u043a\u0430 \u0434\u043b\u044f \u043c\u0430\u043b\u044b\u0448\u0430. \u0421\u043e\u0441\u0442\u043e\u0438\u0442 \u0438\u0437: \u043e\u0441\u043d\u043e\u0432\u044b 3-\u0445 \u043a\u043e\u043b\u0435\u0446 \u0448\u0430\u0440\u0438\u043a\u0438-\u0432\u0435\u0440\u0445\u0443\u0448\u043a\u0438. \u0414\u043e\u0441\u0442\u043e\u0438\u043d\u0441\u0442\u0432\u0430: \u042f\u0440\u043a\u0438\u0435 \u0438 \u043d\u0430\u0441\u044b\u0449\u0435\u043d\u043d\u044b\u0435 \u0446\u0432\u0435\u0442\u0430. \u0423\u0434\u043e\u0431\u043d\u0430\u044f \u0443\u043f\u0430\u043a\u043e\u0432\u043a\u0430. \u041a\u043e\u043c\u043f\u0430\u043a\u0442\u043d\u044b\u0439 \u0440\u0430\u0437\u043c\u0435\u0440. \u0418\u0433\u0440\u044b \u0441 \u043f\u0438\u0440\u0430\u043c\u0438\u0434\u043a\u043e\u0439 \u0440\u0430\u0437\u0432\u0438\u0432\u0430\u044e\u0442 \u043c\u0435\u043b\u043a\u0443\u044e \u043c\u043e\u0442\u043e\u0440\u0438\u043a\u0443, \u043a\u043e\u043e\u0440\u0434\u0438\u043d\u0430\u0446\u0438\u044e \u0434\u0432\u0438\u0436\u0435\u043d\u0438\u0439, \u0446\u0432\u0435\u0442\u043e\u0432\u043e\u0435 \u0432\u043e\u0441\u043f\u0440\u0438\u044f\u0442\u0438\u0435 \u0438 \u043a\u043e\u043d\u0446\u0435\u043d\u0442\u0440\u0430\u0446\u0438\u044e \u0432\u043d\u0438\u043c\u0430\u043d\u0438\u044f. \u0412\u0441\u0435 \u0438\u0433\u0440\u0443\u0448\u043a\u0438 \u0438\u0437\u0433\u043e\u0442\u043e\u0432\u043b\u0435\u043d\u044b \u0438\u0437 \u0441\u0435\u0440\u0442\u0438\u0444\u0438\u0446\u0438\u0440\u043e\u0432\u0430\u043d\u043d\u043e\u0433\u043e \u0432\u044b\u0441\u043e\u043a\u043e\u043a\u0430\u0447\u0435\u0441\u0442\u0432\u0435\u043d\u043d\u043e\u0433\u043e \u043f\u043b\u0430\u0441\u0442\u0438\u043a\u0430 \u0438 \u0431\u0435\u0437\u043e\u043f\u0430\u0441\u043d\u044b\u0445 \u043f\u0438\u0449\u0435\u0432\u044b\u0445 \u043a\u0440\u0430\u0441\u0438\u0442\u0435\u043b\u0435\u0439. \u0418\u0433\u0440\u0430\u0439! \u0423\u0447\u0438\u0441\u044c! \u0420\u0430\u0437\u0432\u0438\u0432\u0430\u0439\u0441\u044f![trim][:ro_RO]Piramida &#8220;Bebe&#8221; &#8211; o juc\u0103rie educa\u021bional\u0103 pentru [&hellip;]<\/p>\n","protected":false},"featured_media":49056,"comment_status":"open","ping_status":"closed","template":"","meta":{"_acf_changed":false},"product_brand":[],"product_cat":[6732],"product_tag":[],"class_list":{"0":"post-49085","1":"product","2":"type-product","3":"status-publish","4":"has-post-thumbnail","6":"product_cat-ru_ru-piramidki-trim-ro_ro","8":"first","9":"instock","10":"shipping-taxable","11":"purchasable","12":"product-type-simple"},"acf":[],"_links":{"self":[{"href":"https:\/\/minimax.md\/ru\/wp-json\/wp\/v2\/product\/49085","targetHints":{"allow":["GET"]}}],"collection":[{"href":"https:\/\/minimax.md\/ru\/wp-json\/wp\/v2\/product"}],"about":[{"href":"https:\/\/minimax.md\/ru\/wp-json\/wp\/v2\/types\/product"}],"replies":[{"embeddable":true,"href":"https:\/\/minimax.md\/ru\/wp-json\/wp\/v2\/comments?post=49085"}],"version-history":[{"count":0,"href":"https:\/\/minimax.md\/ru\/wp-json\/wp\/v2\/product\/49085\/revisions"}],"wp:featuredmedia":[{"embeddable":true,"href":"https:\/\/minimax.md\/ru\/wp-json\/wp\/v2\/media\/49056"}],"wp:attachment":[{"href":"https:\/\/minimax.md\/ru\/wp-json\/wp\/v2\/media?parent=49085"}],"wp:term":[{"taxonomy":"product_brand","embeddable":true,"href":"https:\/\/minimax.md\/ru\/wp-json\/wp\/v2\/product_brand?post=49085"},{"taxonomy":"product_cat","embeddable":true,"href":"https:\/\/minimax.md\/ru\/wp-json\/wp\/v2\/product_cat?post=49085"},{"taxonomy":"product_tag","embeddable":true,"href":"https:\/\/minimax.md\/ru\/wp-json\/wp\/v2\/product_tag?post=49085"}],"curies":[{"name":"wp","href":"https:\/\/api.w.org\/{rel}","templated":true}]}}