{"id":49087,"date":"2024-02-18T09:02:06","date_gmt":"2024-02-18T06:02:06","guid":{"rendered":"https:\/\/minimax.md\/product\/49087.html"},"modified":"2024-02-21T09:03:43","modified_gmt":"2024-02-21T06:03:43","slug":"ru_ru-3d-pazl-zamok-pelesh-rumynija-179-jelementov-trim-ro_ro-3d-puzzle-castelul-pele-rom-nia-179-elemente","status":"publish","type":"product","link":"https:\/\/minimax.md\/ru\/product\/49087.html","title":{"rendered":"3D \u043f\u0430\u0437\u043b \u201c\u0417\u0430\u043c\u043e\u043a \u041f\u0435\u043b\u0435\u0448. \u0420\u0443\u043c\u044b\u043d\u0438\u044f\u201d, 179 \u044d\u043b\u0435\u043c\u0435\u043d\u0442\u043e\u0432"},"content":{"rendered":"<p>[:ru_RU]3D \u043f\u0430\u0437\u043b \u201c\u0417\u0430\u043c\u043e\u043a \u041f\u0435\u043b\u0435\u0448. \u0420\u0443\u043c\u044b\u043d\u0438\u044f\u201d \u043e\u0442\u00a0 CubicFun \u043e\u0447\u0435\u043d\u044c \u0438\u043d\u0442\u0435\u0440\u0435\u0441\u043d\u0430\u044f \u0433\u043e\u043b\u043e\u0432\u043e\u043b\u043e\u043c\u043a\u0430 \u0434\u043b\u044f \u0432\u0441\u0435\u0439 \u0441\u0435\u043c\u044c\u0438.\u00a0<\/p>\n<p>\u0412\u043c\u0435\u0441\u0442\u0435 \u0441\u043e\u0431\u0438\u0440\u0430\u044f 3D \u043f\u0430\u0437\u043b \u0441\u043e \u0441\u0432\u043e\u0438\u043c\u0438 \u0434\u0435\u0442\u044c\u043c\u0438, \u0432\u044b\u00a0 \u043c\u043e\u0436\u0435\u0442\u0435 \u0438\u043c \u0440\u0430\u0441\u0441\u043a\u0430\u0437\u0430\u0442\u044c \u043e \u0442\u043e\u043c \u0447\u0442\u043e \u0432 \u043d\u0430\u0441\u0442\u043e\u044f\u0449\u0435\u0435 \u0432\u0440\u0435\u043c\u044f \u041f\u0435\u043b\u0435\u0448 \u2013 \u044d\u0442\u043e \u043d\u0435 \u0442\u043e\u043b\u044c\u043a\u043e \u0438\u0441\u0442\u043e\u0440\u0438\u0447\u0435\u0441\u043a\u0438\u0439 \u043f\u0430\u043c\u044f\u0442\u043d\u0438\u043a, \u043d\u043e \u0438 \u043c\u0443\u0437\u0435\u0439 \u0441 \u0431\u043e\u0433\u0430\u0442\u0435\u0439\u0448\u0435\u0439 \u044d\u043a\u0441\u043f\u043e\u0437\u0438\u0446\u0438\u0435\u0439. \u041a\u043e\u043b\u043b\u0435\u043a\u0446\u0438\u044f \u043e\u0440\u0443\u0436\u0438\u044f \u0438 \u0440\u044b\u0446\u0430\u0440\u0441\u043a\u043e\u0433\u043e \u0441\u043d\u0430\u0440\u044f\u0436\u0435\u043d\u0438\u044f \u0437\u0434\u0435\u0441\u044c \u0441\u043e\u0441\u0435\u0434\u0441\u0442\u0432\u0443\u044e\u0442 \u0441 \u0438\u0437\u044f\u0449\u043d\u044b\u043c\u0438 \u0431\u0435\u0437\u0434\u0435\u043b\u0443\u0448\u043a\u0430\u043c\u0438 \u0438\u0437 \u043c\u0430\u0439\u0441\u0435\u043d\u0441\u043a\u043e\u0433\u043e \u0438 \u0441\u0435\u0432\u0440\u0441\u043a\u043e\u0433\u043e \u0444\u0430\u0440\u0444\u043e\u0440\u0430, \u0430 \u0432 \u0432\u0435\u043d\u0435\u0446\u0438\u0430\u043d\u0441\u043a\u0438\u0445 \u0437\u0435\u0440\u043a\u0430\u043b\u0430\u0445 \u0438 \u0441\u0442\u0435\u043a\u043b\u044f\u043d\u043d\u044b\u0445 \u0438\u0437\u0434\u0435\u043b\u0438\u044f\u0445 \u043e\u0442\u0440\u0430\u0436\u0430\u044e\u0442\u0441\u044f \u0443\u0437\u043e\u0440\u044b \u0432\u043e\u0441\u0442\u043e\u0447\u043d\u044b\u0445 \u043a\u043e\u0432\u0440\u043e\u0432 \u0438\u0437 \u0411\u0443\u0445\u0430\u0440\u044b. \u0410\u0436\u0443\u0440\u043d\u044b\u0435 \u044d\u043b\u0435\u043c\u0435\u043d\u0442\u044b \u0434\u0435\u0440\u0435\u0432\u044f\u043d\u043d\u043e\u0433\u043e \u0434\u0435\u043a\u043e\u0440\u0430 \u0438 \u0440\u0430\u0441\u043f\u0438\u0441\u0430\u043d\u043d\u044b\u0435 \u0432\u0440\u0443\u0447\u043d\u0443\u044e \u0448\u0432\u0435\u0439\u0446\u0430\u0440\u0441\u043a\u0438\u0435 \u0432\u0438\u0442\u0440\u0430\u0436\u0438, \u0433\u043e\u0431\u0435\u043b\u0435\u043d\u044b \u0438 \u043a\u0430\u0440\u0442\u0438\u043d\u044b, \u0441\u0442\u0430\u0440\u0438\u043d\u043d\u0430\u044f \u043c\u0435\u0431\u0435\u043b\u044c \u0438 \u0441\u043a\u0443\u043b\u044c\u043f\u0442\u0443\u0440\u044b \u2013 \u0432\u0441\u0435 \u044d\u0442\u043e \u0441\u043e\u0441\u0442\u0430\u0432\u043b\u044f\u0435\u0442 \u0443\u0431\u0440\u0430\u043d\u0441\u0442\u0432\u043e 160 \u043a\u043e\u043c\u043d\u0430\u0442 \u0437\u0430\u043c\u043a\u0430, \u043a\u0430\u0436\u0434\u0430\u044f \u0438\u0437 \u043a\u043e\u0442\u043e\u0440\u044b\u0445 \u043d\u0435\u043f\u043e\u0432\u0442\u043e\u0440\u0438\u043c\u0430. \u0422\u0430\u043a, \u0424\u043b\u043e\u0440\u0435\u043d\u0442\u0438\u0439\u0441\u043a\u0438\u0439 \u0437\u0430\u043b \u043e\u0442\u0434\u0435\u043b\u0430\u043d \u044d\u0431\u043e\u043d\u0438\u0442\u043e\u0432\u044b\u043c \u0434\u0435\u0440\u0435\u0432\u043e\u043c, \u0422\u0443\u0440\u0435\u0446\u043a\u0438\u0439 \u0436\u0435 \u043e\u0431\u0442\u044f\u043d\u0443\u0442 \u0448\u0435\u043b\u043a\u043e\u043c. \u0410 \u0432 \u0422\u0435\u0430\u0442\u0440\u0430\u043b\u044c\u043d\u043e\u0439 \u043a\u043e\u043c\u043d\u0430\u0442\u0435, \u043e\u0431\u0441\u0442\u0430\u0432\u043b\u0435\u043d\u043d\u043e\u0439 \u0432 \u0434\u0443\u0445\u0435 \u041b\u044e\u0434\u043e\u0432\u0438\u043a\u0430 XIV, \u0432 \u043d\u0430\u0447\u0430\u043b\u0435 \u043f\u0440\u043e\u0448\u043b\u043e\u0433\u043e \u0432\u0435\u043a\u0430 \u043e\u0431\u0438\u0442\u0430\u0442\u0435\u043b\u0438 \u0437\u0430\u043c\u043a\u0430 \u0441\u043c\u043e\u0442\u0440\u0435\u043b\u0438 \u043a\u0438\u043d\u043e. \u0418 \u0432 \u044d\u0442\u043e\u043c \u043d\u0435\u0442 \u043d\u0438\u0447\u0435\u0433\u043e \u0443\u0434\u0438\u0432\u0438\u0442\u0435\u043b\u044c\u043d\u043e\u0433\u043e, \u0432\u0435\u0434\u044c \u041f\u0435\u043b\u0435\u0448 \u0431\u044b\u043b \u043f\u0435\u0440\u0432\u044b\u043c \u0432 \u0415\u0432\u0440\u043e\u043f\u0435 \u044d\u043b\u0435\u043a\u0442\u0440\u0438\u0444\u0438\u0446\u0438\u0440\u043e\u0432\u0430\u043d\u043d\u044b\u043c \u0434\u0432\u043e\u0440\u0446\u043e\u043c.<\/p>\n<p>3D \u043f\u0430\u0437\u043b\u044b \u0443\u0434\u0438\u0432\u0438\u0442\u0435\u043b\u044c\u043d\u043e\u0435 \u0445\u043e\u0431\u0431\u0438 \u043a\u043e\u0442\u043e\u0440\u043e\u0435 \u0440\u0430\u0437\u0432\u0438\u0432\u0430\u0435[trim][:ro_RO]<strong>Puzzle 3D \u201cCastelul Pele\u0219. Rom\u00e2nia\u201d, de la CubicFun este un joc de puzzle foarte interesant pentru \u00eentreaga familie.<\/strong><\/p>\n<p>\u00cen timul jocului cu\u00a0 puzzle 3D \u00eempreun\u0103 cu copiii t\u0103i, le po\u021bi povesti c\u0103 \u00een\u00a0prezent, <strong>Pele\u0219ul<\/strong> nu este doar un monument istoric, ci \u0219i un muzeu cu o expozi\u021bie bogat\u0103. Colec\u021bia de arme \u0219i echipament cavaleresc este al\u0103turi de bibelouri elegante din por\u021belan Meissen \u0219i Sevres, iar modelele de covoare orientale din Bukhara sunt reflectate \u00een oglinzile \u0219i sticl\u0103ria vene\u021bian\u0103. Elemente ajurate de decor din lemn \u0219i vitralii elve\u021biene pictate manual, tapiserii \u0219i picturi, mobilier de epoc\u0103 \u0219i sculpturi &#8211; toate acestea compun decorul celor 160 de camere ale castelului, fiecare dintre ele unic\u0103. Deci, Sala Florentin\u0103 este tuns\u0103 cu lemn de ebonit\u0103, \u00een timp ce cea turceasc\u0103 este acoperit\u0103 cu m\u0103tase. Iar \u00een Sala de teatru, mobilat\u0103 \u00een spiritul lui Ludovic al XIV-lea, la \u00eenceputul secolului trecut, locuitorii castelului vizionau filme. \u0218i acest lucru nu este surprinz\u0103tor,<\/p>\n","protected":false},"excerpt":{"rendered":"<p>[:ru_RU]3D \u043f\u0430\u0437\u043b \u201c\u0417\u0430\u043c\u043e\u043a \u041f\u0435\u043b\u0435\u0448. \u0420\u0443\u043c\u044b\u043d\u0438\u044f\u201d \u043e\u0442\u00a0 CubicFun \u043e\u0447\u0435\u043d\u044c \u0438\u043d\u0442\u0435\u0440\u0435\u0441\u043d\u0430\u044f \u0433\u043e\u043b\u043e\u0432\u043e\u043b\u043e\u043c\u043a\u0430 \u0434\u043b\u044f \u0432\u0441\u0435\u0439 \u0441\u0435\u043c\u044c\u0438.\u00a0 \u0412\u043c\u0435\u0441\u0442\u0435 \u0441\u043e\u0431\u0438\u0440\u0430\u044f 3D \u043f\u0430\u0437\u043b \u0441\u043e \u0441\u0432\u043e\u0438\u043c\u0438 \u0434\u0435\u0442\u044c\u043c\u0438, \u0432\u044b\u00a0 \u043c\u043e\u0436\u0435\u0442\u0435 \u0438\u043c \u0440\u0430\u0441\u0441\u043a\u0430\u0437\u0430\u0442\u044c \u043e \u0442\u043e\u043c \u0447\u0442\u043e \u0432 \u043d\u0430\u0441\u0442\u043e\u044f\u0449\u0435\u0435 \u0432\u0440\u0435\u043c\u044f \u041f\u0435\u043b\u0435\u0448 \u2013 \u044d\u0442\u043e \u043d\u0435 \u0442\u043e\u043b\u044c\u043a\u043e \u0438\u0441\u0442\u043e\u0440\u0438\u0447\u0435\u0441\u043a\u0438\u0439 \u043f\u0430\u043c\u044f\u0442\u043d\u0438\u043a, \u043d\u043e \u0438 \u043c\u0443\u0437\u0435\u0439 \u0441 \u0431\u043e\u0433\u0430\u0442\u0435\u0439\u0448\u0435\u0439 \u044d\u043a\u0441\u043f\u043e\u0437\u0438\u0446\u0438\u0435\u0439. \u041a\u043e\u043b\u043b\u0435\u043a\u0446\u0438\u044f \u043e\u0440\u0443\u0436\u0438\u044f \u0438 \u0440\u044b\u0446\u0430\u0440\u0441\u043a\u043e\u0433\u043e \u0441\u043d\u0430\u0440\u044f\u0436\u0435\u043d\u0438\u044f \u0437\u0434\u0435\u0441\u044c \u0441\u043e\u0441\u0435\u0434\u0441\u0442\u0432\u0443\u044e\u0442 \u0441 \u0438\u0437\u044f\u0449\u043d\u044b\u043c\u0438 \u0431\u0435\u0437\u0434\u0435\u043b\u0443\u0448\u043a\u0430\u043c\u0438 \u0438\u0437 \u043c\u0430\u0439\u0441\u0435\u043d\u0441\u043a\u043e\u0433\u043e [&hellip;]<\/p>\n","protected":false},"featured_media":49086,"comment_status":"open","ping_status":"closed","template":"","meta":{"_acf_changed":false},"product_brand":[],"product_cat":[6713],"product_tag":[],"class_list":{"0":"post-49087","1":"product","2":"type-product","3":"status-publish","4":"has-post-thumbnail","6":"product_cat-ru_ru-pazly-i-mozaiki-trim","8":"first","9":"instock","10":"shipping-taxable","11":"purchasable","12":"product-type-simple"},"acf":[],"_links":{"self":[{"href":"https:\/\/minimax.md\/ru\/wp-json\/wp\/v2\/product\/49087","targetHints":{"allow":["GET"]}}],"collection":[{"href":"https:\/\/minimax.md\/ru\/wp-json\/wp\/v2\/product"}],"about":[{"href":"https:\/\/minimax.md\/ru\/wp-json\/wp\/v2\/types\/product"}],"replies":[{"embeddable":true,"href":"https:\/\/minimax.md\/ru\/wp-json\/wp\/v2\/comments?post=49087"}],"version-history":[{"count":0,"href":"https:\/\/minimax.md\/ru\/wp-json\/wp\/v2\/product\/49087\/revisions"}],"wp:featuredmedia":[{"embeddable":true,"href":"https:\/\/minimax.md\/ru\/wp-json\/wp\/v2\/media\/49086"}],"wp:attachment":[{"href":"https:\/\/minimax.md\/ru\/wp-json\/wp\/v2\/media?parent=49087"}],"wp:term":[{"taxonomy":"product_brand","embeddable":true,"href":"https:\/\/minimax.md\/ru\/wp-json\/wp\/v2\/product_brand?post=49087"},{"taxonomy":"product_cat","embeddable":true,"href":"https:\/\/minimax.md\/ru\/wp-json\/wp\/v2\/product_cat?post=49087"},{"taxonomy":"product_tag","embeddable":true,"href":"https:\/\/minimax.md\/ru\/wp-json\/wp\/v2\/product_tag?post=49087"}],"curies":[{"name":"wp","href":"https:\/\/api.w.org\/{rel}","templated":true}]}}