{"id":49099,"date":"2024-02-18T09:02:07","date_gmt":"2024-02-18T06:02:07","guid":{"rendered":"https:\/\/minimax.md\/product\/49099.html"},"modified":"2024-02-21T09:04:06","modified_gmt":"2024-02-21T06:04:06","slug":"ru_ru-muzykalnaja-kukla-v-shtanishkah-so-smajlikami-trim-ro_ro-p-pu-muzical-n-pantalona-i-cu-emoticoane","status":"publish","type":"product","link":"https:\/\/minimax.md\/ru\/product\/49099.html","title":{"rendered":"\u041c\u0443\u0437\u044b\u043a\u0430\u043b\u044c\u043d\u0430\u044f \u043a\u0443\u043a\u043b\u0430 \u0432 \u0448\u0442\u0430\u043d\u0438\u0448\u043a\u0430\u0445 \u0441\u043e \u0441\u043c\u0430\u0439\u043b\u0438\u043a\u0430\u043c\u0438"},"content":{"rendered":"<p>[:ru_RU]\u041e\u0447\u0430\u0440\u043e\u0432\u0430\u0442\u0435\u043b\u044c\u043d\u0430\u044f \u043a\u0443\u043a\u043b\u0430 \u0432 \u0448\u0442\u0430\u043d\u0438\u0448\u043a\u0430\u0445 \u0441\u043e \u0441\u043c\u0430\u0439\u043b\u0438\u043a\u0430\u043c\u0438 \u043a\u043e\u0442\u043e\u0440\u0430\u044f \u0443\u043c\u0435\u0435\u0442 \u043f\u0435\u0442\u044c \u043d\u0430 \u0430\u043d\u0433\u043b\u0438\u0439\u0441\u043a\u043e\u043c \u044f\u0437\u044b\u043a\u0435, \u0441\u0442\u0430\u043d\u0435\u0442 \u043e\u0442\u043b\u0438\u0447\u043d\u044b\u043c \u043f\u043e\u0434\u0430\u0440\u043a\u043e\u043c \u0434\u043b\u044f \u043b\u044e\u0431\u043e\u0439 \u0434\u0435\u0432\u043e\u0447\u043a\u0438!<\/p>\n<p>\u0423 \u043a\u0443\u043a\u043b\u044b \u043e\u0447\u0435\u043d\u044c \u043a\u0440\u0430\u0441\u0438\u0432\u043e\u0435 \u043c\u0438\u043b\u043e\u0432\u0438\u0434\u043d\u043e\u0435 \u043b\u0438\u0447\u0438\u043a\u043e, \u0434\u043b\u0438\u043d\u043d\u044b\u0435 \u0432\u043e\u043b\u043e\u0441\u044b. \u0411\u043b\u0430\u0433\u043e\u0434\u0430\u0440\u044f \u0433\u0443\u0441\u0442\u044b\u043c \u0438 \u0448\u0435\u043b\u043a\u043e\u0432\u0438\u0441\u0442\u044b\u043c \u0432\u043e\u043b\u043e\u0441\u0430\u043c \u043a\u0443\u043a\u043e\u043b\u043a\u0435 \u043c\u043e\u0436\u043d\u043e \u0434\u0435\u043b\u0430\u0442\u044c \u0432\u0441\u0435\u0432\u043e\u0437\u043c\u043e\u0436\u043d\u044b\u0435 \u043f\u0440\u0438\u0447\u0435\u0441\u043a\u0438.<\/p>\n<p>\u0420\u0430\u0437\u043c\u0435\u0440 \u043a\u0443\u043a\u043e\u043b\u043a\u0438 \u0441\u043e\u0441\u0442\u0430\u0432\u043b\u044f\u0435\u0442 47 \u0441\u043c.[trim][:ro_RO]<strong>O p\u0103pu\u0219\u0103 fermec\u0103toare \u00een pantalona\u0219i cu emoticoane care poate c\u00e2nta \u00een englez\u0103, va fi un cadou grozav pentru orice fat\u0103!<\/strong><\/p>\n<p>P\u0103pu\u0219a are o fa\u021b\u0103 dr\u0103gu\u021b\u0103 foarte frumoas\u0103. Datorit\u0103 p\u0103rului gros \u0219i m\u0103t\u0103sos, \u00eei po\u021bi face p\u0103pu\u0219ii orice coafur\u0103.<\/p>\n<p>\u00cen\u0103l\u021bimea p\u0103pu\u0219ii este de 47 cm.<\/p>\n","protected":false},"excerpt":{"rendered":"<p>[:ru_RU]\u041e\u0447\u0430\u0440\u043e\u0432\u0430\u0442\u0435\u043b\u044c\u043d\u0430\u044f \u043a\u0443\u043a\u043b\u0430 \u0432 \u0448\u0442\u0430\u043d\u0438\u0448\u043a\u0430\u0445 \u0441\u043e \u0441\u043c\u0430\u0439\u043b\u0438\u043a\u0430\u043c\u0438 \u043a\u043e\u0442\u043e\u0440\u0430\u044f \u0443\u043c\u0435\u0435\u0442 \u043f\u0435\u0442\u044c \u043d\u0430 \u0430\u043d\u0433\u043b\u0438\u0439\u0441\u043a\u043e\u043c \u044f\u0437\u044b\u043a\u0435, \u0441\u0442\u0430\u043d\u0435\u0442 \u043e\u0442\u043b\u0438\u0447\u043d\u044b\u043c \u043f\u043e\u0434\u0430\u0440\u043a\u043e\u043c \u0434\u043b\u044f \u043b\u044e\u0431\u043e\u0439 \u0434\u0435\u0432\u043e\u0447\u043a\u0438! \u0423 \u043a\u0443\u043a\u043b\u044b \u043e\u0447\u0435\u043d\u044c \u043a\u0440\u0430\u0441\u0438\u0432\u043e\u0435 \u043c\u0438\u043b\u043e\u0432\u0438\u0434\u043d\u043e\u0435 \u043b\u0438\u0447\u0438\u043a\u043e, \u0434\u043b\u0438\u043d\u043d\u044b\u0435 \u0432\u043e\u043b\u043e\u0441\u044b. \u0411\u043b\u0430\u0433\u043e\u0434\u0430\u0440\u044f \u0433\u0443\u0441\u0442\u044b\u043c \u0438 \u0448\u0435\u043b\u043a\u043e\u0432\u0438\u0441\u0442\u044b\u043c \u0432\u043e\u043b\u043e\u0441\u0430\u043c \u043a\u0443\u043a\u043e\u043b\u043a\u0435 \u043c\u043e\u0436\u043d\u043e \u0434\u0435\u043b\u0430\u0442\u044c \u0432\u0441\u0435\u0432\u043e\u0437\u043c\u043e\u0436\u043d\u044b\u0435 \u043f\u0440\u0438\u0447\u0435\u0441\u043a\u0438. \u0420\u0430\u0437\u043c\u0435\u0440 \u043a\u0443\u043a\u043e\u043b\u043a\u0438 \u0441\u043e\u0441\u0442\u0430\u0432\u043b\u044f\u0435\u0442 47 \u0441\u043c.[trim][:ro_RO]O p\u0103pu\u0219\u0103 fermec\u0103toare \u00een pantalona\u0219i cu emoticoane care poate c\u00e2nta \u00een englez\u0103, va fi un [&hellip;]<\/p>\n","protected":false},"featured_media":49098,"comment_status":"open","ping_status":"closed","template":"","meta":{"_acf_changed":false},"product_brand":[],"product_cat":[6697],"product_tag":[],"class_list":{"0":"post-49099","1":"product","2":"type-product","3":"status-publish","4":"has-post-thumbnail","6":"product_cat-ru_ru-kukly-trim-ro_ro-p-pu","8":"first","9":"instock","10":"shipping-taxable","11":"purchasable","12":"product-type-simple"},"acf":[],"_links":{"self":[{"href":"https:\/\/minimax.md\/ru\/wp-json\/wp\/v2\/product\/49099","targetHints":{"allow":["GET"]}}],"collection":[{"href":"https:\/\/minimax.md\/ru\/wp-json\/wp\/v2\/product"}],"about":[{"href":"https:\/\/minimax.md\/ru\/wp-json\/wp\/v2\/types\/product"}],"replies":[{"embeddable":true,"href":"https:\/\/minimax.md\/ru\/wp-json\/wp\/v2\/comments?post=49099"}],"version-history":[{"count":0,"href":"https:\/\/minimax.md\/ru\/wp-json\/wp\/v2\/product\/49099\/revisions"}],"wp:featuredmedia":[{"embeddable":true,"href":"https:\/\/minimax.md\/ru\/wp-json\/wp\/v2\/media\/49098"}],"wp:attachment":[{"href":"https:\/\/minimax.md\/ru\/wp-json\/wp\/v2\/media?parent=49099"}],"wp:term":[{"taxonomy":"product_brand","embeddable":true,"href":"https:\/\/minimax.md\/ru\/wp-json\/wp\/v2\/product_brand?post=49099"},{"taxonomy":"product_cat","embeddable":true,"href":"https:\/\/minimax.md\/ru\/wp-json\/wp\/v2\/product_cat?post=49099"},{"taxonomy":"product_tag","embeddable":true,"href":"https:\/\/minimax.md\/ru\/wp-json\/wp\/v2\/product_tag?post=49099"}],"curies":[{"name":"wp","href":"https:\/\/api.w.org\/{rel}","templated":true}]}}