{"id":49116,"date":"2024-02-18T09:02:16","date_gmt":"2024-02-18T06:02:16","guid":{"rendered":"https:\/\/minimax.md\/product\/49116.html"},"modified":"2024-02-21T09:04:01","modified_gmt":"2024-02-21T06:04:01","slug":"ru_ru-detskaja-gladilnaja-doska-s-utjugom-trim-ro_ro-pilsan-mas-de-c-lcat-cu-fier-de-c-lcat","status":"publish","type":"product","link":"https:\/\/minimax.md\/ru\/product\/49116.html","title":{"rendered":"\u0414\u0435\u0442\u0441\u043a\u0430\u044f \u0433\u043b\u0430\u0434\u0438\u043b\u044c\u043d\u0430\u044f \u0434\u043e\u0441\u043a\u0430 \u0441 \u0443\u0442\u044e\u0433\u043e\u043c"},"content":{"rendered":"<p>[:ru_RU]\u0414\u0435\u0442\u0441\u043a\u0430\u044f \u0433\u043b\u0430\u0434\u0438\u043b\u044c\u043d\u0430\u044f \u0434\u043e\u0441\u043a\u0430 \u0441 \u0443\u0442\u044e\u0433\u043e\u043c \u2014 \u0438\u0434\u0435\u0430\u043b\u044c\u043d\u0430\u044f \u0438\u0433\u0440\u0443\u0448\u043a\u0430 \u0434\u043b\u044f \u043b\u044e\u0431\u043e\u0433\u043e \u0440\u0435\u0431\u0435\u043d\u043a\u0430 \u043e\u0442 3 \u043b\u0435\u0442.<\/p>\n<p> \t\u041a\u043e\u043c\u043f\u0430\u043a\u0442\u043d\u043e\u0435 \u0441\u043a\u043b\u0430\u0434\u044b\u0432\u0430\u043d\u0438\u0435 \u0434\u043b\u044f \u0443\u0434\u043e\u0431\u0441\u0442\u0432\u0430 \u0445\u0440\u0430\u043d\u0435\u043d\u0438\u044f<br \/>\n \t\u042d\u043b\u0435\u0433\u0430\u043d\u0442\u043d\u044b\u0439 \u044d\u0440\u0433\u043e\u043d\u043e\u043c\u0438\u0447\u043d\u044b\u0439 \u0434\u0438\u0437\u0430\u0439\u043d<br \/>\n \t\u0412 \u043a\u043e\u043c\u043f\u043b\u0435\u043a\u0442\u0435 \u0433\u043b\u0430\u0434\u0438\u043b\u044c\u043d\u0430\u044f \u0434\u043e\u0441\u043a\u0430, \u0443\u0442\u044e\u0433, \u043a\u0440\u044e\u0447\u043a\u0438 \u0434\u043b\u044f \u043e\u0434\u0435\u0436\u0434\u044b \u0438 \u0432\u0435\u0448\u0430\u043b\u043a\u0430.<br \/>\n \t\u0412\u043e \u0432\u0440\u0435\u043c\u044f \u0438\u0433\u0440\u044b \u043c\u0430\u043b\u044b\u0448\u0438 \u0440\u0430\u0437\u0432\u0438\u0432\u0430\u044e\u0442 \u0432\u043e\u043e\u0431\u0440\u0430\u0436\u0435\u043d\u0438\u0435 \u0438 \u0442\u0432\u043e\u0440\u0447\u0435\u0441\u043a\u0438\u0435 \u0441\u043f\u043e\u0441\u043e\u0431\u043d\u043e\u0441\u0442\u0438.<br \/>\n \t\u042d\u0442\u043e\u0442 \u043d\u0430\u0431\u043e\u0440 \u0438\u0437\u0433\u043e\u0442\u043e\u0432\u043b\u0435\u043d \u0432 \u0441\u043e\u043e\u0442\u0432\u0435\u0442\u0441\u0442\u0432\u0438\u0438 \u0441 \u0441\u0430\u043c\u044b\u043c\u0438 \u0432\u044b\u0441\u043e\u043a\u0438\u043c\u0438 \u0441\u0442\u0430\u043d\u0434\u0430\u0440\u0442\u0430\u043c\u0438 \u0431\u0435\u0437\u043e\u043f\u0430\u0441\u043d\u043e\u0441\u0442\u0438 \u0438\u0437 \u043a\u0430\u0447\u0435\u0441\u0442\u0432\u0435\u043d\u043d\u044b\u0445 \u043c\u0430\u0442\u0435\u0440\u0438\u0430\u043b\u043e\u0432.<br \/>\n \t\u0427\u0435\u0440\u0435\u0437 \u0438\u043d\u0442\u0435\u0440\u0430\u043a\u0442\u0438\u0432\u043d\u0443\u044e \u0438\u0433\u0440\u0443 \u043e\u043d \u0441\u043f\u043e\u0441\u043e\u0431\u0441\u0442\u0432\u0443\u0435\u0442 \u0440\u0430\u0437\u0432\u0438\u0442\u0438\u044e \u043e\u0431\u0449\u0438\u0445 \u0431\u044b\u0442\u043e\u0432\u044b\u0445 \u043d\u0430\u0432\u044b\u043a\u043e\u0432 \u0441 \u0440\u0430\u043d\u043d\u0435\u0433\u043e \u0432\u043e\u0437\u0440\u0430\u0441\u0442\u0430.<br \/>\n \t\u0418\u0437\u0433\u043e\u0442\u043e\u0432\u043b\u0435\u043d \u0438\u0437 \u0431\u0435\u0437\u043e\u043f\u0430\u0441\u043d\u044b\u0445 \u043c\u0430\u0442\u0435\u0440\u0438\u0430\u043b\u043e\u0432<br \/>\n \t\u0420\u0435\u043a\u043e\u043c\u0435\u043d\u0434\u0443\u0435\u043c\u044b\u0439 \u0432\u043e\u0437\u0440\u0430\u0441\u0442: 3 \u0433\u043e\u0434\u0430 +[trim][:ro_RO]<strong>Masa \u0219i fierul de c\u0103lcat Pilsan reprezinta o jucarie ideala pentru orice copil cu v\u00e2rsta de 3 ani.<\/strong><\/p>\n<ul>\n<li>Pliere compact\u0103 pentru a usura depozitarea<\/li>\n<li>Design elegant, ergonomic<\/li>\n<li>Include masa de c\u0103lcat, fier de c\u0103lcat, c\u00e2rlige pentru rufe \u0219i umera\u0219<\/li>\n<li>\u00cen timpul jocului, cei mici \u00ee\u0219i dezvolt\u0103 abilit\u0103\u021bile de imagina\u021bie \u0219i creativitate<\/li>\n<li>Acest set a fost realizat la cele mai \u00eenalte standarde de siguran\u021b\u0103, din materiale de calitate.<\/li>\n<li>Jocul interactiv, faciliteaza deprinderile uzuale casnice de la o v\u00e2rsta fraged\u0103<\/li>\n<li>Realizata din materiale sigure<\/li>\n<li>V\u00e2rsta recomandat\u0103: 3 ani +<\/li>\n<\/ul>\n","protected":false},"excerpt":{"rendered":"<p>[:ru_RU]\u0414\u0435\u0442\u0441\u043a\u0430\u044f \u0433\u043b\u0430\u0434\u0438\u043b\u044c\u043d\u0430\u044f \u0434\u043e\u0441\u043a\u0430 \u0441 \u0443\u0442\u044e\u0433\u043e\u043c \u2014 \u0438\u0434\u0435\u0430\u043b\u044c\u043d\u0430\u044f \u0438\u0433\u0440\u0443\u0448\u043a\u0430 \u0434\u043b\u044f \u043b\u044e\u0431\u043e\u0433\u043e \u0440\u0435\u0431\u0435\u043d\u043a\u0430 \u043e\u0442 3 \u043b\u0435\u0442. \u041a\u043e\u043c\u043f\u0430\u043a\u0442\u043d\u043e\u0435 \u0441\u043a\u043b\u0430\u0434\u044b\u0432\u0430\u043d\u0438\u0435 \u0434\u043b\u044f \u0443\u0434\u043e\u0431\u0441\u0442\u0432\u0430 \u0445\u0440\u0430\u043d\u0435\u043d\u0438\u044f \u042d\u043b\u0435\u0433\u0430\u043d\u0442\u043d\u044b\u0439 \u044d\u0440\u0433\u043e\u043d\u043e\u043c\u0438\u0447\u043d\u044b\u0439 \u0434\u0438\u0437\u0430\u0439\u043d \u0412 \u043a\u043e\u043c\u043f\u043b\u0435\u043a\u0442\u0435 \u0433\u043b\u0430\u0434\u0438\u043b\u044c\u043d\u0430\u044f \u0434\u043e\u0441\u043a\u0430, \u0443\u0442\u044e\u0433, \u043a\u0440\u044e\u0447\u043a\u0438 \u0434\u043b\u044f \u043e\u0434\u0435\u0436\u0434\u044b \u0438 \u0432\u0435\u0448\u0430\u043b\u043a\u0430. \u0412\u043e \u0432\u0440\u0435\u043c\u044f \u0438\u0433\u0440\u044b \u043c\u0430\u043b\u044b\u0448\u0438 \u0440\u0430\u0437\u0432\u0438\u0432\u0430\u044e\u0442 \u0432\u043e\u043e\u0431\u0440\u0430\u0436\u0435\u043d\u0438\u0435 \u0438 \u0442\u0432\u043e\u0440\u0447\u0435\u0441\u043a\u0438\u0435 \u0441\u043f\u043e\u0441\u043e\u0431\u043d\u043e\u0441\u0442\u0438. \u042d\u0442\u043e\u0442 \u043d\u0430\u0431\u043e\u0440 \u0438\u0437\u0433\u043e\u0442\u043e\u0432\u043b\u0435\u043d \u0432 \u0441\u043e\u043e\u0442\u0432\u0435\u0442\u0441\u0442\u0432\u0438\u0438 \u0441 \u0441\u0430\u043c\u044b\u043c\u0438 \u0432\u044b\u0441\u043e\u043a\u0438\u043c\u0438 \u0441\u0442\u0430\u043d\u0434\u0430\u0440\u0442\u0430\u043c\u0438 \u0431\u0435\u0437\u043e\u043f\u0430\u0441\u043d\u043e\u0441\u0442\u0438 \u0438\u0437 \u043a\u0430\u0447\u0435\u0441\u0442\u0432\u0435\u043d\u043d\u044b\u0445 \u043c\u0430\u0442\u0435\u0440\u0438\u0430\u043b\u043e\u0432. \u0427\u0435\u0440\u0435\u0437 [&hellip;]<\/p>\n","protected":false},"featured_media":49112,"comment_status":"open","ping_status":"closed","template":"","meta":{"_acf_changed":false},"product_brand":[],"product_cat":[6715],"product_tag":[],"class_list":{"0":"post-49116","1":"product","2":"type-product","3":"status-publish","4":"has-post-thumbnail","6":"product_cat-ru_ru-malenkie-hozjajki-tri","8":"first","9":"instock","10":"shipping-taxable","11":"purchasable","12":"product-type-simple"},"acf":[],"_links":{"self":[{"href":"https:\/\/minimax.md\/ru\/wp-json\/wp\/v2\/product\/49116","targetHints":{"allow":["GET"]}}],"collection":[{"href":"https:\/\/minimax.md\/ru\/wp-json\/wp\/v2\/product"}],"about":[{"href":"https:\/\/minimax.md\/ru\/wp-json\/wp\/v2\/types\/product"}],"replies":[{"embeddable":true,"href":"https:\/\/minimax.md\/ru\/wp-json\/wp\/v2\/comments?post=49116"}],"version-history":[{"count":0,"href":"https:\/\/minimax.md\/ru\/wp-json\/wp\/v2\/product\/49116\/revisions"}],"wp:featuredmedia":[{"embeddable":true,"href":"https:\/\/minimax.md\/ru\/wp-json\/wp\/v2\/media\/49112"}],"wp:attachment":[{"href":"https:\/\/minimax.md\/ru\/wp-json\/wp\/v2\/media?parent=49116"}],"wp:term":[{"taxonomy":"product_brand","embeddable":true,"href":"https:\/\/minimax.md\/ru\/wp-json\/wp\/v2\/product_brand?post=49116"},{"taxonomy":"product_cat","embeddable":true,"href":"https:\/\/minimax.md\/ru\/wp-json\/wp\/v2\/product_cat?post=49116"},{"taxonomy":"product_tag","embeddable":true,"href":"https:\/\/minimax.md\/ru\/wp-json\/wp\/v2\/product_tag?post=49116"}],"curies":[{"name":"wp","href":"https:\/\/api.w.org\/{rel}","templated":true}]}}