{"id":49123,"date":"2024-02-18T09:02:17","date_gmt":"2024-02-18T06:02:17","guid":{"rendered":"https:\/\/minimax.md\/product\/49123.html"},"modified":"2024-02-21T09:04:04","modified_gmt":"2024-02-21T06:04:04","slug":"ru_ru-pilsan-detskaja-kachelja-park-swing-trim-ro_ro-pilsan-leag-n-pentru-copii-park-swing","status":"publish","type":"product","link":"https:\/\/minimax.md\/ru\/product\/49123.html","title":{"rendered":"Pilsan \u0414\u0435\u0442\u0441\u043a\u0430\u044f \u043a\u0430\u0447\u0435\u043b\u044f Park Swing"},"content":{"rendered":"<p>[:ru_RU]K\u0430\u0447\u0435\u043b\u0438 \u201dPark Swing\u201d \u2014 \u044d\u0442\u043e \u043a\u043e\u043c\u043f\u0430\u043a\u0442\u043d\u044b\u0439 \u0438 \u0443\u0434\u043e\u0431\u043d\u044b\u0439 \u0432 \u043f\u0440\u0438\u043c\u0435\u043d\u0435\u043d\u0438\u0438 \u0432\u0430\u0440\u0438\u0430\u043d\u0442 \u043f\u043e\u0434\u0432\u0435\u0441\u043d\u044b\u0445 \u043a\u0430\u0447\u0435\u043b\u0435\u0439. \u041f\u043e\u0434\u0432\u0435\u0448\u0438\u0432\u0430\u044e\u0442\u0441\u044f \u0432 \u043b\u044e\u0431\u043e\u043c \u0443\u0434\u043e\u0431\u043d\u043e\u043c \u043c\u0435\u0441\u0442\u0435 (\u0432 \u0434\u043e\u043c\u0435 \u0438 \u043d\u0430 \u0443\u043b\u0438\u0446\u0435) \u043d\u0430 \u043f\u0440\u043e\u0447\u043d\u044b\u0445 \u043f\u043e\u043b\u0438\u043f\u0440\u043e\u043f\u0438\u043b\u0435\u043d\u043e\u0432\u044b\u0445 \u0432\u0435\u0440\u0435\u0432\u043a\u0430\u0445, \u0447\u0442\u043e \u043f\u043e\u0437\u0432\u043e\u043b\u044f\u0435\u0442 \u0432\u044b\u0434\u0435\u0440\u0436\u0438\u0432\u0430\u0442\u044c \u043d\u0430\u0433\u0440\u0443\u0437\u043a\u0443 \u0434\u043e 100 \u043a\u0433. \u041a\u0430\u0447\u0430\u043d\u0438\u0435 \u043e\u0431\u0435\u0441\u043f\u0435\u0447\u0438\u0432\u0430\u0435\u0442 \u0434\u0435\u0442\u044f\u043c \u0445\u043e\u0440\u043e\u0448\u0435\u0435 \u043d\u0430\u0441\u0442\u0440\u043e\u0435\u043d\u0438\u0435 \u0430 \u0442\u0430\u043a\u0436\u0435 \u043f\u0440\u0438\u043d\u043e\u0441\u0438\u0442 \u043f\u043e\u043b\u044c\u0437\u0443 \u0440\u0430\u0441\u0442\u0443\u0449\u0435\u043c\u0443 \u043e\u0440\u0433\u0430\u043d\u0438\u0437\u043c\u0443. \u041e\u043d\u043e \u0440\u0430\u0437\u0432\u0438\u0432\u0430\u0435\u0442 \u043a\u043e\u043e\u0440\u0434\u0438\u043d\u0430\u0446\u0438\u044e, \u0443\u043a\u0440\u0435\u043f\u043b\u044f\u0435\u0442 \u0432\u0435\u0441\u0442\u0438\u0431\u0443\u043b\u044f\u0440\u043d\u044b\u0439 \u0430\u043f\u043f\u0430\u0440\u0430\u0442 \u0438 \u0442\u0440\u0435\u043d\u0438\u0440\u0443\u0435\u0442 \u043c\u044b\u0448\u0446\u044b.<\/p>\n<p> \t\u0420\u0435\u043a\u043e\u043c\u0435\u043d\u0434\u0443\u0435\u043c\u044b\u0439 \u0432\u043e\u0437\u0440\u0430\u0441\u0442: 3+<br \/>\n \t\u041c\u0430\u043a\u0441\u0438\u043c\u0430\u043b\u044c\u043d\u0430\u044f \u043d\u0430\u0433\u0440\u0443\u0437\u043a\u0430: 100 \u043a\u0433<br \/>\n \t\u0414\u043b\u0438\u043d\u0430 \u0432\u0435\u0440\u0435\u0432\u043a\u0438 160 \u0441\u043c<br \/>\n \t\u041f\u0440\u043e\u0441\u0442\u0430\u044f \u0443\u0441\u0442\u0430\u043d\u043e\u0432\u043a\u0430<br \/>\n \t\u041f\u0440\u0435\u0434\u043d\u0430\u0437\u043d\u0430\u0447\u0435\u043d\u044b \u0434\u043b\u044f \u0438\u0441\u043f\u043e\u043b\u044c\u0437\u043e\u0432\u0430\u043d\u0438\u044f \u0432 \u043e\u0442\u043a\u0440\u044b\u0442\u044b\u0445 \u0438 \u0437\u0430\u043a\u0440\u044b\u0442\u044b\u0445 \u043f\u043e\u043c\u0435\u0449\u0435\u043d\u0438\u044f\u0445<br \/>\n \t\u041f\u0440\u043e\u0447\u043d\u044b\u0435 \u0438 \u043d\u0430\u0434\u0435\u0436\u043d\u044b\u0435<br \/>\n \t\u0412\u044b\u0441\u043e\u043a\u043e\u043a\u0430\u0447\u0435\u0441\u0442\u0432\u0435\u043d\u043d\u043e\u0435 \u0441\u044b\u0440\u044c\u0435, \u043a\u043e\u0442\u043e\u0440\u043e\u0435 \u043d\u0435 \u0441\u043e\u0434\u0435\u0440\u0436\u0438\u0442 \u043a\u0430\u043d\u0446\u0435\u0440\u043e\u0433\u0435\u043d\u043d\u044b\u0445 \u0432\u0435\u0449\u0435\u0441\u0442\u0432<br \/>\n \t\u0421\u0442\u0438\u043b\u044c\u043d\u044b\u0439 \u0432\u043d\u0435\u0448\u043d\u0438\u0439 \u0432\u0438\u0434 \u0438 \u044d\u0440\u0433\u043e\u043d\u043e\u043c\u0438\u0447\u043d\u044b\u0439 \u0434\u0438\u0437\u0430\u0439\u043d[trim][:ro_RO]Leag\u0103nul \u201dPark Swing\u201d are o construc\u021bie rezistent\u0103 ce admite greutatea maxim\u0103 de 100 kg \u0219i poate fi suspendat cu ajutorul fr\u00e2nghiilor flexibile at\u00e2t \u00een exterior c\u00e2t \u0219i \u00een interior. Leg\u0103natul garanteaz\u0103 copiilor o dispozi\u021bie bun\u0103 \u0219i, de asemenea, aduce beneficii organismului \u00een cre\u0219tere. Mi\u0219carea oscilant\u0103 dezvolt\u0103 coordonarea, \u00eent\u0103re\u0219te aparatul vestibular \u0219i antreneaz\u0103 mu\u0219chii.<\/p>\n<ul>\n<li style=\"list-style-type: none\">\n<ul>\n<li>V\u00e2rsta recomandat\u0103: 3+ ani<\/li>\n<li>Greutatea maxim\u0103 admis\u0103: 100 kg<\/li>\n<li>Lungimea fr\u00e2nghiei 160 cm<\/li>\n<li>Instalare u\u0219oar\u0103<\/li>\n<li>Durabil \u0219i fiabil<\/li>\n<li>Poate fi folosit in interior si exterior<\/li>\n<li>Aspect elegant \u0219i design ergonomic<\/li>\n<li>Materie prim\u0103 de cea mai \u00eenalt\u0103 calitate ce nu con\u021bine substan\u021be cancerigene<\/li>\n<\/ul>\n<\/li>\n<\/ul>\n","protected":false},"excerpt":{"rendered":"<p>[:ru_RU]K\u0430\u0447\u0435\u043b\u0438 \u201dPark Swing\u201d \u2014 \u044d\u0442\u043e \u043a\u043e\u043c\u043f\u0430\u043a\u0442\u043d\u044b\u0439 \u0438 \u0443\u0434\u043e\u0431\u043d\u044b\u0439 \u0432 \u043f\u0440\u0438\u043c\u0435\u043d\u0435\u043d\u0438\u0438 \u0432\u0430\u0440\u0438\u0430\u043d\u0442 \u043f\u043e\u0434\u0432\u0435\u0441\u043d\u044b\u0445 \u043a\u0430\u0447\u0435\u043b\u0435\u0439. \u041f\u043e\u0434\u0432\u0435\u0448\u0438\u0432\u0430\u044e\u0442\u0441\u044f \u0432 \u043b\u044e\u0431\u043e\u043c \u0443\u0434\u043e\u0431\u043d\u043e\u043c \u043c\u0435\u0441\u0442\u0435 (\u0432 \u0434\u043e\u043c\u0435 \u0438 \u043d\u0430 \u0443\u043b\u0438\u0446\u0435) \u043d\u0430 \u043f\u0440\u043e\u0447\u043d\u044b\u0445 \u043f\u043e\u043b\u0438\u043f\u0440\u043e\u043f\u0438\u043b\u0435\u043d\u043e\u0432\u044b\u0445 \u0432\u0435\u0440\u0435\u0432\u043a\u0430\u0445, \u0447\u0442\u043e \u043f\u043e\u0437\u0432\u043e\u043b\u044f\u0435\u0442 \u0432\u044b\u0434\u0435\u0440\u0436\u0438\u0432\u0430\u0442\u044c \u043d\u0430\u0433\u0440\u0443\u0437\u043a\u0443 \u0434\u043e 100 \u043a\u0433. \u041a\u0430\u0447\u0430\u043d\u0438\u0435 \u043e\u0431\u0435\u0441\u043f\u0435\u0447\u0438\u0432\u0430\u0435\u0442 \u0434\u0435\u0442\u044f\u043c \u0445\u043e\u0440\u043e\u0448\u0435\u0435 \u043d\u0430\u0441\u0442\u0440\u043e\u0435\u043d\u0438\u0435 \u0430 \u0442\u0430\u043a\u0436\u0435 \u043f\u0440\u0438\u043d\u043e\u0441\u0438\u0442 \u043f\u043e\u043b\u044c\u0437\u0443 \u0440\u0430\u0441\u0442\u0443\u0449\u0435\u043c\u0443 \u043e\u0440\u0433\u0430\u043d\u0438\u0437\u043c\u0443. \u041e\u043d\u043e \u0440\u0430\u0437\u0432\u0438\u0432\u0430\u0435\u0442 \u043a\u043e\u043e\u0440\u0434\u0438\u043d\u0430\u0446\u0438\u044e, \u0443\u043a\u0440\u0435\u043f\u043b\u044f\u0435\u0442 \u0432\u0435\u0441\u0442\u0438\u0431\u0443\u043b\u044f\u0440\u043d\u044b\u0439 \u0430\u043f\u043f\u0430\u0440\u0430\u0442 \u0438 \u0442\u0440\u0435\u043d\u0438\u0440\u0443\u0435\u0442 \u043c\u044b\u0448\u0446\u044b. \u0420\u0435\u043a\u043e\u043c\u0435\u043d\u0434\u0443\u0435\u043c\u044b\u0439 [&hellip;]<\/p>\n","protected":false},"featured_media":0,"comment_status":"open","ping_status":"closed","template":"","meta":{"_acf_changed":false},"product_brand":[],"product_cat":[6797],"product_tag":[],"class_list":{"0":"post-49123","1":"product","2":"type-product","3":"status-publish","5":"product_cat-ru_ru-kacheli-i-kachalki-tr","7":"first","8":"instock","9":"shipping-taxable","10":"purchasable","11":"product-type-simple"},"acf":[],"_links":{"self":[{"href":"https:\/\/minimax.md\/ru\/wp-json\/wp\/v2\/product\/49123","targetHints":{"allow":["GET"]}}],"collection":[{"href":"https:\/\/minimax.md\/ru\/wp-json\/wp\/v2\/product"}],"about":[{"href":"https:\/\/minimax.md\/ru\/wp-json\/wp\/v2\/types\/product"}],"replies":[{"embeddable":true,"href":"https:\/\/minimax.md\/ru\/wp-json\/wp\/v2\/comments?post=49123"}],"version-history":[{"count":0,"href":"https:\/\/minimax.md\/ru\/wp-json\/wp\/v2\/product\/49123\/revisions"}],"wp:attachment":[{"href":"https:\/\/minimax.md\/ru\/wp-json\/wp\/v2\/media?parent=49123"}],"wp:term":[{"taxonomy":"product_brand","embeddable":true,"href":"https:\/\/minimax.md\/ru\/wp-json\/wp\/v2\/product_brand?post=49123"},{"taxonomy":"product_cat","embeddable":true,"href":"https:\/\/minimax.md\/ru\/wp-json\/wp\/v2\/product_cat?post=49123"},{"taxonomy":"product_tag","embeddable":true,"href":"https:\/\/minimax.md\/ru\/wp-json\/wp\/v2\/product_tag?post=49123"}],"curies":[{"name":"wp","href":"https:\/\/api.w.org\/{rel}","templated":true}]}}