{"id":49127,"date":"2024-02-18T09:02:17","date_gmt":"2024-02-18T06:02:17","guid":{"rendered":"https:\/\/minimax.md\/product\/49127.html"},"modified":"2024-03-13T00:18:12","modified_gmt":"2024-03-12T21:18:12","slug":"ru_ru-basketbolnyj-shhit-s-korzinoj-professional-basketball-trim-ro_ro-panou-cu-co-de-baschet-professional-basketball","status":"publish","type":"product","link":"https:\/\/minimax.md\/ru\/product\/49127.html","title":{"rendered":"\u0411\u0430\u0441\u043a\u0435\u0442\u0431\u043e\u043b\u044c\u043d\u044b\u0439 \u0449\u0438\u0442 \u0441 \u043a\u043e\u0440\u0437\u0438\u043d\u043e\u0439 \u201dProfessional Basketball\u201d"},"content":{"rendered":"<p>[:ru_RU]\u041f\u0440\u043e\u0444\u0435\u0441\u0441\u0438\u043e\u043d\u0430\u043b\u044c\u043d\u043e\u0435 \u0431\u0430\u0441\u043a\u0435\u0442\u0431\u043e\u043b\u044c\u043d\u043e\u0435 \u043a\u043e\u043b\u044c\u0446\u043e Pilsan (03389) \u043c\u043e\u0436\u043d\u043e \u0438\u0441\u043f\u043e\u043b\u044c\u0437\u043e\u0432\u0430\u0442\u044c \u043a\u0430\u043a \u0432 \u0437\u0430\u043a\u0440\u044b\u0442\u043e\u043c \u043f\u043e\u043c\u0435\u0449\u0435\u043d\u0438\u0438, \u0442\u0430\u043a \u0438 \u043d\u0430 \u0443\u043b\u0438\u0446\u0435, \u043e\u043d\u043e \u043d\u0430\u0434\u0435\u0436\u043d\u043e \u043a\u0440\u0435\u043f\u0438\u0442\u0441\u044f \u043d\u0430 \u0441\u0442\u0435\u043d\u0443 \u043d\u0430 \u043d\u0435\u043e\u0431\u0445\u043e\u0434\u0438\u043c\u043e\u0439 \u0432\u044b\u0441\u043e\u0442\u0435. \u0411\u0430\u0441\u043a\u0435\u0442\u0431\u043e\u043b\u044c\u043d\u043e\u0435 \u043a\u043e\u043b\u044c\u0446\u043e \u0440\u0430\u0441\u0441\u0447\u0438\u0442\u0430\u043d\u043e \u043d\u0430 \u0438\u0441\u043f\u043e\u043b\u044c\u0437\u043e\u0432\u0430\u043d\u0438\u0435 \u0434\u0435\u0442\u044c\u043c\u0438 \u043e\u0442 3-\u0445 \u043b\u0435\u0442. \u0421\u0442\u0430\u043d\u0434\u0430\u0440\u0442\u044b \u043a\u0430\u0447\u0435\u0441\u0442\u0432\u0430 \u0438 \u0431\u0435\u0437\u043e\u043f\u0430\u0441\u043d\u043e\u0441\u0442\u0438 \u0432\u043e\u043f\u043b\u043e\u0449\u0430\u044e\u0442\u0441\u044f \u0432 \u0438\u0441\u043f\u043e\u043b\u044c\u0437\u043e\u0432\u0430\u043d\u0438\u0438 \u044d\u043a\u043e\u043b\u043e\u0433\u0438\u0447\u043d\u044b\u0445 \u043c\u0430\u0442\u0435\u0440\u0438\u0430\u043b\u043e\u0432, \u0438\u0437 \u043a\u043e\u0442\u043e\u0440\u044b\u0445 \u0438\u0437\u0433\u043e\u0442\u043e\u0432\u043b\u0435\u043d\u043e \u043a\u043e\u043b\u044c\u0446\u043e, \u0432 \u0435\u0433\u043e \u043f\u0440\u043e\u0447\u043d\u043e\u0441\u0442\u0438 \u0438 \u043f\u0440\u043e\u0441\u0442\u043e\u0442\u0435 \u043f\u0440\u0438\u043c\u0435\u043d\u0435\u043d\u0438\u044f. \u042f\u0440\u043a\u0430\u044f, \u043d\u043e \u0432\u043c\u0435\u0441\u0442\u0435 \u0441 \u0442\u0435\u043c \u043b\u0430\u043a\u043e\u043d\u0438\u0447\u043d\u0430\u044f, \u0440\u0430\u0441\u0446\u0432\u0435\u0442\u043a\u0430 \u043f\u043e \u0434\u043e\u0441\u0442\u043e\u0438\u043d\u0441\u0442\u0432\u0443 \u0431\u0443\u0434\u0435\u0442 \u043e\u0446\u0435\u043d\u0435\u043d\u0430 \u044e\u043d\u044b\u043c\u0438 \u0441\u043f\u043e\u0440\u0442\u0441\u043c\u0435\u043d\u0430\u043c\u0438 \u0438 \u043f\u043e\u0437\u0432\u043e\u043b\u0438\u0442 \u043a\u043e\u043b\u044c\u0446\u0443 \u0433\u0430\u0440\u043c\u043e\u043d\u0438\u0447\u043d\u043e \u0432\u043f\u0438\u0441\u0430\u0442\u044c \u0432 \u043b\u044e\u0431\u043e\u0439 \u0438\u043d\u0442\u0435\u0440\u044c\u0435\u0440.<\/p>\n<p>\u041d\u0430\u043b\u0438\u0447\u0438\u0435 \u0431\u0430\u0441\u043a\u0435\u0442\u0431\u043e\u043b\u044c\u043d\u043e\u0439 \u0441\u0442\u043e\u0439\u043a\u0438 \u0441\u043e \u0449\u0438\u0442\u043e\u043c \u0441\u043f\u043e\u0441\u043e\u0431\u0441\u0442\u0432\u0443\u0435\u0442 \u0444\u0438\u0437\u0438\u0447\u0435\u0441\u043a\u043e\u043c\u0443 \u0440\u0430\u0437\u0432\u0438\u0442\u0438\u044e \u0440\u0435\u0431\u0435\u043d\u043a\u0430, \u0442\u0440\u0435\u043d\u0438\u0440\u043e\u0432\u043a\u0438 \u043b\u043e\u0432\u043a\u043e\u0441\u0442\u0438, \u0442\u043e\u0447\u043d\u043e\u0441\u0442\u0438, \u0433\u043b\u0430\u0437\u043e\u043c\u0435\u0440\u0430 \u0438 \u043f\u043e\u0434\u0432\u0438\u0436\u043d\u043e\u0441\u0442\u0438 \u0432\u0441\u0435\u0445 \u0433\u0440\u0443\u043f\u043f \u0441\u0443\u0441\u0442\u0430\u0432\u043e\u0432.<\/p>\n<p> \t\u0420\u0435\u043a\u043e\u043c\u0435\u043d\u0434\u0443\u0435\u043c\u044b\u0439 \u0432\u043e\u0437\u0440\u0430\u0441\u0442 3+<br \/>\n \t\u0412\u043e\u0437\u043c\u043e\u0436\u043d\u043e\u0441\u0442\u044c \u0438\u0441\u043f\u043e\u043b\u044c\u0437\u043e\u0432\u0430\u043d\u0438\u044f \u0432 \u043e\u0442\u043a\u0440\u044b\u0442\u044b\u0445 \u0438 \u0437\u0430\u043a\u0440\u044b\u0442\u044b\u0445 \u043f\u043e\u043c\u0435\u0449\u0435\u043d\u0438\u044f\u0445<br \/>\n \t\u041f\u0440\u043e\u0441\u0442\u0430\u044f \u0443\u0441\u0442\u0430\u043d\u043e\u0432\u043a\u0430<br \/>\n \t\u041f\u0440\u043e\u0447\u043d\u044b\u0439 \u0438 \u043d\u0430\u0434\u0435\u0436\u043d\u044b\u0439<br \/>\n \t\u042d\u0440\u0433\u043e\u043d\u043e\u043c\u0438\u0447\u043d\u044b\u0439 \u0434\u0438\u0437\u0430\u0439\u043d<br \/>\n \t\u0412\u044b\u0441\u043e\u043a\u043e\u043a\u0430\u0447\u0435\u0441\u0442\u0432\u0435\u043d\u043d\u043e\u0435 \u0441\u044b\u0440\u044c\u0435, \u043a\u043e\u0442\u043e\u0440\u043e\u0435 \u043d\u0435 \u0441\u043e\u0434\u0435\u0440\u0436\u0438\u0442 \u043a\u0430\u043d\u0446\u0435\u0440\u043e\u0433\u0435\u043d\u043d\u044b\u0445 \u0432\u0435\u0449\u0435\u0441\u0442\u0432[trim][:ro_RO]Panoul cu co\u0219 de baschet \u201dProfessional Basketball\u201d Pilsan (03389) poate fi folosit at\u00e2t \u00een interior c\u00e2t \u0219i \u00een exterior, se fixeaz\u0103 \u00een siguran\u021b\u0103 de perete la \u00een\u0103l\u021bimea dorit\u0103. Cercul de basket este proiectat pentru a fi utilizat de copiii cu v\u00e2rsta de peste 3 ani. Standardele de calitate \u0219i siguran\u021b\u0103 sunt \u00eentruchipate \u00een utilizarea materialelor ecologice din care este fabricat inelul, prin rezisten\u021ba \u0219i u\u0219urin\u021ba de utilizare. Luminoas\u0103, dar \u00een acela\u0219i timp concis\u0103, colorarea va fi apreciat\u0103 de tinerii sportivi \u0219i va permite inelul s\u0103 se potriveasc\u0103 armonios \u00een orice interior.<\/p>\n<ul>\n<li>V\u00e2rsta recomandat\u0103: 3+ ani<\/li>\n<li>Poate fi folosit \u00een interior \u0219i exterior<\/li>\n<li>Instalare u\u0219oar\u0103<\/li>\n<li>Durabil \u0219i fiabil<\/li>\n<li>Aspect elegant \u0219i design ergonomic<\/li>\n<li>Materie prim\u0103 de cea mai \u00eenalt\u0103 calitate ce nu con\u021bine substan\u021be cancerigene<\/li>\n<\/ul>\n","protected":false},"excerpt":{"rendered":"<p>[:ru_RU]\u041f\u0440\u043e\u0444\u0435\u0441\u0441\u0438\u043e\u043d\u0430\u043b\u044c\u043d\u043e\u0435 \u0431\u0430\u0441\u043a\u0435\u0442\u0431\u043e\u043b\u044c\u043d\u043e\u0435 \u043a\u043e\u043b\u044c\u0446\u043e Pilsan (03389) \u043c\u043e\u0436\u043d\u043e \u0438\u0441\u043f\u043e\u043b\u044c\u0437\u043e\u0432\u0430\u0442\u044c \u043a\u0430\u043a \u0432 \u0437\u0430\u043a\u0440\u044b\u0442\u043e\u043c \u043f\u043e\u043c\u0435\u0449\u0435\u043d\u0438\u0438, \u0442\u0430\u043a \u0438 \u043d\u0430 \u0443\u043b\u0438\u0446\u0435, \u043e\u043d\u043e \u043d\u0430\u0434\u0435\u0436\u043d\u043e \u043a\u0440\u0435\u043f\u0438\u0442\u0441\u044f \u043d\u0430 \u0441\u0442\u0435\u043d\u0443 \u043d\u0430 \u043d\u0435\u043e\u0431\u0445\u043e\u0434\u0438\u043c\u043e\u0439 \u0432\u044b\u0441\u043e\u0442\u0435. \u0411\u0430\u0441\u043a\u0435\u0442\u0431\u043e\u043b\u044c\u043d\u043e\u0435 \u043a\u043e\u043b\u044c\u0446\u043e \u0440\u0430\u0441\u0441\u0447\u0438\u0442\u0430\u043d\u043e \u043d\u0430 \u0438\u0441\u043f\u043e\u043b\u044c\u0437\u043e\u0432\u0430\u043d\u0438\u0435 \u0434\u0435\u0442\u044c\u043c\u0438 \u043e\u0442 3-\u0445 \u043b\u0435\u0442. \u0421\u0442\u0430\u043d\u0434\u0430\u0440\u0442\u044b \u043a\u0430\u0447\u0435\u0441\u0442\u0432\u0430 \u0438 \u0431\u0435\u0437\u043e\u043f\u0430\u0441\u043d\u043e\u0441\u0442\u0438 \u0432\u043e\u043f\u043b\u043e\u0449\u0430\u044e\u0442\u0441\u044f \u0432 \u0438\u0441\u043f\u043e\u043b\u044c\u0437\u043e\u0432\u0430\u043d\u0438\u0438 \u044d\u043a\u043e\u043b\u043e\u0433\u0438\u0447\u043d\u044b\u0445 \u043c\u0430\u0442\u0435\u0440\u0438\u0430\u043b\u043e\u0432, \u0438\u0437 \u043a\u043e\u0442\u043e\u0440\u044b\u0445 \u0438\u0437\u0433\u043e\u0442\u043e\u0432\u043b\u0435\u043d\u043e \u043a\u043e\u043b\u044c\u0446\u043e, \u0432 \u0435\u0433\u043e \u043f\u0440\u043e\u0447\u043d\u043e\u0441\u0442\u0438 \u0438 \u043f\u0440\u043e\u0441\u0442\u043e\u0442\u0435 \u043f\u0440\u0438\u043c\u0435\u043d\u0435\u043d\u0438\u044f. \u042f\u0440\u043a\u0430\u044f, \u043d\u043e \u0432\u043c\u0435\u0441\u0442\u0435 \u0441 [&hellip;]<\/p>\n","protected":false},"featured_media":49124,"comment_status":"open","ping_status":"closed","template":"","meta":{"_acf_changed":false},"product_brand":[],"product_cat":[6701],"product_tag":[],"class_list":{"0":"post-49127","1":"product","2":"type-product","3":"status-publish","4":"has-post-thumbnail","6":"product_cat-ru_ru-sportivnyj-inventar-t","8":"first","9":"instock","10":"shipping-taxable","11":"purchasable","12":"product-type-simple"},"acf":[],"_links":{"self":[{"href":"https:\/\/minimax.md\/ru\/wp-json\/wp\/v2\/product\/49127","targetHints":{"allow":["GET"]}}],"collection":[{"href":"https:\/\/minimax.md\/ru\/wp-json\/wp\/v2\/product"}],"about":[{"href":"https:\/\/minimax.md\/ru\/wp-json\/wp\/v2\/types\/product"}],"replies":[{"embeddable":true,"href":"https:\/\/minimax.md\/ru\/wp-json\/wp\/v2\/comments?post=49127"}],"version-history":[{"count":0,"href":"https:\/\/minimax.md\/ru\/wp-json\/wp\/v2\/product\/49127\/revisions"}],"wp:featuredmedia":[{"embeddable":true,"href":"https:\/\/minimax.md\/ru\/wp-json\/wp\/v2\/media\/49124"}],"wp:attachment":[{"href":"https:\/\/minimax.md\/ru\/wp-json\/wp\/v2\/media?parent=49127"}],"wp:term":[{"taxonomy":"product_brand","embeddable":true,"href":"https:\/\/minimax.md\/ru\/wp-json\/wp\/v2\/product_brand?post=49127"},{"taxonomy":"product_cat","embeddable":true,"href":"https:\/\/minimax.md\/ru\/wp-json\/wp\/v2\/product_cat?post=49127"},{"taxonomy":"product_tag","embeddable":true,"href":"https:\/\/minimax.md\/ru\/wp-json\/wp\/v2\/product_tag?post=49127"}],"curies":[{"name":"wp","href":"https:\/\/api.w.org\/{rel}","templated":true}]}}