{"id":49136,"date":"2024-02-18T09:02:18","date_gmt":"2024-02-18T06:02:18","guid":{"rendered":"https:\/\/minimax.md\/product\/49136.html"},"modified":"2024-03-13T00:18:12","modified_gmt":"2024-03-12T21:18:12","slug":"ru_ru-konstruktor-master-blocks-110-detalej-trim-ro_ro-set-de-construc-ie-master-blocks-110-piese","status":"publish","type":"product","link":"https:\/\/minimax.md\/ru\/product\/49136.html","title":{"rendered":"\u041a\u043e\u043d\u0441\u0442\u0440\u0443\u043a\u0442\u043e\u0440 \u00abMaster Blocks\u00bb (110 \u0434\u0435\u0442\u0430\u043b\u0435\u0439)"},"content":{"rendered":"<p>[:ru_RU]\u0423\u0432\u043b\u0435\u043a\u0430\u0442\u0435\u043b\u044c\u043d\u044b\u0439 \u0438 \u0440\u0430\u0437\u0432\u0438\u0432\u0430\u044e\u0449\u0438\u0439 \u043a\u043e\u043d\u0441\u0442\u0440\u0443\u043a\u0442\u043e\u0440 \u043f\u0440\u0435\u0434\u0441\u0442\u0430\u0432\u043b\u044f\u0435\u0442 \u0441\u043e\u0431\u043e\u0439 110 \u044f\u0440\u043a\u0438\u0445 \u0446\u0432\u0435\u0442\u043d\u044b\u0445 \u0434\u0435\u0442\u0430\u043b\u0435\u0439 \u0440\u0430\u0437\u043d\u044b\u0445 \u0444\u043e\u0440\u043c \u0441 \u043f\u0430\u0437\u0430\u043c\u0438, \u0432 \u043f\u043b\u0430\u0441\u0442\u0438\u043a\u043e\u0432\u043e\u0439 \u043a\u043e\u0440\u043e\u0431\u043a\u0435. \u0421 \u043f\u043e\u043c\u043e\u0449\u044c\u044e \u044d\u043b\u0435\u043c\u0435\u043d\u0442\u043e\u0432 \u0438\u0437 \u043d\u0430\u0431\u043e\u0440\u0430 \u043c\u043e\u0436\u043d\u043e \u0441\u0442\u0440\u043e\u0438\u0442\u044c \u0436\u0438\u0432\u043e\u0442\u043d\u044b\u0445, \u043c\u0430\u0448\u0438\u043d \u0438 \u0434\u0440\u0443\u0433\u0438\u0435 \u043f\u0440\u0435\u0434\u043c\u0435\u0442\u044b \u0434\u043b\u044f \u0438\u0433\u0440\u044b. \u0414\u0430\u043d\u043d\u044b\u0439 \u043a\u043e\u043d\u0441\u0442\u0440\u0443\u043a\u0442\u043e\u0440 \u0441\u043f\u043e\u0441\u043e\u0431\u0441\u0442\u0432\u0443\u0435\u0442 \u0440\u0430\u0437\u0432\u0438\u0442\u0438\u044e \u0438\u043d\u0442\u0435\u043b\u043b\u0435\u043a\u0442\u0430, \u0432\u043e\u043e\u0431\u0440\u0430\u0436\u0435\u043d\u0438\u044f \u0438 \u0442\u0432\u043e\u0440\u0447\u0435\u0441\u0442\u0432\u0430 \u0440\u0435\u0431\u0435\u043d\u043a\u0430.<\/p>\n<p> \t\u0420\u0435\u043a\u043e\u043c\u0435\u043d\u0434\u0443\u0435\u043c\u044b\u0439 \u0432\u043e\u0437\u0440\u0430\u0441\u0442: 12+ \u043c\u0435\u0441.<br \/>\n \t\u041a\u0440\u0443\u043f\u043d\u044b\u0435 \u0434\u0435\u0442\u0430\u043b\u0438 \u043a\u043e\u043d\u0441\u0442\u0440\u0443\u043a\u0442\u043e\u0440\u0430 \u0438\u0437\u0433\u043e\u0442\u043e\u0432\u043b\u0435\u043d\u044b \u0438\u0437 \u043f\u0440\u043e\u0447\u043d\u043e\u0433\u043e \u043f\u043b\u0430\u0441\u0442\u0438\u043a\u0430<br \/>\n \t\u042d\u043b\u0435\u0433\u0430\u043d\u0442\u043d\u044b\u0439 \u0438 \u044d\u0440\u0433\u043e\u043d\u043e\u043c\u0438\u0447\u043d\u044b\u0439 \u0434\u0438\u0437\u0430\u0439\u043d<br \/>\n \t\u0412\u044b\u0441\u043e\u043a\u043e\u043a\u0430\u0447\u0435\u0441\u0442\u0432\u0435\u043d\u043d\u043e\u0435 \u0441\u044b\u0440\u044c\u0435, \u043a\u043e\u0442\u043e\u0440\u043e\u0435 \u043d\u0435 \u0441\u043e\u0434\u0435\u0440\u0436\u0438\u0442 \u043a\u0430\u043d\u0446\u0435\u0440\u043e\u0433\u0435\u043d\u043d\u044b\u0445 \u0432\u0435\u0449\u0435\u0441\u0442\u0432[trim][:ro_RO]Setul de construc\u021bie din 110 piese multicolore depozitate \u00eentr-o cutie din plastic, reprezint\u0103 un mod inedit de a dezvolta inteligen\u021ba copilului prin jocul de construc\u021bii. Cuburile de construit sunt ideale pentru a-i ajuta pe cei mici s\u0103 asimileze concepte simple legate de culori, forme \u0219i m\u0103rimi, dezvolt\u00e2ndu-le astfel imagina\u021bia \u0219i creativitatea.<\/p>\n<ul>\n<li>V\u00e2rsta recomandat\u0103: 12+ luni<\/li>\n<li>Piese mari din plastic durabil si de calitate<\/li>\n<li>Design elegant si ergonomic<\/li>\n<li>Materie prim\u0103 de cea mai \u00eenalt\u0103 calitate ce nu con\u021bine substan\u021be cancerigene<\/li>\n<\/ul>\n","protected":false},"excerpt":{"rendered":"<p>[:ru_RU]\u0423\u0432\u043b\u0435\u043a\u0430\u0442\u0435\u043b\u044c\u043d\u044b\u0439 \u0438 \u0440\u0430\u0437\u0432\u0438\u0432\u0430\u044e\u0449\u0438\u0439 \u043a\u043e\u043d\u0441\u0442\u0440\u0443\u043a\u0442\u043e\u0440 \u043f\u0440\u0435\u0434\u0441\u0442\u0430\u0432\u043b\u044f\u0435\u0442 \u0441\u043e\u0431\u043e\u0439 110 \u044f\u0440\u043a\u0438\u0445 \u0446\u0432\u0435\u0442\u043d\u044b\u0445 \u0434\u0435\u0442\u0430\u043b\u0435\u0439 \u0440\u0430\u0437\u043d\u044b\u0445 \u0444\u043e\u0440\u043c \u0441 \u043f\u0430\u0437\u0430\u043c\u0438, \u0432 \u043f\u043b\u0430\u0441\u0442\u0438\u043a\u043e\u0432\u043e\u0439 \u043a\u043e\u0440\u043e\u0431\u043a\u0435. \u0421 \u043f\u043e\u043c\u043e\u0449\u044c\u044e \u044d\u043b\u0435\u043c\u0435\u043d\u0442\u043e\u0432 \u0438\u0437 \u043d\u0430\u0431\u043e\u0440\u0430 \u043c\u043e\u0436\u043d\u043e \u0441\u0442\u0440\u043e\u0438\u0442\u044c \u0436\u0438\u0432\u043e\u0442\u043d\u044b\u0445, \u043c\u0430\u0448\u0438\u043d \u0438 \u0434\u0440\u0443\u0433\u0438\u0435 \u043f\u0440\u0435\u0434\u043c\u0435\u0442\u044b \u0434\u043b\u044f \u0438\u0433\u0440\u044b. \u0414\u0430\u043d\u043d\u044b\u0439 \u043a\u043e\u043d\u0441\u0442\u0440\u0443\u043a\u0442\u043e\u0440 \u0441\u043f\u043e\u0441\u043e\u0431\u0441\u0442\u0432\u0443\u0435\u0442 \u0440\u0430\u0437\u0432\u0438\u0442\u0438\u044e \u0438\u043d\u0442\u0435\u043b\u043b\u0435\u043a\u0442\u0430, \u0432\u043e\u043e\u0431\u0440\u0430\u0436\u0435\u043d\u0438\u044f \u0438 \u0442\u0432\u043e\u0440\u0447\u0435\u0441\u0442\u0432\u0430 \u0440\u0435\u0431\u0435\u043d\u043a\u0430. \u0420\u0435\u043a\u043e\u043c\u0435\u043d\u0434\u0443\u0435\u043c\u044b\u0439 \u0432\u043e\u0437\u0440\u0430\u0441\u0442: 12+ \u043c\u0435\u0441. \u041a\u0440\u0443\u043f\u043d\u044b\u0435 \u0434\u0435\u0442\u0430\u043b\u0438 \u043a\u043e\u043d\u0441\u0442\u0440\u0443\u043a\u0442\u043e\u0440\u0430 \u0438\u0437\u0433\u043e\u0442\u043e\u0432\u043b\u0435\u043d\u044b \u0438\u0437 \u043f\u0440\u043e\u0447\u043d\u043e\u0433\u043e \u043f\u043b\u0430\u0441\u0442\u0438\u043a\u0430 \u042d\u043b\u0435\u0433\u0430\u043d\u0442\u043d\u044b\u0439 \u0438 \u044d\u0440\u0433\u043e\u043d\u043e\u043c\u0438\u0447\u043d\u044b\u0439 \u0434\u0438\u0437\u0430\u0439\u043d [&hellip;]<\/p>\n","protected":false},"featured_media":49130,"comment_status":"open","ping_status":"closed","template":"","meta":{"_acf_changed":false},"product_brand":[],"product_cat":[6711],"product_tag":[],"class_list":{"0":"post-49136","1":"product","2":"type-product","3":"status-publish","4":"has-post-thumbnail","6":"product_cat-ru_ru-konstruktory-trim-ro_","8":"first","9":"instock","10":"shipping-taxable","11":"purchasable","12":"product-type-simple"},"acf":[],"_links":{"self":[{"href":"https:\/\/minimax.md\/ru\/wp-json\/wp\/v2\/product\/49136","targetHints":{"allow":["GET"]}}],"collection":[{"href":"https:\/\/minimax.md\/ru\/wp-json\/wp\/v2\/product"}],"about":[{"href":"https:\/\/minimax.md\/ru\/wp-json\/wp\/v2\/types\/product"}],"replies":[{"embeddable":true,"href":"https:\/\/minimax.md\/ru\/wp-json\/wp\/v2\/comments?post=49136"}],"version-history":[{"count":0,"href":"https:\/\/minimax.md\/ru\/wp-json\/wp\/v2\/product\/49136\/revisions"}],"wp:featuredmedia":[{"embeddable":true,"href":"https:\/\/minimax.md\/ru\/wp-json\/wp\/v2\/media\/49130"}],"wp:attachment":[{"href":"https:\/\/minimax.md\/ru\/wp-json\/wp\/v2\/media?parent=49136"}],"wp:term":[{"taxonomy":"product_brand","embeddable":true,"href":"https:\/\/minimax.md\/ru\/wp-json\/wp\/v2\/product_brand?post=49136"},{"taxonomy":"product_cat","embeddable":true,"href":"https:\/\/minimax.md\/ru\/wp-json\/wp\/v2\/product_cat?post=49136"},{"taxonomy":"product_tag","embeddable":true,"href":"https:\/\/minimax.md\/ru\/wp-json\/wp\/v2\/product_tag?post=49136"}],"curies":[{"name":"wp","href":"https:\/\/api.w.org\/{rel}","templated":true}]}}