{"id":49154,"date":"2024-02-18T09:02:28","date_gmt":"2024-02-18T06:02:28","guid":{"rendered":"https:\/\/minimax.md\/product\/49154.html"},"modified":"2024-02-21T09:03:46","modified_gmt":"2024-02-21T06:03:46","slug":"ru_ru-nasekomye-12-vidov-trim-ro_ro-insecte-12-specii","status":"publish","type":"product","link":"https:\/\/minimax.md\/ru\/product\/49154.html","title":{"rendered":"\u041d\u0430\u0441\u0435\u043a\u043e\u043c\u044b\u0435 (12 \u0432\u0438\u0434\u043e\u0432)"},"content":{"rendered":"<p>[:ru_RU]\u0420\u0435\u0430\u043b\u0438\u0441\u0442\u0438\u0447\u043d\u0430\u044f \u043a\u043e\u043b\u043b\u0435\u043a\u0446\u0438\u044f \u043d\u0430\u0441\u0435\u043a\u043e\u043c\u044b\u0445 \u0441 5 \u043a\u043e\u043d\u0442\u0438\u043d\u0435\u043d\u0442\u043e\u0432. <\/p>\n<p>\u0424\u0438\u0433\u0443\u0440\u043a\u0438 \u043d\u0430\u0441\u0435\u043a\u043e\u043c\u044b\u0445 \u0432\u044b\u0433\u043b\u044f\u0434\u044f\u0442 \u0440\u0435\u0430\u043b\u0438\u0441\u0442\u0438\u0447\u043d\u043e, \u0447\u0442\u043e\u0431\u044b \u0440\u0435\u0431\u0451\u043d\u043e\u043a \u0438\u0433\u0440\u0430\u043b \u0438 \u043f\u043e\u0437\u043d\u0430\u0432\u0430\u043b \u043e\u043a\u0440\u0443\u0436\u0430\u044e\u0449\u0438\u0439 \u043c\u0438\u0440 \u0441 \u0443\u0434\u043e\u0432\u043e\u043b\u044c\u0441\u0442\u0432\u0438\u0435\u043c. <\/p>\n<p>\u0421\u043e\u0431\u0435\u0440\u0438 \u0432\u0441\u044e \u043a\u043e\u043b\u043b\u0435\u043a\u0446\u0438\u044e![trim][:ro_RO]<\/p>\n<p id=\"tw-target-text\" class=\"tw-data-text tw-text-large tw-ta\" dir=\"ltr\" data-placeholder=\"\u041f\u0435\u0440\u0435\u0432\u043e\u0434\"><strong><span class=\"Y2IQFc\" lang=\"ro\">Colec\u021bie realist\u0103 de insecte de petoate cele 5 continente.<\/span><\/strong><\/p>\n<p id=\"tw-target-text\" class=\"tw-data-text tw-text-large tw-ta\" dir=\"ltr\" data-placeholder=\"\u041f\u0435\u0440\u0435\u0432\u043e\u0434\"><span class=\"Y2IQFc\" lang=\"ro\">Figurinele cu insecte arat\u0103 foarte real, astfel \u00eenc\u00e2t copilul s\u0103 se poat\u0103 juca \u0219i s\u0103 exploreze lumea din jurul lui cu pl\u0103cere.<\/span><\/p>\n<p id=\"tw-target-text\" class=\"tw-data-text tw-text-large tw-ta\" dir=\"ltr\" data-placeholder=\"\u041f\u0435\u0440\u0435\u0432\u043e\u0434\"><span class=\"Y2IQFc\" lang=\"ro\">Colecteaz\u0103 toate speciile!<\/span><\/p>\n<p dir=\"ltr\" data-placeholder=\"\u041f\u0435\u0440\u0435\u0432\u043e\u0434\">\n","protected":false},"excerpt":{"rendered":"<p>[:ru_RU]\u0420\u0435\u0430\u043b\u0438\u0441\u0442\u0438\u0447\u043d\u0430\u044f \u043a\u043e\u043b\u043b\u0435\u043a\u0446\u0438\u044f \u043d\u0430\u0441\u0435\u043a\u043e\u043c\u044b\u0445 \u0441 5 \u043a\u043e\u043d\u0442\u0438\u043d\u0435\u043d\u0442\u043e\u0432. \u0424\u0438\u0433\u0443\u0440\u043a\u0438 \u043d\u0430\u0441\u0435\u043a\u043e\u043c\u044b\u0445 \u0432\u044b\u0433\u043b\u044f\u0434\u044f\u0442 \u0440\u0435\u0430\u043b\u0438\u0441\u0442\u0438\u0447\u043d\u043e, \u0447\u0442\u043e\u0431\u044b \u0440\u0435\u0431\u0451\u043d\u043e\u043a \u0438\u0433\u0440\u0430\u043b \u0438 \u043f\u043e\u0437\u043d\u0430\u0432\u0430\u043b \u043e\u043a\u0440\u0443\u0436\u0430\u044e\u0449\u0438\u0439 \u043c\u0438\u0440 \u0441 \u0443\u0434\u043e\u0432\u043e\u043b\u044c\u0441\u0442\u0432\u0438\u0435\u043c. \u0421\u043e\u0431\u0435\u0440\u0438 \u0432\u0441\u044e \u043a\u043e\u043b\u043b\u0435\u043a\u0446\u0438\u044e![trim][:ro_RO] Colec\u021bie realist\u0103 de insecte de petoate cele 5 continente. Figurinele cu insecte arat\u0103 foarte real, astfel \u00eenc\u00e2t copilul s\u0103 se poat\u0103 juca \u0219i s\u0103 exploreze lumea din jurul lui cu pl\u0103cere. Colecteaz\u0103 toate [&hellip;]<\/p>\n","protected":false},"featured_media":49142,"comment_status":"open","ping_status":"closed","template":"","meta":{"_acf_changed":false},"product_brand":[],"product_cat":[6709],"product_tag":[],"class_list":{"0":"post-49154","1":"product","2":"type-product","3":"status-publish","4":"has-post-thumbnail","6":"product_cat-ru_ru-interaktivnye-igrushk","8":"first","9":"instock","10":"shipping-taxable","11":"purchasable","12":"product-type-simple"},"acf":[],"_links":{"self":[{"href":"https:\/\/minimax.md\/ru\/wp-json\/wp\/v2\/product\/49154","targetHints":{"allow":["GET"]}}],"collection":[{"href":"https:\/\/minimax.md\/ru\/wp-json\/wp\/v2\/product"}],"about":[{"href":"https:\/\/minimax.md\/ru\/wp-json\/wp\/v2\/types\/product"}],"replies":[{"embeddable":true,"href":"https:\/\/minimax.md\/ru\/wp-json\/wp\/v2\/comments?post=49154"}],"version-history":[{"count":0,"href":"https:\/\/minimax.md\/ru\/wp-json\/wp\/v2\/product\/49154\/revisions"}],"wp:featuredmedia":[{"embeddable":true,"href":"https:\/\/minimax.md\/ru\/wp-json\/wp\/v2\/media\/49142"}],"wp:attachment":[{"href":"https:\/\/minimax.md\/ru\/wp-json\/wp\/v2\/media?parent=49154"}],"wp:term":[{"taxonomy":"product_brand","embeddable":true,"href":"https:\/\/minimax.md\/ru\/wp-json\/wp\/v2\/product_brand?post=49154"},{"taxonomy":"product_cat","embeddable":true,"href":"https:\/\/minimax.md\/ru\/wp-json\/wp\/v2\/product_cat?post=49154"},{"taxonomy":"product_tag","embeddable":true,"href":"https:\/\/minimax.md\/ru\/wp-json\/wp\/v2\/product_tag?post=49154"}],"curies":[{"name":"wp","href":"https:\/\/api.w.org\/{rel}","templated":true}]}}