{"id":49166,"date":"2024-02-18T09:02:30","date_gmt":"2024-02-18T06:02:30","guid":{"rendered":"https:\/\/minimax.md\/product\/49166.html"},"modified":"2024-02-21T09:03:29","modified_gmt":"2024-02-21T06:03:29","slug":"ru_ru-jo-jo-smajlik-so-svetom-i-zvukom-v-assortimente-204-trim-ro_ro-yo-yo-emoticon-cu-lumin-i-sunet-n-asortiment-204","status":"publish","type":"product","link":"https:\/\/minimax.md\/ru\/product\/49166.html","title":{"rendered":"\u0419\u043e-\u0419\u043e \"\u0421\u043c\u0430\u0439\u043b\u0438\u043a\" \u0441\u043e \u0441\u0432\u0435\u0442\u043e\u043c \u0438 \u0437\u0432\u0443\u043a\u043e\u043c, \u0432 \u0430\u0441\u0441\u043e\u0440\u0442\u0438\u043c\u0435\u043d\u0442\u0435 (204)"},"content":{"rendered":"<p>[:ru_RU]\u0419\u043e-\u0419\u043e\u00a0 &#8220;\u0421\u043c\u0430\u0439\u043b\u0438\u043a&#8221; (204) \u043e\u0440\u0438\u0433\u0438\u043d\u0430\u043b\u044c\u043d\u0430\u044f \u0438\u0433\u0440\u0443\u0448\u043a\u0430 \u0440\u0430\u0437\u0432\u0438\u0432\u0430\u0435\u0442 \u043a\u043e\u043e\u0440\u0434\u0438\u043d\u0430\u0446\u0438\u044e \u0434\u0432\u0438\u0436\u0435\u043d\u0438\u0439 \u0438 \u0431\u044b\u0441\u0442\u0440\u043e\u0442\u0443 \u0440\u0443\u043a, \u0430 \u0442\u0430\u043a\u0436\u0435 \u0442\u0440\u0435\u043d\u0438\u0440\u0443\u0435\u0442 \u0432\u043d\u0438\u043c\u0430\u043d\u0438\u0435 \u0438 \u0447\u0443\u0432\u0441\u0442\u0432\u043e \u0440\u0430\u0432\u043d\u043e\u0432\u0435\u0441\u0438\u044f.\u00a0<\/p>\n<p>\u041f\u0440\u043e\u0437\u0440\u0430\u0447\u043d\u043e\u0435 \u0439\u043e-\u0439\u043e \u0441 LED-\u043f\u043e\u0434\u0441\u0432\u0435\u0442\u043a\u043e\u0439 \u043d\u0430 \u043a\u0430\u0436\u0434\u043e\u0439 \u0441\u0442\u043e\u0440\u043e\u043d\u0435 &#8211; \u0441\u0432\u0435\u0442\u044f\u0442\u0441\u044f \u043e\u0431\u0435 \u043f\u043e\u043b\u043e\u0432\u0438\u043d\u043a\u0438 \u0439\u043e-\u0439\u043e!\u00a0\u042f\u0440\u043a\u0430\u044f \u0441\u0432\u0435\u0442\u043e\u0434\u0438\u043e\u0434\u043d\u0430\u044f \u043f\u043e\u0434\u0441\u0432\u0435\u0442\u043a\u0430 \u043d\u0430 \u043e\u0431\u0435\u0438\u0445 \u0441\u0442\u043e\u0440\u043e\u043d\u0430\u0445 \u0439\u043e-\u0439\u043e \u0440\u0430\u0431\u043e\u0442\u0430\u0435\u0442 \u0442\u043e\u043b\u044c\u043a\u043e \u043a\u043e\u0433\u0434\u0430 \u0439\u043e-\u0439\u043e \u043a\u0440\u0443\u0442\u0438\u0442\u0441\u044f.<\/p>\n<p>\u041f\u043e\u043d\u0440\u0430\u0432\u0438\u0442\u0441\u044f \u043d\u0435 \u0442\u043e\u043b\u044c\u043a\u043e \u0440\u0435\u0431\u0435\u043d\u043a\u0443, \u043d\u043e \u0438 \u0432\u0437\u0440\u043e\u0441\u043b\u043e\u043c\u0443!<\/p>\n<p>&nbsp;[trim][:ro_RO]<strong>Yo-Yo &#8220;Emoticon&#8221; (204) este o juc\u0103rie original\u0103 care dezvolt\u0103 coordonarea mi\u0219c\u0103rilor \u0219i viteza m\u00e2inilor, precum \u0219i antreneaz\u0103 aten\u021bia \u0219i sim\u021bul echilibrului.<\/strong><\/p>\n<p>Juc\u0103ria este transparent\u0103 pe margini,\u00a0 cu lumin\u0103 LED pe fiecare parte! Luminile LED\u00a0 func\u021bioneaz\u0103 numai atunci c\u00e2nd yo-yo se \u00eenv\u00e2rte.<\/p>\n<p><strong>Nu doar copilului \u00eei va pl\u0103cea, ci \u0219i adultului!<\/strong><\/p>\n","protected":false},"excerpt":{"rendered":"<p>[:ru_RU]\u0419\u043e-\u0419\u043e\u00a0 &#8220;\u0421\u043c\u0430\u0439\u043b\u0438\u043a&#8221; (204) \u043e\u0440\u0438\u0433\u0438\u043d\u0430\u043b\u044c\u043d\u0430\u044f \u0438\u0433\u0440\u0443\u0448\u043a\u0430 \u0440\u0430\u0437\u0432\u0438\u0432\u0430\u0435\u0442 \u043a\u043e\u043e\u0440\u0434\u0438\u043d\u0430\u0446\u0438\u044e \u0434\u0432\u0438\u0436\u0435\u043d\u0438\u0439 \u0438 \u0431\u044b\u0441\u0442\u0440\u043e\u0442\u0443 \u0440\u0443\u043a, \u0430 \u0442\u0430\u043a\u0436\u0435 \u0442\u0440\u0435\u043d\u0438\u0440\u0443\u0435\u0442 \u0432\u043d\u0438\u043c\u0430\u043d\u0438\u0435 \u0438 \u0447\u0443\u0432\u0441\u0442\u0432\u043e \u0440\u0430\u0432\u043d\u043e\u0432\u0435\u0441\u0438\u044f.\u00a0 \u041f\u0440\u043e\u0437\u0440\u0430\u0447\u043d\u043e\u0435 \u0439\u043e-\u0439\u043e \u0441 LED-\u043f\u043e\u0434\u0441\u0432\u0435\u0442\u043a\u043e\u0439 \u043d\u0430 \u043a\u0430\u0436\u0434\u043e\u0439 \u0441\u0442\u043e\u0440\u043e\u043d\u0435 &#8211; \u0441\u0432\u0435\u0442\u044f\u0442\u0441\u044f \u043e\u0431\u0435 \u043f\u043e\u043b\u043e\u0432\u0438\u043d\u043a\u0438 \u0439\u043e-\u0439\u043e!\u00a0\u042f\u0440\u043a\u0430\u044f \u0441\u0432\u0435\u0442\u043e\u0434\u0438\u043e\u0434\u043d\u0430\u044f \u043f\u043e\u0434\u0441\u0432\u0435\u0442\u043a\u0430 \u043d\u0430 \u043e\u0431\u0435\u0438\u0445 \u0441\u0442\u043e\u0440\u043e\u043d\u0430\u0445 \u0439\u043e-\u0439\u043e \u0440\u0430\u0431\u043e\u0442\u0430\u0435\u0442 \u0442\u043e\u043b\u044c\u043a\u043e \u043a\u043e\u0433\u0434\u0430 \u0439\u043e-\u0439\u043e \u043a\u0440\u0443\u0442\u0438\u0442\u0441\u044f. \u041f\u043e\u043d\u0440\u0430\u0432\u0438\u0442\u0441\u044f \u043d\u0435 \u0442\u043e\u043b\u044c\u043a\u043e \u0440\u0435\u0431\u0435\u043d\u043a\u0443, \u043d\u043e \u0438 \u0432\u0437\u0440\u043e\u0441\u043b\u043e\u043c\u0443! &nbsp;[trim][:ro_RO]Yo-Yo &#8220;Emoticon&#8221; (204) este o juc\u0103rie original\u0103 [&hellip;]<\/p>\n","protected":false},"featured_media":49160,"comment_status":"open","ping_status":"closed","template":"","meta":{"_acf_changed":false},"product_brand":[],"product_cat":[6699],"product_tag":[],"class_list":{"0":"post-49166","1":"product","2":"type-product","3":"status-publish","4":"has-post-thumbnail","6":"product_cat-ru_ru-mjachi-i-shary-trim-r","8":"first","9":"instock","10":"shipping-taxable","11":"purchasable","12":"product-type-simple"},"acf":[],"_links":{"self":[{"href":"https:\/\/minimax.md\/ru\/wp-json\/wp\/v2\/product\/49166","targetHints":{"allow":["GET"]}}],"collection":[{"href":"https:\/\/minimax.md\/ru\/wp-json\/wp\/v2\/product"}],"about":[{"href":"https:\/\/minimax.md\/ru\/wp-json\/wp\/v2\/types\/product"}],"replies":[{"embeddable":true,"href":"https:\/\/minimax.md\/ru\/wp-json\/wp\/v2\/comments?post=49166"}],"version-history":[{"count":0,"href":"https:\/\/minimax.md\/ru\/wp-json\/wp\/v2\/product\/49166\/revisions"}],"wp:featuredmedia":[{"embeddable":true,"href":"https:\/\/minimax.md\/ru\/wp-json\/wp\/v2\/media\/49160"}],"wp:attachment":[{"href":"https:\/\/minimax.md\/ru\/wp-json\/wp\/v2\/media?parent=49166"}],"wp:term":[{"taxonomy":"product_brand","embeddable":true,"href":"https:\/\/minimax.md\/ru\/wp-json\/wp\/v2\/product_brand?post=49166"},{"taxonomy":"product_cat","embeddable":true,"href":"https:\/\/minimax.md\/ru\/wp-json\/wp\/v2\/product_cat?post=49166"},{"taxonomy":"product_tag","embeddable":true,"href":"https:\/\/minimax.md\/ru\/wp-json\/wp\/v2\/product_tag?post=49166"}],"curies":[{"name":"wp","href":"https:\/\/api.w.org\/{rel}","templated":true}]}}