{"id":49187,"date":"2024-02-18T09:02:45","date_gmt":"2024-02-18T06:02:45","guid":{"rendered":"https:\/\/minimax.md\/product\/49187.html"},"modified":"2024-03-13T00:17:29","modified_gmt":"2024-03-12T21:17:29","slug":"ru_ru-derevjannaja-kuhnja-s-aksessuarami-belogo-cveta-trim-ro_ro-buc-t-rie-din-lemn-cu-accesorii-culoarea-alb","status":"publish","type":"product","link":"https:\/\/minimax.md\/ru\/product\/49187.html","title":{"rendered":"\u0414\u0435\u0440\u0435\u0432\u044f\u043d\u043d\u0430\u044f \u043a\u0443\u0445\u043d\u044f \u0441 \u0430\u043a\u0441\u0435\u0441\u0441\u0443\u0430\u0440\u0430\u043c\u0438, \u0431\u0435\u043b\u043e\u0433\u043e \u0446\u0432\u0435\u0442\u0430"},"content":{"rendered":"<p>[:ru_RU]\u0414\u0435\u0440\u0435\u0432\u044f\u043d\u043d\u0430\u044f \u043a\u0443\u0445\u043d\u044f \u0441 \u0430\u043a\u0441\u0435\u0441\u0441\u0443\u0430\u0440\u0430\u043c\u0438 \u043e\u0442 \u043a\u043e\u043c\u043f\u0430\u043d\u0438\u0438 Viga &#8211; \u044d\u0442\u043e \u043e\u0434\u043d\u0430 \u0438\u0437 \u043b\u0443\u0447\u0448\u0438\u0445 \u0438\u0433\u0440\u0443\u0448\u0435\u043a, \u043a\u043e\u0442\u043e\u0440\u0430\u044f \u043f\u043e\u0437\u0432\u043e\u043b\u0438\u0442 \u0432\u0430\u0448\u0435\u043c\u0443 \u0440\u0435\u0431\u0435\u043d\u043a\u0443 \u0432\u043e\u0439\u0442\u0438 \u0432 \u043c\u0438\u0440 \u0438\u043d\u0442\u0435\u0440\u0435\u0441\u043d\u043e\u0439 \u0438 \u0442\u0432\u043e\u0440\u0447\u0435\u0441\u043a\u043e\u0439 \u0438\u0433\u0440\u044b.<\/p>\n<p>\u0412 \u043a\u043e\u043c\u043f\u043b\u0435\u043a\u0442\u0435:<\/p>\n<p> \t1 \u043a\u0430\u0441\u0442\u0440\u044e\u043b\u044f \u0441 \u043a\u0440\u044b\u0448\u043a\u043e\u0439,<br \/>\n \t1 \u0441\u043a\u043e\u0432\u043e\u0440\u043e\u0434\u0430 \u0441 \u044f\u0439\u0446\u043e\u043c,<br \/>\n \t2 \u043f\u0440\u0438\u0431\u043e\u0440\u0430 \u0434\u043b\u044f \u043f\u0440\u0438\u0433\u043e\u0442\u043e\u0432\u043b\u0435\u043d\u0438\u044f \u043f\u0438\u0449\u0438,<br \/>\n \t\u0441\u043e\u043b\u043e\u043d\u043a\u0430,<br \/>\n \t\u043f\u0435\u0440\u0435\u0447\u043d\u0438\u0446\u0430,<br \/>\n \t\u043c\u0435\u0442\u0430\u043b\u043b\u0438\u0447\u0435\u0441\u043a\u0430\u044f \u0440\u0430\u043a\u043e\u0432\u0438\u043d\u0430.<\/p>\n<p>\u0414\u0435\u0440\u0435\u0432\u044f\u043d\u043d\u0430\u044f \u043a\u0443\u0445\u043d\u044f \u0434\u043e\u0441\u0442\u0430\u0432\u0438\u0442 \u043c\u0430\u0441\u0441\u0443 \u0443\u0434\u043e\u0432\u043e\u043b\u044c\u0441\u0442\u0432\u0438\u044f \u043a\u0430\u0436\u0434\u043e\u043c\u0443 \u0440\u0435\u0431\u0435\u043d\u043a\u0443 \u0438 \u043f\u043e\u0437\u0432\u043e\u043b\u0438\u0442 \u0435\u043c\u0443 \u0431\u0435\u0437\u043e\u043f\u0430\u0441\u043d\u043e &#8220;\u043f\u0440\u0438\u0433\u043e\u0442\u043e\u0432\u0438\u0442\u044c&#8221; \u0447\u0442\u043e-\u0442\u043e \u043f\u0440\u0435\u043a\u0440\u0430\u0441\u043d\u043e\u0435 \u0434\u043b\u044f \u0432\u0441\u0435\u0439 \u0441\u0435\u043c\u044c\u0438.<br \/>\n\u0418\u0433\u0440\u0430 \u0432 \u043f\u0440\u0438\u0433\u043e\u0442\u043e\u0432\u043b\u0435\u043d\u0438\u0435 \u0435\u0434\u044b \u0440\u0430\u0437\u0432\u0438\u0432\u0430\u0435\u0442 \u0443 \u0440\u0435\u0431\u0435\u043d\u043a\u0430 \u0437\u0440\u0438\u0442\u0435\u043b\u044c\u043d\u043e-\u043c\u043e\u0442\u043e\u0440\u043d\u0443\u044e \u043a\u043e\u043e\u0440\u0434\u0438\u043d\u0430\u0446\u0438\u044e.<\/p>\n<p>\u0411\u0435\u0437\u043e\u043f\u0430\u0441\u043d\u043e\u0441\u0442\u044c \u0438 \u043a\u0430\u0447\u0435\u0441\u0442\u0432\u043e \u0434\u0435\u0440\u0435\u0432\u044f\u043d\u043d\u044b\u0445 \u0438\u0437\u0434\u0435\u043b\u0438\u0439-\u044d\u0442\u043e \u043f\u0440\u0438\u043e\u0440\u0438\u0442\u0435\u0442 \u0434\u043b\u044f \u0412\u0438\u0433\u0438, \u043f\u0440\u043e\u0438\u0437\u0432\u043e\u0434\u0438\u0442\u0435\u043b\u044c \u043f\u043e\u0437\u0430\u0431\u043e\u0442\u0438\u043b\u0441\u044f \u043e \u0442\u043e\u043c, \u0447\u0442\u043e\u0431\u044b \u043a\u0440\u0430\u0441\u043a\u0438, \u043a\u043e\u0442\u043e\u0440\u044b\u043c\u0438 \u043e\u043a\u0440\u0430\u0448\u0438\u0432\u0430\u044e\u0442 \u0441\u043e\u043e\u0442\u0432\u0435\u0442\u0441\u0442\u0432\u043e\u0432\u0430\u043b\u0438 \u0441\u0442\u0430\u043d\u0434\u0430\u0440\u0442\u0430\u043c \u0431\u0435\u0437\u043e\u043f\u0430\u0441\u043d\u043e\u0441\u0442\u0438 EN71 \u0438 ASTM.[trim][:ro_RO]<strong>Bucat\u0103ria din lemn cu accesorii de la Viga este una dintre cele mai bune juc\u0103rii care \u00eei va permite copilului t\u0103u s\u0103 intre \u00een lumea jocului interesant \u0219i imaginativ.<\/strong><\/p>\n<p><strong>Include:<\/strong><\/p>\n<ul>\n<li>1 oal\u0103 cu capac<\/li>\n<li>1 tigaie cu ou<\/li>\n<li>2 ustensile de gatit,<\/li>\n<li>solni\u021b\u0103,<\/li>\n<li>piperni\u021b\u0103,<\/li>\n<li>chiuveta metalica.<\/li>\n<\/ul>\n<p>Buc\u0103t\u0103ria din lemn va aduce mult\u0103 distrac\u021bie fiec\u0103rui copil \u0219i \u00eei va permite s\u0103 \u201eg\u0103teasc\u0103\u201d \u00een siguran\u021b\u0103 ceva minunat pentru \u00eentreaga familie.<br \/>\nJocul cu buc\u0103t\u0103ria dezvolt\u0103 imagina\u021bia copilului.<\/p>\n<p>Siguran\u021ba \u0219i calitatea produselor din lemn este o prioritate pentru Vigi, produc\u0103torul s-a asigurat c\u0103 vopselele cu care sunt vopsite respect\u0103 standardele de siguran\u021b\u0103 EN71 \u0219i ASTM.<\/p>\n","protected":false},"excerpt":{"rendered":"<p>[:ru_RU]\u0414\u0435\u0440\u0435\u0432\u044f\u043d\u043d\u0430\u044f \u043a\u0443\u0445\u043d\u044f \u0441 \u0430\u043a\u0441\u0435\u0441\u0441\u0443\u0430\u0440\u0430\u043c\u0438 \u043e\u0442 \u043a\u043e\u043c\u043f\u0430\u043d\u0438\u0438 Viga &#8211; \u044d\u0442\u043e \u043e\u0434\u043d\u0430 \u0438\u0437 \u043b\u0443\u0447\u0448\u0438\u0445 \u0438\u0433\u0440\u0443\u0448\u0435\u043a, \u043a\u043e\u0442\u043e\u0440\u0430\u044f \u043f\u043e\u0437\u0432\u043e\u043b\u0438\u0442 \u0432\u0430\u0448\u0435\u043c\u0443 \u0440\u0435\u0431\u0435\u043d\u043a\u0443 \u0432\u043e\u0439\u0442\u0438 \u0432 \u043c\u0438\u0440 \u0438\u043d\u0442\u0435\u0440\u0435\u0441\u043d\u043e\u0439 \u0438 \u0442\u0432\u043e\u0440\u0447\u0435\u0441\u043a\u043e\u0439 \u0438\u0433\u0440\u044b. \u0412 \u043a\u043e\u043c\u043f\u043b\u0435\u043a\u0442\u0435: 1 \u043a\u0430\u0441\u0442\u0440\u044e\u043b\u044f \u0441 \u043a\u0440\u044b\u0448\u043a\u043e\u0439, 1 \u0441\u043a\u043e\u0432\u043e\u0440\u043e\u0434\u0430 \u0441 \u044f\u0439\u0446\u043e\u043c, 2 \u043f\u0440\u0438\u0431\u043e\u0440\u0430 \u0434\u043b\u044f \u043f\u0440\u0438\u0433\u043e\u0442\u043e\u0432\u043b\u0435\u043d\u0438\u044f \u043f\u0438\u0449\u0438, \u0441\u043e\u043b\u043e\u043d\u043a\u0430, \u043f\u0435\u0440\u0435\u0447\u043d\u0438\u0446\u0430, \u043c\u0435\u0442\u0430\u043b\u043b\u0438\u0447\u0435\u0441\u043a\u0430\u044f \u0440\u0430\u043a\u043e\u0432\u0438\u043d\u0430. \u0414\u0435\u0440\u0435\u0432\u044f\u043d\u043d\u0430\u044f \u043a\u0443\u0445\u043d\u044f \u0434\u043e\u0441\u0442\u0430\u0432\u0438\u0442 \u043c\u0430\u0441\u0441\u0443 \u0443\u0434\u043e\u0432\u043e\u043b\u044c\u0441\u0442\u0432\u0438\u044f \u043a\u0430\u0436\u0434\u043e\u043c\u0443 \u0440\u0435\u0431\u0435\u043d\u043a\u0443 \u0438 \u043f\u043e\u0437\u0432\u043e\u043b\u0438\u0442 \u0435\u043c\u0443 \u0431\u0435\u0437\u043e\u043f\u0430\u0441\u043d\u043e &#8220;\u043f\u0440\u0438\u0433\u043e\u0442\u043e\u0432\u0438\u0442\u044c&#8221; [&hellip;]<\/p>\n","protected":false},"featured_media":49183,"comment_status":"open","ping_status":"closed","template":"","meta":{"_acf_changed":false},"product_brand":[],"product_cat":[6716],"product_tag":[],"class_list":{"0":"post-49187","1":"product","2":"type-product","3":"status-publish","4":"has-post-thumbnail","6":"product_cat-ru_ru-kuhnja-trim-ro_ro-buc","8":"first","9":"instock","10":"shipping-taxable","11":"purchasable","12":"product-type-simple"},"acf":[],"_links":{"self":[{"href":"https:\/\/minimax.md\/ru\/wp-json\/wp\/v2\/product\/49187","targetHints":{"allow":["GET"]}}],"collection":[{"href":"https:\/\/minimax.md\/ru\/wp-json\/wp\/v2\/product"}],"about":[{"href":"https:\/\/minimax.md\/ru\/wp-json\/wp\/v2\/types\/product"}],"replies":[{"embeddable":true,"href":"https:\/\/minimax.md\/ru\/wp-json\/wp\/v2\/comments?post=49187"}],"version-history":[{"count":0,"href":"https:\/\/minimax.md\/ru\/wp-json\/wp\/v2\/product\/49187\/revisions"}],"wp:featuredmedia":[{"embeddable":true,"href":"https:\/\/minimax.md\/ru\/wp-json\/wp\/v2\/media\/49183"}],"wp:attachment":[{"href":"https:\/\/minimax.md\/ru\/wp-json\/wp\/v2\/media?parent=49187"}],"wp:term":[{"taxonomy":"product_brand","embeddable":true,"href":"https:\/\/minimax.md\/ru\/wp-json\/wp\/v2\/product_brand?post=49187"},{"taxonomy":"product_cat","embeddable":true,"href":"https:\/\/minimax.md\/ru\/wp-json\/wp\/v2\/product_cat?post=49187"},{"taxonomy":"product_tag","embeddable":true,"href":"https:\/\/minimax.md\/ru\/wp-json\/wp\/v2\/product_tag?post=49187"}],"curies":[{"name":"wp","href":"https:\/\/api.w.org\/{rel}","templated":true}]}}