{"id":49199,"date":"2024-02-18T09:02:47","date_gmt":"2024-02-18T06:02:47","guid":{"rendered":"https:\/\/minimax.md\/product\/49199.html"},"modified":"2024-03-13T00:17:29","modified_gmt":"2024-03-12T21:17:29","slug":"ru_ru-bizibord-nastennyj-uchim-matematiku-trim-ro_ro-busyboard-de-perete-nva-m-matematica","status":"publish","type":"product","link":"https:\/\/minimax.md\/ru\/product\/49199.html","title":{"rendered":"\u0411\u0438\u0437\u0438\u0431\u043e\u0440\u0434 (\u043d\u0430\u0441\u0442\u0435\u043d\u043d\u044b\u0439) \"\u0423\u0447\u0438\u043c \u043c\u0430\u0442\u0435\u043c\u0430\u0442\u0438\u043a\u0443\""},"content":{"rendered":"<p>[:ru_RU]\u041a\u0430\u043a \u043e\u0431\u044a\u044f\u0441\u043d\u0438\u0442\u044c \u0434\u043e\u0448\u043a\u043e\u043b\u044c\u043d\u0438\u043a\u0443 \u0431\u0430\u0437\u043e\u0432\u044b\u0435 \u043c\u0430\u0442\u0435\u043c\u0430\u0442\u0438\u0447\u0435\u0441\u043a\u0438\u0435 \u043f\u043e\u043d\u044f\u0442\u0438\u044f? \u0418\u0445 \u043d\u0443\u0436\u043d\u043e \u0432\u0438\u0437\u0443\u0430\u043b\u0438\u0437\u0438\u0440\u043e\u0432\u0430\u0442\u044c \u0438 \u043e\u0431\u043b\u0435\u0447\u044c \u0432 \u0432\u0435\u0441\u0435\u043b\u0443\u044e \u0438\u0433\u0440\u043e\u0432\u0443\u044e \u0444\u043e\u0440\u043c\u0443, \u0447\u0442\u043e\u0431\u044b \u043c\u0430\u043b\u044b\u0448\u0443 \u0431\u044b\u043b\u043e \u0438\u043d\u0442\u0435\u0440\u0435\u0441\u043d\u043e \u043e\u0441\u0432\u0430\u0438\u0432\u0430\u0442\u044c \u0430\u0440\u0438\u0444\u043c\u0435\u0442\u0438\u043a\u0443 \u0441\u0430\u043c\u043e\u0441\u0442\u043e\u044f\u0442\u0435\u043b\u044c\u043d\u043e.<\/p>\n<p>\u0411\u0438\u0437\u0438\u0431\u043e\u0440\u0434 Viga Toys \u0423\u0447\u0438\u043c \u043c\u0430\u0442\u0435\u043c\u0430\u0442\u0438\u043a\u0443&#8221; \u2013 \u044d\u0442\u043e \u043d\u0430\u0441\u0442\u0435\u043d\u043d\u0430\u044f \u0440\u0430\u0437\u0432\u0438\u0432\u0430\u044e\u0449\u0430\u044f \u0438\u0433\u0440\u0443\u0448\u043a\u0430 \u0434\u043b\u044f \u0434\u0435\u0432\u043e\u0447\u0435\u043a \u0438 \u043c\u0430\u043b\u044c\u0447\u0438\u043a\u043e\u0432 \u043e\u0442 3 \u043b\u0435\u0442. \u0421\u043e\u0441\u0442\u043e\u0438\u0442 \u0438\u0437 \u043f\u0440\u044f\u043c\u043e\u0443\u0433\u043e\u043b\u044c\u043d\u043e\u0439 \u0434\u043e\u0441\u043a\u0438 \u0441 \u0434\u043e\u0440\u043e\u0436\u043a\u0430\u043c\u0438, \u043f\u043e \u043a\u043e\u0442\u043e\u0440\u044b\u043c \u043c\u043e\u0436\u043d\u043e \u043f\u0435\u0440\u0435\u0434\u0432\u0438\u0433\u0430\u0442\u044c \u043a\u0440\u0430\u0441\u043e\u0447\u043d\u044b\u0435 \u043a\u0440\u0443\u0433\u0438 \u0441 \u043c\u0430\u0442\u0435\u043c\u0430\u0442\u0438\u0447\u0435\u0441\u043a\u0438\u043c\u0438 \u0437\u043d\u0430\u043a\u0430\u043c\u0438 \u0438 \u0446\u0438\u0444\u0440\u0430\u043c\u0438 \u043e\u0442 0 \u0434\u043e 9. \u0421 \u0442\u0430\u043a\u043e\u0439 \u0434\u0435\u0440\u0435\u0432\u044f\u043d\u043d\u043e\u0439 \u0438\u0433\u0440\u0443\u0448\u043a\u043e\u0439 \u0443\u0434\u043e\u0431\u043d\u043e \u043e\u0431\u0443\u0447\u0430\u0442\u044c\u0441\u044f \u0441\u0447\u0435\u0442\u0443.<\/p>\n<p>\u0412 \u043f\u0440\u043e\u0441\u0442\u043e\u0439 \u0438\u0433\u0440\u043e\u0432\u043e\u0439 \u0444\u043e\u0440\u043c\u0435 \u0440\u0435\u0431\u0435\u043d\u043e\u043a \u043e\u0441\u0432\u0430\u0438\u0432\u0430\u0435\u0442 \u0442\u0430\u043a\u0438\u0435 \u043f\u043e\u043d\u044f\u0442\u0438\u044f, \u043a\u0430\u043a \u0446\u0438\u0444\u0440\u044b \u0438 \u0447\u0438\u0441\u043b\u0430, \u0438\u0437\u0443\u0447\u0430\u0435\u0442 \u0441\u043b\u043e\u0436\u0435\u043d\u0438\u0435 \u0438 \u0432\u044b\u0447\u0438\u0442\u0430\u043d\u0438\u0435, \u0437\u043d\u0430\u043a\u043e\u043c\u0438\u0442\u0441\u044f \u0441 \u0443\u043c\u043d\u043e\u0436\u0435\u043d\u0438\u0435\u043c \u0438 \u0434\u0435\u043b\u0435\u043d\u0438\u0435\u043c. \u041f\u0435\u0440\u0435\u0434\u0432\u0438\u0433\u0430\u044f \u0446\u0438\u0444\u0440\u044b \u043f\u043e \u0434\u043e\u0441\u043a\u0435, \u043c\u0430\u043b\u044b\u0448 \u0441\u043e\u0437\u0434\u0430\u0435\u0442 \u0440\u0430\u0437\u043b\u0438\u0447\u043d\u044b\u0435 \u0447\u0438\u0441\u043b\u043e\u0432\u044b\u0435 \u043a\u043e\u043c\u0431\u0438\u043d\u0430\u0446\u0438\u0438, \u0440\u0435\u0448\u0430\u0435\u0442 \u043f\u0440\u043e\u0441\u0442\u044b\u0435 \u043f\u0440\u0438\u043c\u0435\u0440\u044b, \u0444\u043e\u0440\u043c\u0438\u0440\u0443\u0435\u0442 \u043c\u0430\u0442\u0435\u043c\u0430\u0442\u0438\u0447\u0435\u0441\u043a\u0438\u0435 \u043d\u0430\u0432\u044b\u043a\u0438. \u041f\u0440\u0438 \u044d\u0442\u043e\u043c \u0440\u0430\u0437\u0432\u0438\u0432\u0430\u0435\u0442 \u043c\u0435\u043b\u043a\u0443\u044e \u043c\u043e\u0442\u043e\u0440\u0438\u043a\u0443, \u043b\u043e\u0433\u0438\u0447\u0435\u0441\u043a\u043e\u0435 \u043c\u044b\u0448\u043b\u0435\u043d\u0438\u0435, \u043f\u0430\u043c\u044f\u0442\u044c, \u0443\u043b\u0443\u0447\u0448\u0430\u0435\u0442 \u0437\u0440\u0438\u0442\u0435\u043b\u044c\u043d\u043e-\u043c\u043e\u0442\u043e\u0440\u043d\u0443\u044e \u043a\u043e\u043e\u0440\u0434\u0438\u043d\u0430\u0446\u0438\u044e.<\/p>\n<p>\u0414\u0435\u0442\u0441\u043a\u0438\u0439 \u0431\u0438\u0437\u0438\u0431\u043e\u0440\u0434 \u043e\u0442\u043b\u0438\u0447\u043d\u043e \u043f\u043e\u0434\u0445\u043e\u0434\u0438\u0442 \u0434\u043b\u044f \u0437\u0430\u043d\u044f\u0442\u0438\u0439 \u0434\u043e\u043c\u0430 \u0438 \u0432 \u0433\u0440\u0443\u043f\u043f\u0435, \u043f\u0440\u0435\u043a\u0440\u0430\u0441\u043d\u043e \u0441\u043e\u0447\u0435\u0442\u0430\u0435\u0442\u0441\u044f \u0441 \u043c\u0435\u0442\u043e\u0434\u0438\u043a\u043e\u0439 \u041c\u043e\u043d\u0442\u0435\u0441\u0441\u043e\u0440\u0438. \u0420\u0435\u043a\u043e\u043c\u0435\u043d\u0434\u043e\u0432\u0430\u043d \u0434\u043b\u044f \u0446\u0435\u043d\u0442\u0440\u043e\u0432 \u0440\u0430\u0437\u0432\u0438\u0442\u0438\u044f, \u0434\u0435\u0442\u0441\u043a\u0438\u0445 \u0441\u0430\u0434\u043e\u0432, \u043d\u0430\u0447\u0430[trim][:ro_RO]<strong>Cum s\u0103 explici unui pre\u0219colar conceptele matematice de baz\u0103? Acestea trebuie s\u0103 fie vizualizate \u0219i sub forma unui joc distractiv, astfel \u00eenc\u00e2t copilul s\u0103 fie interesat s\u0103 \u00eenve\u021be singur despre calcul.<\/strong><\/p>\n<p>Busyboard-ul Viga Toys &#8220;\u00cenva\u021b\u0103m matematica&#8221; este o juc\u0103rie educativ\u0103 montat\u0103 pe perete pentru fete \u0219i b\u0103ie\u021bi de la 3 ani. Este alc\u0103tuit\u0103 dintr-o tabl\u0103 dreptunghiular\u0103 cu trasee de-a lungul c\u0103reia se pot deplasa cercurile colorate cu semne \u0219i numere matematice de la 0 la 9. Este comod s\u0103 \u00eenve\u021bi despre matematic\u0103 cu o astfel de juc\u0103rie de lemn.<\/p>\n<p>\u00centr-o form\u0103 simpl\u0103 de joc, copilul st\u0103p\u00e2ne\u0219te concepte precum <strong>numere \u0219i calcul,<\/strong> \u00eenva\u021b\u0103 <strong>adunarea \u0219i sc\u0103derea<\/strong>, se familiarizeaz\u0103 cu<strong> \u00eenmul\u021birea \u0219i \u00eemp\u0103r\u021birea<\/strong>. Prin mutarea numerelor de pe tabl\u0103, copilul creeaz\u0103 diverse combina\u021bii de cifre, rezolv\u0103 exemple simple, \u00ee\u0219i formeaz\u0103 abilit\u0103\u021bi matematice. \u00cen acela\u0219i timp, dezvolt\u0103 abilit\u0103\u021bile motorii fine, g\u00e2ndirea logic\u0103, memoria, \u00eembun\u0103t\u0103\u021be\u0219te coordonarea m\u00e2n\u0103<\/p>\n","protected":false},"excerpt":{"rendered":"<p>[:ru_RU]\u041a\u0430\u043a \u043e\u0431\u044a\u044f\u0441\u043d\u0438\u0442\u044c \u0434\u043e\u0448\u043a\u043e\u043b\u044c\u043d\u0438\u043a\u0443 \u0431\u0430\u0437\u043e\u0432\u044b\u0435 \u043c\u0430\u0442\u0435\u043c\u0430\u0442\u0438\u0447\u0435\u0441\u043a\u0438\u0435 \u043f\u043e\u043d\u044f\u0442\u0438\u044f? \u0418\u0445 \u043d\u0443\u0436\u043d\u043e \u0432\u0438\u0437\u0443\u0430\u043b\u0438\u0437\u0438\u0440\u043e\u0432\u0430\u0442\u044c \u0438 \u043e\u0431\u043b\u0435\u0447\u044c \u0432 \u0432\u0435\u0441\u0435\u043b\u0443\u044e \u0438\u0433\u0440\u043e\u0432\u0443\u044e \u0444\u043e\u0440\u043c\u0443, \u0447\u0442\u043e\u0431\u044b \u043c\u0430\u043b\u044b\u0448\u0443 \u0431\u044b\u043b\u043e \u0438\u043d\u0442\u0435\u0440\u0435\u0441\u043d\u043e \u043e\u0441\u0432\u0430\u0438\u0432\u0430\u0442\u044c \u0430\u0440\u0438\u0444\u043c\u0435\u0442\u0438\u043a\u0443 \u0441\u0430\u043c\u043e\u0441\u0442\u043e\u044f\u0442\u0435\u043b\u044c\u043d\u043e. \u0411\u0438\u0437\u0438\u0431\u043e\u0440\u0434 Viga Toys \u0423\u0447\u0438\u043c \u043c\u0430\u0442\u0435\u043c\u0430\u0442\u0438\u043a\u0443&#8221; \u2013 \u044d\u0442\u043e \u043d\u0430\u0441\u0442\u0435\u043d\u043d\u0430\u044f \u0440\u0430\u0437\u0432\u0438\u0432\u0430\u044e\u0449\u0430\u044f \u0438\u0433\u0440\u0443\u0448\u043a\u0430 \u0434\u043b\u044f \u0434\u0435\u0432\u043e\u0447\u0435\u043a \u0438 \u043c\u0430\u043b\u044c\u0447\u0438\u043a\u043e\u0432 \u043e\u0442 3 \u043b\u0435\u0442. \u0421\u043e\u0441\u0442\u043e\u0438\u0442 \u0438\u0437 \u043f\u0440\u044f\u043c\u043e\u0443\u0433\u043e\u043b\u044c\u043d\u043e\u0439 \u0434\u043e\u0441\u043a\u0438 \u0441 \u0434\u043e\u0440\u043e\u0436\u043a\u0430\u043c\u0438, \u043f\u043e \u043a\u043e\u0442\u043e\u0440\u044b\u043c \u043c\u043e\u0436\u043d\u043e \u043f\u0435\u0440\u0435\u0434\u0432\u0438\u0433\u0430\u0442\u044c \u043a\u0440\u0430\u0441\u043e\u0447\u043d\u044b\u0435 \u043a\u0440\u0443\u0433\u0438 \u0441 \u043c\u0430\u0442\u0435\u043c\u0430\u0442\u0438\u0447\u0435\u0441\u043a\u0438\u043c\u0438 \u0437\u043d\u0430\u043a\u0430\u043c\u0438 \u0438 [&hellip;]<\/p>\n","protected":false},"featured_media":49197,"comment_status":"open","ping_status":"closed","template":"","meta":{"_acf_changed":false},"product_brand":[],"product_cat":[6721],"product_tag":[],"class_list":{"0":"post-49199","1":"product","2":"type-product","3":"status-publish","4":"has-post-thumbnail","6":"product_cat-ru_ru-derevjannye-igrushki","8":"first","9":"instock","10":"shipping-taxable","11":"purchasable","12":"product-type-simple"},"acf":[],"_links":{"self":[{"href":"https:\/\/minimax.md\/ru\/wp-json\/wp\/v2\/product\/49199","targetHints":{"allow":["GET"]}}],"collection":[{"href":"https:\/\/minimax.md\/ru\/wp-json\/wp\/v2\/product"}],"about":[{"href":"https:\/\/minimax.md\/ru\/wp-json\/wp\/v2\/types\/product"}],"replies":[{"embeddable":true,"href":"https:\/\/minimax.md\/ru\/wp-json\/wp\/v2\/comments?post=49199"}],"version-history":[{"count":0,"href":"https:\/\/minimax.md\/ru\/wp-json\/wp\/v2\/product\/49199\/revisions"}],"wp:featuredmedia":[{"embeddable":true,"href":"https:\/\/minimax.md\/ru\/wp-json\/wp\/v2\/media\/49197"}],"wp:attachment":[{"href":"https:\/\/minimax.md\/ru\/wp-json\/wp\/v2\/media?parent=49199"}],"wp:term":[{"taxonomy":"product_brand","embeddable":true,"href":"https:\/\/minimax.md\/ru\/wp-json\/wp\/v2\/product_brand?post=49199"},{"taxonomy":"product_cat","embeddable":true,"href":"https:\/\/minimax.md\/ru\/wp-json\/wp\/v2\/product_cat?post=49199"},{"taxonomy":"product_tag","embeddable":true,"href":"https:\/\/minimax.md\/ru\/wp-json\/wp\/v2\/product_tag?post=49199"}],"curies":[{"name":"wp","href":"https:\/\/api.w.org\/{rel}","templated":true}]}}