{"id":49220,"date":"2024-02-18T09:02:57","date_gmt":"2024-02-18T06:02:57","guid":{"rendered":"https:\/\/minimax.md\/product\/49220.html"},"modified":"2024-03-13T00:17:55","modified_gmt":"2024-03-12T21:17:55","slug":"ru_ru-viga-wall-toy-matching-numbers-trim-ro_ro-busyboard-potrive-te-numerele","status":"publish","type":"product","link":"https:\/\/minimax.md\/ru\/product\/49220.html","title":{"rendered":"Viga Wall Toy Matching Numbers"},"content":{"rendered":"<p>[:ru_RU]\u0411\u0438\u0437\u0438\u0431\u043e\u0440\u0434 Viga Toys &#8220;\u041f\u0440\u043e\u0441\u0442\u043e\u0439 \u0441\u0447\u0435\u0442&#8221; \u0441\u0447\u0435\u0442 \u043f\u043e\u043c\u043e\u0436\u0435\u0442 \u0434\u0435\u0442\u044f\u043c \u0432\u044b\u0443\u0447\u0438\u0442\u044c \u0438 \u0437\u0430\u043f\u043e\u043c\u043d\u0438\u0442\u044c \u0447\u0438\u0441\u043b\u0430 \u043e\u0442 1 \u0434\u043e 10.<\/p>\n<p>\u041c\u0430\u043b\u044b\u0448\u0430\u043c \u043d\u0435\u043e\u0431\u0445\u043e\u0434\u0438\u043c\u043e \u0440\u0435\u0448\u0438\u0442\u044c \u0433\u043e\u043b\u043e\u0432\u043e\u043b\u043e\u043c\u043a\u0443 \u0438 \u043f\u0440\u0430\u0432\u0438\u043b\u044c\u043d\u043e \u0440\u0430\u0441\u0441\u043e\u0440\u0442\u0438\u0440\u043e\u0432\u0430\u0442\u044c \u0446\u0432\u0435\u0442\u043d\u044b\u0435 \u043a\u0440\u0443\u0436\u043e\u0447\u043a\u0438 \u0441 \u0440\u0430\u0437\u043d\u044b\u043c \u043a\u043e\u043b\u0438\u0447\u0435\u0441\u0442\u0432\u043e\u043c \u043d\u0430\u0440\u0438\u0441\u043e\u0432\u0430\u043d\u043d\u044b\u0445 \u0442\u043e\u0447\u0435\u043a \u043a \u0441\u043e\u043e\u0442\u0432\u0435\u0442\u0441\u0442\u0432\u0443\u044e\u0449\u0438\u043c \u0446\u0438\u0444\u0440\u0430\u043c \u043d\u0430 \u043e\u0441\u043d\u043e\u0432\u0435. \u0411\u0438\u0437\u0438\u0431\u043e\u0440\u0434 Viga Toys \u041f\u0440\u043e\u0441\u0442\u043e\u0439 \u0441\u0447\u0435\u0442 \u043f\u0440\u0435\u0434\u043d\u0430\u0437\u043d\u0430\u0447\u0435\u043d \u0434\u043b\u044f \u0434\u0435\u0442\u0435\u0439 \u043e\u0442 18 \u043c\u0435\u0441\u044f\u0446\u0435\u0432 \u0434\u043e 3 \u043b\u0435\u0442.<br \/>\n\u0414\u043b\u044f \u0440\u0435\u0448\u0435\u043d\u0438\u044f \u0437\u0430\u0434\u0430\u0447\u0435\u043a \u043c\u0430\u043b\u044b\u0448\u0430\u043c \u043f\u043e\u043d\u0430\u0434\u043e\u0431\u0438\u0442\u0441\u044f \u0441\u043c\u0435\u043a\u0430\u043b\u043a\u0430, \u043e\u043d\u0438 \u0443\u0437\u043d\u0430\u044e\u0442 \u043e \u043c\u0430\u0442\u0435\u043c\u0430\u0442\u0438\u043a\u0435, \u043f\u043e\u0442\u0440\u0435\u043d\u0438\u0440\u0443\u044e\u0442 \u0432\u043d\u0438\u043c\u0430\u0442\u0435\u043b\u044c\u043d\u043e\u0441\u0442\u044c \u0438 \u043b\u043e\u0433\u0438\u0447\u0435\u0441\u043a\u043e\u0435 \u043c\u044b\u0448\u043b\u0435\u043d\u0438\u0435. \u0420\u0430\u0437\u0432\u0438\u0432\u0430\u044e\u0449\u0438\u0439 \u0431\u0438\u0437\u0438\u0431\u043e\u0440\u0434 \u043f\u043e\u0434\u0445\u043e\u0434\u0438\u0442 \u0434\u043b\u044f \u043c\u0435\u0442\u043e\u0434\u0438\u043a\u0438 \u041c\u043e\u043d\u0442\u0435\u0441\u0441\u043e\u0440\u0438. \u041e\u043d \u043e\u0442\u043b\u0438\u0447\u043d\u043e \u0434\u043e\u043f\u043e\u043b\u043d\u0438\u0442 \u0434\u043e\u043c\u0430\u0448\u043d\u044e\u044e \u043a\u043e\u043c\u043d\u0430\u0442\u0443 \u043c\u0430\u043b\u044b\u0448\u0430, \u0438\u0433\u0440\u043e\u0432\u0443\u044e \u0437\u043e\u043d\u0443 \u0432 \u0434\u0435\u0442\u0441\u043a\u043e\u043c \u0441\u0430\u0434\u0443, \u0446\u0435\u043d\u0442\u0440\u0435 \u0440\u0430\u0437\u0432\u0438\u0442\u0438\u044f.<br \/>\n\u041d\u0430\u0441\u0442\u0435\u043d\u043d\u0430\u044f \u0434\u0435\u0440\u0435\u0432\u044f\u043d\u043d\u0430\u044f \u0438\u0433\u0440\u0443\u0448\u043a\u0430 \u043f\u043e\u0437\u043d\u0430\u043a\u043e\u043c\u0438\u0442 \u0434\u0435\u0442\u0435\u0439 \u0441 \u043f\u043e\u043d\u044f\u0442\u0438\u044f\u043c\u0438 \u0447\u0438\u0441\u043b\u043e \u0438 \u043a\u043e\u043b\u0438\u0447\u0435\u0441\u0442\u0432\u043e.<\/p>\n<p>\u042f\u0440\u043a\u0438\u0439 \u0431\u0438\u0437\u0438\u0431\u043e\u0440\u0434 \u0443\u0432\u043b\u0435\u0447\u0435\u0442 \u0434\u0435\u0442\u0435\u0439 \u0438\u0433\u0440\u043e\u0439, \u0432\u043e \u0432\u0440\u0435\u043c\u044f \u043a\u043e\u0442\u043e\u0440\u043e\u0439 \u0443\u043a\u0440\u0435\u043f\u043b\u044f\u044e\u0442\u0441\u044f \u043c\u044b\u0448\u0446\u044b \u0440\u0443\u043a \u0438 \u0437\u0440\u0438\u0442\u0435\u043b\u044c\u043d\u043e-\u043c\u043e\u0442\u043e\u0440\u043d\u0430\u044f \u043a\u043e\u043e\u0440\u0434\u0438\u043d\u0430\u0446\u0438\u044e.<br \/>\n\u0420\u0430\u0437\u0432\u0438\u0432\u0430\u044e\u0449\u0438\u0439 \u0434\u0435\u0440\u0435\u0432\u044f\u043d\u043d\u044b\u0439 \u0431\u0438\u0437\u0438\u0431\u043e\u0440\u0434 \u043d\u0430\u0434\u0435\u0436\u043d\u044b\u0439 \u0438 \u043f\u0440\u043e\u0447\u043d\u044b\u0439, \u043b\u0435\u0433\u043a\u043e \u043a\u0440\u0435\u043f\u0438\u0442\u0441\u044f \u043a \u0441\u0442\u0435\u043d\u0435.[trim][:ro_RO]<strong>Tabloul de afaceri Viga Toys &#8220;Potrive\u0219te numerele&#8221; va ajuta copiii s\u0103 \u00eenve\u021be \u0219i s\u0103 memoreze numerele de la 1 la 10.<\/strong><\/p>\n<p>Copiii trebuie s\u0103 rezolve puzzle-ul \u0219i s\u0103 sorteze corect cercurile colorate cu diferite numere de puncte desenate la numerele corespunz\u0103toare de pe baz\u0103. Viga Toys Busyboard &#8220;Potrive\u0219te numerele&#8221; este conceput pentru copii de la 18 luni la 3 ani.<br \/>\nPentru a rezolva sarcinile, copiii vor avea nevoie de ingeniozitate, vor \u00eenv\u0103\u021ba despre matematic\u0103, \u00ee\u0219i vor antrena aten\u021bia \u0219i g\u00e2ndirea logic\u0103. Busyboard-ul este potrivit pentru tehnica Montessori, iar stilul juc\u0103riei va completa perfect camera de acas\u0103 a bebelu\u0219ului, zona de joac\u0103 \u00een gr\u0103dini\u021b\u0103, centrul de dezvoltare.<br \/>\nJuc\u0103ria din lemn de perete va ar\u0103ta copiilor conceptele de num\u0103r \u0219i cantitate.<\/p>\n<p>Un busyboard care va captiva copiii, iar jocul cu acesta va ajuta la dezvoltarea motoric\u0103 \u0219i vizual\u0103.<br \/>\nJuc\u0103ria educativ\u0103 este fiabil\u0103 \u0219i durabil\u0103, u\u0219or de ata\u0219at pe perete.<\/p>\n<p>&nbsp;<\/p>\n","protected":false},"excerpt":{"rendered":"<p>[:ru_RU]\u0411\u0438\u0437\u0438\u0431\u043e\u0440\u0434 Viga Toys &#8220;\u041f\u0440\u043e\u0441\u0442\u043e\u0439 \u0441\u0447\u0435\u0442&#8221; \u0441\u0447\u0435\u0442 \u043f\u043e\u043c\u043e\u0436\u0435\u0442 \u0434\u0435\u0442\u044f\u043c \u0432\u044b\u0443\u0447\u0438\u0442\u044c \u0438 \u0437\u0430\u043f\u043e\u043c\u043d\u0438\u0442\u044c \u0447\u0438\u0441\u043b\u0430 \u043e\u0442 1 \u0434\u043e 10. \u041c\u0430\u043b\u044b\u0448\u0430\u043c \u043d\u0435\u043e\u0431\u0445\u043e\u0434\u0438\u043c\u043e \u0440\u0435\u0448\u0438\u0442\u044c \u0433\u043e\u043b\u043e\u0432\u043e\u043b\u043e\u043c\u043a\u0443 \u0438 \u043f\u0440\u0430\u0432\u0438\u043b\u044c\u043d\u043e \u0440\u0430\u0441\u0441\u043e\u0440\u0442\u0438\u0440\u043e\u0432\u0430\u0442\u044c \u0446\u0432\u0435\u0442\u043d\u044b\u0435 \u043a\u0440\u0443\u0436\u043e\u0447\u043a\u0438 \u0441 \u0440\u0430\u0437\u043d\u044b\u043c \u043a\u043e\u043b\u0438\u0447\u0435\u0441\u0442\u0432\u043e\u043c \u043d\u0430\u0440\u0438\u0441\u043e\u0432\u0430\u043d\u043d\u044b\u0445 \u0442\u043e\u0447\u0435\u043a \u043a \u0441\u043e\u043e\u0442\u0432\u0435\u0442\u0441\u0442\u0432\u0443\u044e\u0449\u0438\u043c \u0446\u0438\u0444\u0440\u0430\u043c \u043d\u0430 \u043e\u0441\u043d\u043e\u0432\u0435. \u0411\u0438\u0437\u0438\u0431\u043e\u0440\u0434 Viga Toys \u041f\u0440\u043e\u0441\u0442\u043e\u0439 \u0441\u0447\u0435\u0442 \u043f\u0440\u0435\u0434\u043d\u0430\u0437\u043d\u0430\u0447\u0435\u043d \u0434\u043b\u044f \u0434\u0435\u0442\u0435\u0439 \u043e\u0442 18 \u043c\u0435\u0441\u044f\u0446\u0435\u0432 \u0434\u043e 3 \u043b\u0435\u0442. \u0414\u043b\u044f \u0440\u0435\u0448\u0435\u043d\u0438\u044f \u0437\u0430\u0434\u0430\u0447\u0435\u043a \u043c\u0430\u043b\u044b\u0448\u0430\u043c \u043f\u043e\u043d\u0430\u0434\u043e\u0431\u0438\u0442\u0441\u044f \u0441\u043c\u0435\u043a\u0430\u043b\u043a\u0430, [&hellip;]<\/p>\n","protected":false},"featured_media":49214,"comment_status":"open","ping_status":"closed","template":"","meta":{"_acf_changed":false},"product_brand":[],"product_cat":[6721],"product_tag":[],"class_list":{"0":"post-49220","1":"product","2":"type-product","3":"status-publish","4":"has-post-thumbnail","6":"product_cat-ru_ru-derevjannye-igrushki","8":"first","9":"instock","10":"shipping-taxable","11":"purchasable","12":"product-type-simple"},"acf":[],"_links":{"self":[{"href":"https:\/\/minimax.md\/ru\/wp-json\/wp\/v2\/product\/49220","targetHints":{"allow":["GET"]}}],"collection":[{"href":"https:\/\/minimax.md\/ru\/wp-json\/wp\/v2\/product"}],"about":[{"href":"https:\/\/minimax.md\/ru\/wp-json\/wp\/v2\/types\/product"}],"replies":[{"embeddable":true,"href":"https:\/\/minimax.md\/ru\/wp-json\/wp\/v2\/comments?post=49220"}],"version-history":[{"count":0,"href":"https:\/\/minimax.md\/ru\/wp-json\/wp\/v2\/product\/49220\/revisions"}],"wp:featuredmedia":[{"embeddable":true,"href":"https:\/\/minimax.md\/ru\/wp-json\/wp\/v2\/media\/49214"}],"wp:attachment":[{"href":"https:\/\/minimax.md\/ru\/wp-json\/wp\/v2\/media?parent=49220"}],"wp:term":[{"taxonomy":"product_brand","embeddable":true,"href":"https:\/\/minimax.md\/ru\/wp-json\/wp\/v2\/product_brand?post=49220"},{"taxonomy":"product_cat","embeddable":true,"href":"https:\/\/minimax.md\/ru\/wp-json\/wp\/v2\/product_cat?post=49220"},{"taxonomy":"product_tag","embeddable":true,"href":"https:\/\/minimax.md\/ru\/wp-json\/wp\/v2\/product_tag?post=49220"}],"curies":[{"name":"wp","href":"https:\/\/api.w.org\/{rel}","templated":true}]}}