{"id":49224,"date":"2024-02-18T09:02:59","date_gmt":"2024-02-18T06:02:59","guid":{"rendered":"https:\/\/minimax.md\/product\/49224.html"},"modified":"2024-02-21T09:03:48","modified_gmt":"2024-02-21T06:03:48","slug":"ru_ru-konstruktor-v-rjukzake-dinozavr-trim-ro_ro-set-de-construc-ie-n-rucsac-dinozaur","status":"publish","type":"product","link":"https:\/\/minimax.md\/ru\/product\/49224.html","title":{"rendered":"\u041a\u043e\u043d\u0441\u0442\u0440\u0443\u043a\u0442\u043e\u0440 \u0432 \u0440\u044e\u043a\u0437\u0430\u043a\u0435 \"\u0414\u0438\u043d\u043e\u0437\u0430\u0432\u0440\""},"content":{"rendered":"<p>[:ru_RU]\u0412\u0438\u043d\u0442\u043e\u0432\u043e\u0439 \u0434\u0435\u0442\u0441\u043a\u0438\u0439 \u043a\u043e\u043d\u0441\u0442\u0440\u0443\u043a\u0442\u043e\u0440 \u2014 \u044d\u0442\u043e \u0443\u0432\u043b\u0435\u043a\u0430\u0442\u0435\u043b\u044c\u043d\u0430\u044f, \u044f\u0440\u043a\u0430\u044f \u0438\u0433\u0440\u0443\u0448\u043a\u0430 \u043d\u0435\u0441\u043e\u043c\u043d\u0435\u043d\u043d\u043e \u043f\u043e\u0440\u0430\u0434\u0443\u0435\u0442 \u0440\u0435\u0431\u0451\u043d\u043a\u0430. \u0414\u0435\u0442\u044f\u043c \u043f\u0440\u0435\u0434\u0441\u0442\u043e\u0438\u0442 \u0441\u043e\u0431\u0440\u0430\u0442\u044c \u0440\u0435\u0430\u043b\u0438\u0441\u0442\u0438\u0447\u043d\u043e\u0433\u043e \u0434\u0438\u043d\u043e\u0437\u0430\u0432\u0440\u0430 \u0438\u0437 \u043a\u0440\u0443\u043f\u043d\u044b\u0445 \u0440\u0430\u0437\u043d\u043e\u0446\u0432\u0435\u0442\u043d\u044b\u0445 \u044d\u043b\u0435\u043c\u0435\u043d\u0442\u043e\u0432. \u0420\u0435\u0431\u0435\u043d\u043e\u043a \u0441 \u043f\u043e\u043c\u043e\u0449\u044c\u044e \u043e\u0442\u0432\u0435\u0440\u0442\u043a\u0438, \u0438\u043c\u0435\u044e\u0449\u0435\u0439\u0441\u044f \u0432 \u043d\u0430\u0431\u043e\u0440\u0435, \u0441\u043c\u043e\u0436\u0435\u0442 \u0441\u0430\u043c \u0441\u043e\u0431\u0440\u0430\u0442\u044c \u0438\u0433\u0440\u0443\u0448\u043a\u0443. \u041a\u043e\u043d\u0441\u0442\u0440\u0443\u043a\u0442\u043e\u0440 \u0441\u043f\u043e\u0441\u043e\u0431\u0441\u0442\u0432\u0443\u0435\u0442 \u0440\u0430\u0437\u0432\u0438\u0442\u0438\u044e \u0438\u043d\u0442\u0435\u043b\u043b\u0435\u043a\u0442\u0430, \u0432\u043e\u043e\u0431\u0440\u0430\u0436\u0435\u043d\u0438\u044f \u0438 \u0442\u0432\u043e\u0440\u0447\u0435\u0441\u0442\u0432\u0430 \u0440\u0435\u0431\u0435\u043d\u043a\u0430.<\/p>\n<p> \t\u042d\u043b\u0435\u043c\u0435\u043d\u0442\u044b \u0432\u044b\u043f\u043e\u043b\u043d\u0435\u043d\u044b \u0438\u0437 \u043f\u0440\u043e\u0447\u043d\u043e\u0433\u043e \u043f\u043b\u0430\u0441\u0442\u0438\u043a\u0430.<br \/>\n \t\u0420\u0435\u043a\u043e\u043c\u0435\u043d\u0434\u0443\u0435\u043c\u044b\u0439 \u0432\u043e\u0437\u0440\u0430\u0441\u0442: 3+[trim][:ro_RO]Setul de construc\u021bie pentru copii cu \u0219uruburi este o juc\u0103rie incitant\u0103, care f\u0103r\u0103 \u00eendoial\u0103 va fi pe placul fiec\u0103rui copil. Micii constructori vor trebui s\u0103 asambleze un dinozaur realist din elemente multicolore. Copilul va putea asambla juc\u0103ria cu ajutorul unei \u0219urubelni\u021be incluse \u00een set.<\/p>\n<p>Setul de construc\u021bie reprezint\u0103 un mod inedit de a dezvolta inteligen\u021ba copilului prin joc,\u00a0 dezvolt\u00e2nd imagina\u021bia, \u00eendem\u00e2narea \u0219i creativitatea.<\/p>\n<ul>\n<li>Elementele din set sunt realizate din plastic rezistent.<\/li>\n<li>V\u00e2rsta recomandat\u0103: 3+<\/li>\n<\/ul>\n","protected":false},"excerpt":{"rendered":"<p>[:ru_RU]\u0412\u0438\u043d\u0442\u043e\u0432\u043e\u0439 \u0434\u0435\u0442\u0441\u043a\u0438\u0439 \u043a\u043e\u043d\u0441\u0442\u0440\u0443\u043a\u0442\u043e\u0440 \u2014 \u044d\u0442\u043e \u0443\u0432\u043b\u0435\u043a\u0430\u0442\u0435\u043b\u044c\u043d\u0430\u044f, \u044f\u0440\u043a\u0430\u044f \u0438\u0433\u0440\u0443\u0448\u043a\u0430 \u043d\u0435\u0441\u043e\u043c\u043d\u0435\u043d\u043d\u043e \u043f\u043e\u0440\u0430\u0434\u0443\u0435\u0442 \u0440\u0435\u0431\u0451\u043d\u043a\u0430. \u0414\u0435\u0442\u044f\u043c \u043f\u0440\u0435\u0434\u0441\u0442\u043e\u0438\u0442 \u0441\u043e\u0431\u0440\u0430\u0442\u044c \u0440\u0435\u0430\u043b\u0438\u0441\u0442\u0438\u0447\u043d\u043e\u0433\u043e \u0434\u0438\u043d\u043e\u0437\u0430\u0432\u0440\u0430 \u0438\u0437 \u043a\u0440\u0443\u043f\u043d\u044b\u0445 \u0440\u0430\u0437\u043d\u043e\u0446\u0432\u0435\u0442\u043d\u044b\u0445 \u044d\u043b\u0435\u043c\u0435\u043d\u0442\u043e\u0432. \u0420\u0435\u0431\u0435\u043d\u043e\u043a \u0441 \u043f\u043e\u043c\u043e\u0449\u044c\u044e \u043e\u0442\u0432\u0435\u0440\u0442\u043a\u0438, \u0438\u043c\u0435\u044e\u0449\u0435\u0439\u0441\u044f \u0432 \u043d\u0430\u0431\u043e\u0440\u0435, \u0441\u043c\u043e\u0436\u0435\u0442 \u0441\u0430\u043c \u0441\u043e\u0431\u0440\u0430\u0442\u044c \u0438\u0433\u0440\u0443\u0448\u043a\u0443. \u041a\u043e\u043d\u0441\u0442\u0440\u0443\u043a\u0442\u043e\u0440 \u0441\u043f\u043e\u0441\u043e\u0431\u0441\u0442\u0432\u0443\u0435\u0442 \u0440\u0430\u0437\u0432\u0438\u0442\u0438\u044e \u0438\u043d\u0442\u0435\u043b\u043b\u0435\u043a\u0442\u0430, \u0432\u043e\u043e\u0431\u0440\u0430\u0436\u0435\u043d\u0438\u044f \u0438 \u0442\u0432\u043e\u0440\u0447\u0435\u0441\u0442\u0432\u0430 \u0440\u0435\u0431\u0435\u043d\u043a\u0430. \u042d\u043b\u0435\u043c\u0435\u043d\u0442\u044b \u0432\u044b\u043f\u043e\u043b\u043d\u0435\u043d\u044b \u0438\u0437 \u043f\u0440\u043e\u0447\u043d\u043e\u0433\u043e \u043f\u043b\u0430\u0441\u0442\u0438\u043a\u0430. \u0420\u0435\u043a\u043e\u043c\u0435\u043d\u0434\u0443\u0435\u043c\u044b\u0439 \u0432\u043e\u0437\u0440\u0430\u0441\u0442: 3+[trim][:ro_RO]Setul de construc\u021bie pentru copii cu \u0219uruburi este o [&hellip;]<\/p>\n","protected":false},"featured_media":49221,"comment_status":"open","ping_status":"closed","template":"","meta":{"_acf_changed":false},"product_brand":[],"product_cat":[6711],"product_tag":[],"class_list":{"0":"post-49224","1":"product","2":"type-product","3":"status-publish","4":"has-post-thumbnail","6":"product_cat-ru_ru-konstruktory-trim-ro_","8":"first","9":"instock","10":"shipping-taxable","11":"purchasable","12":"product-type-simple"},"acf":[],"_links":{"self":[{"href":"https:\/\/minimax.md\/ru\/wp-json\/wp\/v2\/product\/49224","targetHints":{"allow":["GET"]}}],"collection":[{"href":"https:\/\/minimax.md\/ru\/wp-json\/wp\/v2\/product"}],"about":[{"href":"https:\/\/minimax.md\/ru\/wp-json\/wp\/v2\/types\/product"}],"replies":[{"embeddable":true,"href":"https:\/\/minimax.md\/ru\/wp-json\/wp\/v2\/comments?post=49224"}],"version-history":[{"count":0,"href":"https:\/\/minimax.md\/ru\/wp-json\/wp\/v2\/product\/49224\/revisions"}],"wp:featuredmedia":[{"embeddable":true,"href":"https:\/\/minimax.md\/ru\/wp-json\/wp\/v2\/media\/49221"}],"wp:attachment":[{"href":"https:\/\/minimax.md\/ru\/wp-json\/wp\/v2\/media?parent=49224"}],"wp:term":[{"taxonomy":"product_brand","embeddable":true,"href":"https:\/\/minimax.md\/ru\/wp-json\/wp\/v2\/product_brand?post=49224"},{"taxonomy":"product_cat","embeddable":true,"href":"https:\/\/minimax.md\/ru\/wp-json\/wp\/v2\/product_cat?post=49224"},{"taxonomy":"product_tag","embeddable":true,"href":"https:\/\/minimax.md\/ru\/wp-json\/wp\/v2\/product_tag?post=49224"}],"curies":[{"name":"wp","href":"https:\/\/api.w.org\/{rel}","templated":true}]}}