{"id":49248,"date":"2024-02-18T09:03:10","date_gmt":"2024-02-18T06:03:10","guid":{"rendered":"https:\/\/minimax.md\/product\/49248.html"},"modified":"2024-03-13T00:17:29","modified_gmt":"2024-03-12T21:17:29","slug":"ru_ru-bizibord-nastennyj-zhiraf-s-fruktami-trim-ro_ro-busyboard-de-perete-girafa-cu-fructe","status":"publish","type":"product","link":"https:\/\/minimax.md\/ru\/product\/49248.html","title":{"rendered":"\u0411\u0438\u0437\u0438\u0431\u043e\u0440\u0434 (\u043d\u0430\u0441\u0442\u0435\u043d\u043d\u044b\u0439) - \"\u0416\u0438\u0440\u0430\u0444 \u0441 \u0444\u0440\u0443\u043a\u0442\u0430\u043c\u0438\""},"content":{"rendered":"<p>[:ru_RU]\u0412\u0435\u0441\u0435\u043b\u044b\u0439 \u0436\u0438\u0440\u0430\u0444 \u043f\u0440\u0435\u0434\u043b\u0430\u0433\u0430\u0435\u0442 \u043c\u0430\u043b\u044b\u0448\u0430\u043c \u0441\u043e\u0431\u0440\u0430\u0442\u044c 4 \u043a\u0440\u0430\u0441\u043e\u0447\u043d\u044b\u0445 \u043f\u0430\u0437\u043b\u0430 \u0441 \u0444\u0440\u0443\u043a\u0442\u0430\u043c\u0438. \u0418\u0433\u0440\u0443\u0448\u043a\u0430 \u0440\u0430\u0437\u0432\u0438\u0432\u0430\u0435\u0442 \u043b\u043e\u0433\u0438\u043a\u0443 \u0438 \u043a\u043e\u043e\u0440\u0434\u0438\u043d\u0430\u0446\u0438\u044e \u0440\u0430\u0431\u043e\u0442\u044b \u0440\u0443\u043a \u0438 \u0433\u043b\u0430\u0437.<\/p>\n<p> \t\u041e\u0441\u043e\u0431\u0435\u043d\u043d\u043e\u0441\u0442\u0438:<br \/>\n\u041d\u0430\u0441\u0442\u0435\u043d\u043d\u044b\u0439 \u0431\u0438\u0437\u0438\u0431\u043e\u0440\u0434 \u0432\u043a\u043b\u044e\u0447\u0430\u0435\u0442 \u0432 \u0441\u0435\u0431\u044f 4 \u043f\u0430\u0437\u043b\u0430 \u0441 \u0440\u0430\u0437\u043b\u0438\u0447\u043d\u044b\u043c\u0438 \u0444\u0440\u0443\u043a\u0442\u0430\u043c\u0438.[trim][:ro_RO]<strong>O giraf\u0103 vesel\u0103 invit\u0103 copiii s\u0103 adune 4 puzzle-uri colorate cu fructe. Juc\u0103ria dezvolt\u0103 logica \u0219i coordonarea muncii m\u00e2inilor \u0219i ochilor.<\/strong><\/p>\n<p><em>Particularit\u0103\u021bi<\/em>:<\/p>\n<ul>\n<li>Tabla de perete include 4 puzzle-uri cu diverse fructe.<\/li>\n<\/ul>\n","protected":false},"excerpt":{"rendered":"<p>[:ru_RU]\u0412\u0435\u0441\u0435\u043b\u044b\u0439 \u0436\u0438\u0440\u0430\u0444 \u043f\u0440\u0435\u0434\u043b\u0430\u0433\u0430\u0435\u0442 \u043c\u0430\u043b\u044b\u0448\u0430\u043c \u0441\u043e\u0431\u0440\u0430\u0442\u044c 4 \u043a\u0440\u0430\u0441\u043e\u0447\u043d\u044b\u0445 \u043f\u0430\u0437\u043b\u0430 \u0441 \u0444\u0440\u0443\u043a\u0442\u0430\u043c\u0438. \u0418\u0433\u0440\u0443\u0448\u043a\u0430 \u0440\u0430\u0437\u0432\u0438\u0432\u0430\u0435\u0442 \u043b\u043e\u0433\u0438\u043a\u0443 \u0438 \u043a\u043e\u043e\u0440\u0434\u0438\u043d\u0430\u0446\u0438\u044e \u0440\u0430\u0431\u043e\u0442\u044b \u0440\u0443\u043a \u0438 \u0433\u043b\u0430\u0437. \u041e\u0441\u043e\u0431\u0435\u043d\u043d\u043e\u0441\u0442\u0438: \u041d\u0430\u0441\u0442\u0435\u043d\u043d\u044b\u0439 \u0431\u0438\u0437\u0438\u0431\u043e\u0440\u0434 \u0432\u043a\u043b\u044e\u0447\u0430\u0435\u0442 \u0432 \u0441\u0435\u0431\u044f 4 \u043f\u0430\u0437\u043b\u0430 \u0441 \u0440\u0430\u0437\u043b\u0438\u0447\u043d\u044b\u043c\u0438 \u0444\u0440\u0443\u043a\u0442\u0430\u043c\u0438.[trim][:ro_RO]O giraf\u0103 vesel\u0103 invit\u0103 copiii s\u0103 adune 4 puzzle-uri colorate cu fructe. Juc\u0103ria dezvolt\u0103 logica \u0219i coordonarea muncii m\u00e2inilor \u0219i ochilor. Particularit\u0103\u021bi: Tabla de perete include [&hellip;]<\/p>\n","protected":false},"featured_media":49243,"comment_status":"open","ping_status":"closed","template":"","meta":{"_acf_changed":false},"product_brand":[],"product_cat":[6721],"product_tag":[],"class_list":{"0":"post-49248","1":"product","2":"type-product","3":"status-publish","4":"has-post-thumbnail","6":"product_cat-ru_ru-derevjannye-igrushki","8":"first","9":"instock","10":"shipping-taxable","11":"purchasable","12":"product-type-simple"},"acf":[],"_links":{"self":[{"href":"https:\/\/minimax.md\/ru\/wp-json\/wp\/v2\/product\/49248","targetHints":{"allow":["GET"]}}],"collection":[{"href":"https:\/\/minimax.md\/ru\/wp-json\/wp\/v2\/product"}],"about":[{"href":"https:\/\/minimax.md\/ru\/wp-json\/wp\/v2\/types\/product"}],"replies":[{"embeddable":true,"href":"https:\/\/minimax.md\/ru\/wp-json\/wp\/v2\/comments?post=49248"}],"version-history":[{"count":0,"href":"https:\/\/minimax.md\/ru\/wp-json\/wp\/v2\/product\/49248\/revisions"}],"wp:featuredmedia":[{"embeddable":true,"href":"https:\/\/minimax.md\/ru\/wp-json\/wp\/v2\/media\/49243"}],"wp:attachment":[{"href":"https:\/\/minimax.md\/ru\/wp-json\/wp\/v2\/media?parent=49248"}],"wp:term":[{"taxonomy":"product_brand","embeddable":true,"href":"https:\/\/minimax.md\/ru\/wp-json\/wp\/v2\/product_brand?post=49248"},{"taxonomy":"product_cat","embeddable":true,"href":"https:\/\/minimax.md\/ru\/wp-json\/wp\/v2\/product_cat?post=49248"},{"taxonomy":"product_tag","embeddable":true,"href":"https:\/\/minimax.md\/ru\/wp-json\/wp\/v2\/product_tag?post=49248"}],"curies":[{"name":"wp","href":"https:\/\/api.w.org\/{rel}","templated":true}]}}