{"id":49325,"date":"2024-02-18T09:03:42","date_gmt":"2024-02-18T06:03:42","guid":{"rendered":"https:\/\/minimax.md\/product\/49325.html"},"modified":"2024-03-13T00:32:54","modified_gmt":"2024-03-12T21:32:54","slug":"ru_ru-mikrofon-derevjannyj-trim-ro_ro-microfon-de-lemn","status":"publish","type":"product","link":"https:\/\/minimax.md\/ru\/product\/49325.html","title":{"rendered":"\u041c\u0438\u043a\u0440\u043e\u0444\u043e\u043d \u0434\u0435\u0440\u0435\u0432\u044f\u043d\u043d\u044b\u0439"},"content":{"rendered":"<p>[:ru_RU]\u041c\u0438\u043a\u0440\u043e\u0444\u043e\u043d Hape (\u0425\u0430\u043f\u0435) \u042d\u0445\u043e \u043f\u043e\u043d\u0440\u0430\u0432\u0438\u0442\u0441\u044f \u0440\u0435\u0431\u0435\u043d\u043a\u0443, \u043c\u0435\u0447\u0442\u0430\u044e\u0449\u0435\u043c\u0443 \u0441\u0442\u0430\u0442\u044c \u043c\u0443\u0437\u044b\u043a\u0430\u043d\u0442\u043e\u043c.<br \/>\n\u0420\u0435\u0431\u0435\u043d\u043e\u043a \u043c\u0435\u0447\u0442\u0430\u0435\u0442 \u0441\u0442\u0430\u0442\u044c \u0437\u043d\u0430\u043c\u0435\u043d\u0438\u0442\u044b\u043c \u043f\u0435\u0432\u0446\u043e\u043c? \u0421 \u0432\u044b\u0441\u043e\u043a\u043e\u043a\u0430\u0447\u0435\u0441\u0442\u0432\u0435\u043d\u043d\u044b\u043c \u043c\u0438\u043a\u0440\u043e\u0444\u043e\u043d\u043e\u043c Mighty Echo \u043a\u0430\u0436\u0434\u044b\u0439 \u043c\u043e\u0436\u0435\u0442 \u043f\u0435\u0442\u044c, \u043a\u0430\u043a \u043f\u043e\u043f-\u0437\u0432\u0435\u0437\u0434\u0430.<\/p>\n<p>\u041e\u0441\u043d\u043e\u0432\u043d\u044b\u0435 \u043f\u0440\u0435\u0438\u043c\u0443\u0449\u0435\u0441\u0442\u0432\u0430:<br \/>\n* \u043c\u0438\u043a\u0440\u043e\u0444\u043e\u043d \u0440\u0430\u0431\u043e\u0442\u0430\u0435\u0442 \u043f\u043e \u043f\u0440\u0438\u043d\u0446\u0438\u043f\u0443 &#8220;\u042d\u0445\u043e&#8221; &#8211; \u0431\u0430\u0442\u0430\u0440\u0435\u0439\u043a\u0438 \u043d\u0435 \u0442\u0440\u0435\u0431\u0443\u044e\u0442\u0441\u044f<br \/>\n* \u0443\u043d\u0438\u043a\u0430\u043b\u044c\u043d\u044b\u0439, \u044f\u0440\u043a\u0438\u0439, \u043a\u0440\u0430\u0441\u043e\u0447\u043d\u044b\u0439 \u0434\u0438\u0437\u0430\u0439\u043d \u043f\u043e\u043d\u0440\u0430\u0432\u0438\u0442\u0441\u044f \u0438 \u0434\u0435\u0432\u043e\u0447\u043a\u0430\u043c, \u0438 \u043c\u0430\u043b\u044c\u0447\u0438\u043a\u0430\u043c<br \/>\n* \u043c\u0443\u0437\u044b\u043a\u0430\u043b\u044c\u043d\u0430\u044f \u0438\u0433\u0440\u0443\u0448\u043a\u0430 \u0441\u0442\u0438\u043c\u0443\u043b\u0438\u0440\u0443\u0435\u0442 \u0440\u0435\u0447\u0435\u0432\u044b\u0435 \u0438 \u043f\u0435\u0432\u0447\u0435\u0441\u043a\u0438\u0435 \u0441\u043f\u043e\u0441\u043e\u0431\u043d\u043e\u0441\u0442\u0438 \u0443 \u0434\u0435\u0442\u0435\u0439 \u043c\u043b\u0430\u0434\u0448\u0435\u0433\u043e \u0432\u043e\u0437\u0440\u0430\u0441\u0442\u0430<br \/>\n\u044d\u0442\u0430 \u0438\u0433\u0440\u0443\u0448\u043a\u0430 \u0441\u043f\u043e\u0441\u043e\u0431\u0441\u0442\u0432\u0443\u0435\u0442 \u0440\u0430\u0437\u0432\u0438\u0442\u0438\u044e \u043c\u0443\u0437\u044b\u043a\u0430\u043b\u044c\u043d\u044b\u0445 \u043d\u0430\u0432\u044b\u043a\u043e\u0432 \u0438 \u0442\u0432\u043e\u0440\u0447\u0435\u0441\u043a\u043e\u0433\u043e \u0441\u0430\u043c\u043e\u0432\u044b\u0440\u0430\u0436\u0435\u043d\u0438\u044f[trim][:ro_RO]Crezi c\u0103 e\u0219ti un c\u00e2nt\u0103re\u021b \/ c\u00e2nt\u0103re\u021b celebru? Datorit\u0103 microfonului wireless de \u00eenalt\u0103 calitate, toat\u0103 lumea poate c\u00e2nta ca o stea pop! Treze\u0219te-\u021bi un superstar \u0219i dep\u0103\u0219e\u0219te-\u021bi frica de a face performan\u021b\u0103<\/p>\n<p>Fabricat din material lemnos de \u00eenalt\u0103 calitate \u0219i rezistent.<br \/>\nDesign modern.<br \/>\nDimensiune: 18 x 18 x 10 cm.<br \/>\nPotrivit pentru copii de la 12 luni.<\/p>\n","protected":false},"excerpt":{"rendered":"<p>[:ru_RU]\u041c\u0438\u043a\u0440\u043e\u0444\u043e\u043d Hape (\u0425\u0430\u043f\u0435) \u042d\u0445\u043e \u043f\u043e\u043d\u0440\u0430\u0432\u0438\u0442\u0441\u044f \u0440\u0435\u0431\u0435\u043d\u043a\u0443, \u043c\u0435\u0447\u0442\u0430\u044e\u0449\u0435\u043c\u0443 \u0441\u0442\u0430\u0442\u044c \u043c\u0443\u0437\u044b\u043a\u0430\u043d\u0442\u043e\u043c. \u0420\u0435\u0431\u0435\u043d\u043e\u043a \u043c\u0435\u0447\u0442\u0430\u0435\u0442 \u0441\u0442\u0430\u0442\u044c \u0437\u043d\u0430\u043c\u0435\u043d\u0438\u0442\u044b\u043c \u043f\u0435\u0432\u0446\u043e\u043c? \u0421 \u0432\u044b\u0441\u043e\u043a\u043e\u043a\u0430\u0447\u0435\u0441\u0442\u0432\u0435\u043d\u043d\u044b\u043c \u043c\u0438\u043a\u0440\u043e\u0444\u043e\u043d\u043e\u043c Mighty Echo \u043a\u0430\u0436\u0434\u044b\u0439 \u043c\u043e\u0436\u0435\u0442 \u043f\u0435\u0442\u044c, \u043a\u0430\u043a \u043f\u043e\u043f-\u0437\u0432\u0435\u0437\u0434\u0430. \u041e\u0441\u043d\u043e\u0432\u043d\u044b\u0435 \u043f\u0440\u0435\u0438\u043c\u0443\u0449\u0435\u0441\u0442\u0432\u0430: * \u043c\u0438\u043a\u0440\u043e\u0444\u043e\u043d \u0440\u0430\u0431\u043e\u0442\u0430\u0435\u0442 \u043f\u043e \u043f\u0440\u0438\u043d\u0446\u0438\u043f\u0443 &#8220;\u042d\u0445\u043e&#8221; &#8211; \u0431\u0430\u0442\u0430\u0440\u0435\u0439\u043a\u0438 \u043d\u0435 \u0442\u0440\u0435\u0431\u0443\u044e\u0442\u0441\u044f * \u0443\u043d\u0438\u043a\u0430\u043b\u044c\u043d\u044b\u0439, \u044f\u0440\u043a\u0438\u0439, \u043a\u0440\u0430\u0441\u043e\u0447\u043d\u044b\u0439 \u0434\u0438\u0437\u0430\u0439\u043d \u043f\u043e\u043d\u0440\u0430\u0432\u0438\u0442\u0441\u044f \u0438 \u0434\u0435\u0432\u043e\u0447\u043a\u0430\u043c, \u0438 \u043c\u0430\u043b\u044c\u0447\u0438\u043a\u0430\u043c * \u043c\u0443\u0437\u044b\u043a\u0430\u043b\u044c\u043d\u0430\u044f \u0438\u0433\u0440\u0443\u0448\u043a\u0430 \u0441\u0442\u0438\u043c\u0443\u043b\u0438\u0440\u0443\u0435\u0442 \u0440\u0435\u0447\u0435\u0432\u044b\u0435 \u0438 \u043f\u0435\u0432\u0447\u0435\u0441\u043a\u0438\u0435 \u0441\u043f\u043e\u0441\u043e\u0431\u043d\u043e\u0441\u0442\u0438 \u0443 [&hellip;]<\/p>\n","protected":false},"featured_media":49319,"comment_status":"open","ping_status":"closed","template":"","meta":{"_acf_changed":false},"product_brand":[],"product_cat":[6708],"product_tag":[],"class_list":{"0":"post-49325","1":"product","2":"type-product","3":"status-publish","4":"has-post-thumbnail","6":"product_cat-ru_ru-instrumenty-muzykalny","8":"first","9":"instock","10":"shipping-taxable","11":"purchasable","12":"product-type-simple"},"acf":[],"_links":{"self":[{"href":"https:\/\/minimax.md\/ru\/wp-json\/wp\/v2\/product\/49325","targetHints":{"allow":["GET"]}}],"collection":[{"href":"https:\/\/minimax.md\/ru\/wp-json\/wp\/v2\/product"}],"about":[{"href":"https:\/\/minimax.md\/ru\/wp-json\/wp\/v2\/types\/product"}],"replies":[{"embeddable":true,"href":"https:\/\/minimax.md\/ru\/wp-json\/wp\/v2\/comments?post=49325"}],"version-history":[{"count":0,"href":"https:\/\/minimax.md\/ru\/wp-json\/wp\/v2\/product\/49325\/revisions"}],"wp:featuredmedia":[{"embeddable":true,"href":"https:\/\/minimax.md\/ru\/wp-json\/wp\/v2\/media\/49319"}],"wp:attachment":[{"href":"https:\/\/minimax.md\/ru\/wp-json\/wp\/v2\/media?parent=49325"}],"wp:term":[{"taxonomy":"product_brand","embeddable":true,"href":"https:\/\/minimax.md\/ru\/wp-json\/wp\/v2\/product_brand?post=49325"},{"taxonomy":"product_cat","embeddable":true,"href":"https:\/\/minimax.md\/ru\/wp-json\/wp\/v2\/product_cat?post=49325"},{"taxonomy":"product_tag","embeddable":true,"href":"https:\/\/minimax.md\/ru\/wp-json\/wp\/v2\/product_tag?post=49325"}],"curies":[{"name":"wp","href":"https:\/\/api.w.org\/{rel}","templated":true}]}}