{"id":49426,"date":"2024-02-22T09:01:35","date_gmt":"2024-02-22T06:01:35","guid":{"rendered":"https:\/\/minimax.md\/product\/49426.html"},"modified":"2024-03-13T00:17:06","modified_gmt":"2024-03-12T21:17:06","slug":"ru_ru-pesochnica-bassejn-s-kryshkoj-cherepashka-trim-ro_ro-nisipier-piscin-cu-capac-broasc-estoas","status":"publish","type":"product","link":"https:\/\/minimax.md\/ru\/product\/49426.html","title":{"rendered":"\u041f\u0435\u0441\u043e\u0447\u043d\u0438\u0446\u0430 \/ \u0411\u0430\u0441\u0441\u0435\u0439\u043d \u0441 \u043a\u0440\u044b\u0448\u043a\u043e\u0439 \"\u0427\u0435\u0440\u0435\u043f\u0430\u0448\u043a\u0430\""},"content":{"rendered":"<p>[:ru_RU]Pilsan \u041f\u0435\u0441\u043e\u0447\u043d\u0438\u0446\u0430 \u0427\u0435\u0440\u0435\u043f\u0430\u0445\u0430 \u0441 \u043a\u0440\u044b\u0448\u043a\u043e\u0439 &#8211; \u0432\u044b\u043f\u043e\u043b\u043d\u0435\u043d\u0430 \u0432 \u0432\u0438\u0434\u0435 \u0447\u0435\u0440\u0435\u043f\u0430\u0445\u0438 \u0441 \u0444\u0438\u0433\u0443\u0440\u043d\u044b\u043c\u0438 \u043b\u0430\u043f\u043a\u0430\u043c\u0438 \u0438 \u0433\u043e\u043b\u043e\u0432\u043e\u0439, \u043c\u043e\u0436\u0435\u0442 \u0431\u044b\u0442\u044c \u043d\u0430\u043f\u043e\u043b\u043d\u0435\u043d\u0430 \u0438 \u0432\u043e\u0434\u043e\u0439, \u0438 \u043f\u0435\u0441\u043a\u043e\u043c.<br \/>\n\u041f\u0435\u0441\u043e\u0447\u043d\u0438\u0446\u0430 \u043b\u0435\u0433\u043a\u043e \u0438 \u043a\u043e\u043c\u043f\u0430\u043a\u0442\u043d\u043e \u0441\u043a\u043b\u0430\u0434\u044b\u0432\u0430\u0435\u0442\u0441\u044f, \u0434\u043e\u0441\u0442\u0430\u0442\u043e\u0447\u043d\u043e \u043b\u0438\u0448\u044c \u0437\u0430\u043a\u0440\u044b\u0442\u044c \u043a\u0440\u044b\u0448\u043a\u0443-\u043f\u0430\u043d\u0446\u0438\u0440\u044c \u0427\u0435\u0440\u0435\u043f\u0430\u0448\u043a\u0438, \u043a \u0442\u043e\u043c\u0443 \u0436\u0435 \u043e\u043d\u0430 \u0437\u0430\u043d\u0438\u043c\u0430\u0435\u0442 \u043e\u0447\u0435\u043d\u044c \u043c\u0430\u043b\u043e \u043c\u0435\u0441\u0442\u0430.<br \/>\n\u0415\u0441\u043b\u0438 \u0412\u044b \u043e\u0441\u0442\u0430\u0432\u0438\u0442\u0435 \u043f\u0435\u0441\u043e\u043a \u0438\u043b\u0438 \u0432\u043e\u0434\u0443 \u0432 \u043f\u0435\u0441\u043e\u0447\u043d\u0438\u0446\u0435, \u043a\u0440\u044b\u0448\u043a\u0430 \u043f\u043e\u043c\u043e\u0436\u0435\u0442 \u0441\u043e\u0445\u0440\u0430\u043d\u0438\u0442\u044c \u0441\u043e\u0434\u0435\u0440\u0436\u0438\u043c\u043e\u0435 \u0432 \u0447\u0438\u0441\u0442\u043e\u0442\u0435.<br \/>\n\u041f\u0435\u0441\u043e\u0447\u043d\u0438\u0446\u0430-\u0431\u0430\u0441\u0441\u0435\u0439\u043d \u0427\u0435\u0440\u0435\u043f\u0430\u0448\u043a\u0430 &#8211; \u043d\u0435\u0431\u043e\u043b\u044c\u0448\u0430\u044f \u043a\u043e\u043d\u0441\u0442\u0440\u0443\u043a\u0446\u0438\u044f \u0438 \u0432\u044b \u0441 \u043b\u0435\u0433\u043a\u043e\u0441\u0442\u044c\u044e \u043c\u043e\u0436\u0435\u0442\u0435 \u0443\u0441\u0442\u0430\u043d\u043e\u0432\u0438\u0442\u044c \u0435\u0435 \u0432 \u043f\u043e\u043c\u0435\u0449\u0435\u043d\u0438\u0438, \u043d\u0430 \u0441\u0432\u0435\u0436\u0435\u043c \u0432\u043e\u0437\u0434\u0443\u0445\u0435 &#8211; \u0432\u043e\u0437\u043b\u0435 \u0434\u043e\u043c\u0430, \u0432 \u0441\u0430\u0434\u0443, \u043d\u0430 \u043f\u043b\u044f\u0436\u0435 \u0438\u043b\u0438 \u0432 \u043b\u044e\u0431\u043e\u043c \u0434\u0440\u0443\u0433\u043e\u043c \u043c\u0435\u0441\u0442\u0435.<br \/>\n\u041c\u043e\u0436\u043d\u043e \u043f\u0440\u0438\u043c\u0435\u043d\u044f\u0442\u044c \u043d\u0435 \u0442\u043e\u043b\u044c\u043a\u043e \u043d\u0430 \u0443\u043b\u0438\u0446\u0435, \u043d\u043e \u0438 \u0432 \u043f\u043e\u043c\u0435\u0449\u0435\u043d\u0438\u0438, \u0430 \u0432 \u043a\u0430\u0447\u0435\u0441\u0442\u0432\u0435 \u043d\u0430\u043f\u043e\u043b\u043d\u0438\u0442\u0435\u043b\u044f<br \/>\n\u0412\u043e\u0437\u0440\u0430\u0441\u0442\u043d\u0430\u044f \u0433\u0440\u0443\u043f\u043f\u0430 12 + \u043c\u0435\u0441\u044f\u0446\u0435\u0432<br \/>\n\u042d\u0440\u0433\u043e\u043d\u043e\u043c\u0438\u0447\u043d\u044b\u0439 \u0434\u0438\u0437\u0430\u0439\u043d \u0444\u043e\u0440\u043c\u044b \u0447\u0435\u0440\u0435\u043f\u0430\u0445\u0438<br \/>\n\u041c\u043e\u0436\u0435\u0442 \u0438\u0441\u043f\u043e\u043b\u044c\u0437\u043e\u0432\u0430\u0442\u044c\u0441\u044f \u043a\u0430\u043a \u0431\u0430\u0441\u0441\u0435\u0439\u043d \u0441 \u0432\u043e\u0434\u043e\u0439<br \/>\n\u0421\u0442\u0438\u043c\u0443\u043b\u0438\u0440\u0443\u0435\u0442 \u0441\u043e\u0446\u0438\u0430\u043b\u044c\u043d\u043e\u0435 \u0440\u0430\u0437\u0432\u0438\u0442\u0438\u0435 \u0440\u0435\u0431\u0435\u043d\u043a\u0430, \u0440\u0430\u0437\u0432\u043b\u0435\u0447\u0435\u043d\u0438\u0435 \u0438 \u0441 \u0431\u043e\u043b\u044c\u0448\u0438\u043c \u0443\u0434\u043e\u0431\u0441\u0442\u0432\u043e\u043c \u0438\u0433\u0440\u044b<br \/>\n\u0421\u0434\u0435\u043b\u0430\u043d\u043d\u043e \u0438\u0437 \u0432\u044b\u0441\u043e\u043a\u043e\u043a\u0430\u0447\u0435\u0441\u0442\u0432\u0435\u043d\u043d\u043e\u0433\u043e \u043c\u0430\u0442\u0435\u0440\u0438\u0430\u043b\u0430[trim][:ro_RO]Nisipiera original\u0103 sub form\u0103 de broasc\u0103 \u021bestoas\u0103 va \u00eenc\u00e2nta copiii cu forma \u0219i culoarea sa neobi\u0219nuit\u0103. O caracteristic\u0103 a modelului este versatilitatea sa:\u00a0poate fi umplut\u0103 at\u00e2t cu nisip, c\u00e2t \u0219i cu ap\u0103, amenaj\u00e2nd o mini-piscin\u0103. Capacul cu model sculptat \u00een form\u0103 de carapace protejeaz\u0103 nisipul de animale \u0219i precipita\u021bii. Pentru siguran\u021ba copiilor, cutia de nisip nu are col\u021buri ascu\u021bite. \u00cen plus, nisipiera este dotat\u0103 cu un scaun sculptat \u00een interiorul cutiei.<\/p>\n<ul>\n<li>V\u00e2rsta recomandat\u0103: 1+ ani<\/li>\n<li>Poate fi folosit in interior (fiind \u00eemplut cu bile din plastic) \u0219i exterior<\/li>\n<li>Durabil \u0219i fiabil<\/li>\n<li>Design atractiv realizat \u00een form\u0103 de broasc\u0103 \u021bestoas\u0103<\/li>\n<li>Materie prim\u0103 de cea mai \u00eenalt\u0103 calitate ce nu con\u021bine substan\u021be cancerigene<\/li>\n<\/ul>\n<p>&nbsp;<\/p>\n","protected":false},"excerpt":{"rendered":"<p>[:ru_RU]Pilsan \u041f\u0435\u0441\u043e\u0447\u043d\u0438\u0446\u0430 \u0427\u0435\u0440\u0435\u043f\u0430\u0445\u0430 \u0441 \u043a\u0440\u044b\u0448\u043a\u043e\u0439 &#8211; \u0432\u044b\u043f\u043e\u043b\u043d\u0435\u043d\u0430 \u0432 \u0432\u0438\u0434\u0435 \u0447\u0435\u0440\u0435\u043f\u0430\u0445\u0438 \u0441 \u0444\u0438\u0433\u0443\u0440\u043d\u044b\u043c\u0438 \u043b\u0430\u043f\u043a\u0430\u043c\u0438 \u0438 \u0433\u043e\u043b\u043e\u0432\u043e\u0439, \u043c\u043e\u0436\u0435\u0442 \u0431\u044b\u0442\u044c \u043d\u0430\u043f\u043e\u043b\u043d\u0435\u043d\u0430 \u0438 \u0432\u043e\u0434\u043e\u0439, \u0438 \u043f\u0435\u0441\u043a\u043e\u043c. \u041f\u0435\u0441\u043e\u0447\u043d\u0438\u0446\u0430 \u043b\u0435\u0433\u043a\u043e \u0438 \u043a\u043e\u043c\u043f\u0430\u043a\u0442\u043d\u043e \u0441\u043a\u043b\u0430\u0434\u044b\u0432\u0430\u0435\u0442\u0441\u044f, \u0434\u043e\u0441\u0442\u0430\u0442\u043e\u0447\u043d\u043e \u043b\u0438\u0448\u044c \u0437\u0430\u043a\u0440\u044b\u0442\u044c \u043a\u0440\u044b\u0448\u043a\u0443-\u043f\u0430\u043d\u0446\u0438\u0440\u044c \u0427\u0435\u0440\u0435\u043f\u0430\u0448\u043a\u0438, \u043a \u0442\u043e\u043c\u0443 \u0436\u0435 \u043e\u043d\u0430 \u0437\u0430\u043d\u0438\u043c\u0430\u0435\u0442 \u043e\u0447\u0435\u043d\u044c \u043c\u0430\u043b\u043e \u043c\u0435\u0441\u0442\u0430. \u0415\u0441\u043b\u0438 \u0412\u044b \u043e\u0441\u0442\u0430\u0432\u0438\u0442\u0435 \u043f\u0435\u0441\u043e\u043a \u0438\u043b\u0438 \u0432\u043e\u0434\u0443 \u0432 \u043f\u0435\u0441\u043e\u0447\u043d\u0438\u0446\u0435, \u043a\u0440\u044b\u0448\u043a\u0430 \u043f\u043e\u043c\u043e\u0436\u0435\u0442 \u0441\u043e\u0445\u0440\u0430\u043d\u0438\u0442\u044c \u0441\u043e\u0434\u0435\u0440\u0436\u0438\u043c\u043e\u0435 \u0432 \u0447\u0438\u0441\u0442\u043e\u0442\u0435. \u041f\u0435\u0441\u043e\u0447\u043d\u0438\u0446\u0430-\u0431\u0430\u0441\u0441\u0435\u0439\u043d [&hellip;]<\/p>\n","protected":false},"featured_media":49422,"comment_status":"open","ping_status":"closed","template":"","meta":{"_acf_changed":false},"product_brand":[],"product_cat":[6702],"product_tag":[],"class_list":{"0":"post-49426","1":"product","2":"type-product","3":"status-publish","4":"has-post-thumbnail","6":"product_cat-ru_ru-dlja-pesochnicy-trim","8":"first","9":"instock","10":"shipping-taxable","11":"purchasable","12":"product-type-simple"},"acf":[],"_links":{"self":[{"href":"https:\/\/minimax.md\/ru\/wp-json\/wp\/v2\/product\/49426","targetHints":{"allow":["GET"]}}],"collection":[{"href":"https:\/\/minimax.md\/ru\/wp-json\/wp\/v2\/product"}],"about":[{"href":"https:\/\/minimax.md\/ru\/wp-json\/wp\/v2\/types\/product"}],"replies":[{"embeddable":true,"href":"https:\/\/minimax.md\/ru\/wp-json\/wp\/v2\/comments?post=49426"}],"version-history":[{"count":0,"href":"https:\/\/minimax.md\/ru\/wp-json\/wp\/v2\/product\/49426\/revisions"}],"wp:featuredmedia":[{"embeddable":true,"href":"https:\/\/minimax.md\/ru\/wp-json\/wp\/v2\/media\/49422"}],"wp:attachment":[{"href":"https:\/\/minimax.md\/ru\/wp-json\/wp\/v2\/media?parent=49426"}],"wp:term":[{"taxonomy":"product_brand","embeddable":true,"href":"https:\/\/minimax.md\/ru\/wp-json\/wp\/v2\/product_brand?post=49426"},{"taxonomy":"product_cat","embeddable":true,"href":"https:\/\/minimax.md\/ru\/wp-json\/wp\/v2\/product_cat?post=49426"},{"taxonomy":"product_tag","embeddable":true,"href":"https:\/\/minimax.md\/ru\/wp-json\/wp\/v2\/product_tag?post=49426"}],"curies":[{"name":"wp","href":"https:\/\/api.w.org\/{rel}","templated":true}]}}