{"id":49430,"date":"2024-02-22T09:04:44","date_gmt":"2024-02-22T06:04:44","guid":{"rendered":"https:\/\/minimax.md\/product\/49430.html"},"modified":"2024-03-13T00:17:06","modified_gmt":"2024-03-12T21:17:06","slug":"ru_ru-konstruktor-bolshie-kirpichnye-bloki-i-koljosa-43-detalej-trim-ro_ro-set-de-c-r-mizi-mari-de-construc-ie-cu-ro-i-43-piese","status":"publish","type":"product","link":"https:\/\/minimax.md\/ru\/product\/49430.html","title":{"rendered":"\u041a\u043e\u043d\u0441\u0442\u0440\u0443\u043a\u0442\u043e\u0440 \u0431\u043e\u043b\u044c\u0448\u0438\u0435 \u043a\u0438\u0440\u043f\u0438\u0447\u043d\u044b\u0435 \u0431\u043b\u043e\u043a\u0438 \u0438 \u043a\u043e\u043b\u0451\u0441\u0430 (43 \u0434\u0435\u0442\u0430\u043b\u0435\u0439)"},"content":{"rendered":"<p>[:ru_RU]\u041a\u043e\u043d\u0441\u0442\u0440\u0443\u043a\u0442\u043e\u0440 \u0431\u043e\u043b\u044c\u0448\u0438\u0435 \u043a\u0438\u0440\u043f\u0438\u0447\u043d\u044b\u0435 \u0431\u043b\u043e\u043a\u0438 \u0438 \u043a\u043e\u043b\u0451\u0441\u0430 \u043e\u0442 Pilsan &#8211; \u044d\u0442\u043e \u0443\u0432\u043b\u0435\u043a\u0430\u0442\u0435\u043b\u044c\u043d\u044b\u0439 \u043a\u043e\u043d\u0441\u0442\u0440\u0443\u043a\u0442\u043e\u0440, \u043a\u043e\u0442\u043e\u0440\u044b\u0439 \u0440\u0430\u0437\u0432\u0438\u0432\u0430\u0435\u0442 \u0432\u043e\u043e\u0431\u0440\u0430\u0436\u0435\u043d\u0438\u0435, \u043c\u0435\u043b\u043a\u0443\u044e \u043c\u043e\u0442\u043e\u0440\u0438\u043a\u0443 \u0440\u0443\u043a, \u043f\u0440\u043e\u0441\u0442\u0440\u0430\u043d\u0441\u0442\u0432\u0435\u043d\u043d\u043e\u0435 \u0438 \u043b\u043e\u0433\u0438\u0447\u0435\u0441\u043a\u043e\u0435 \u043c\u044b\u0448\u043b\u0435\u043d\u0438\u0435. \u0411\u043e\u043b\u044c\u0448\u0438\u0435 \u043a\u0438\u0440\u043f\u0438\u0447\u0438 \u0438\u0437\u0433\u043e\u0442\u043e\u0432\u043b\u0435\u043d\u044b \u0438\u0437 \u043f\u0440\u043e\u0447\u043d\u043e\u0433\u043e \u043f\u043b\u0430\u0441\u0442\u0438\u043a\u0430 \u0438 \u0434\u043e\u0441\u0442\u0443\u043f\u043d\u044b \u0432 4 \u0446\u0432\u0435\u0442\u0430\u0445: \u0436\u0435\u043b\u0442\u043e\u043c, \u043a\u0440\u0430\u0441\u043d\u043e\u043c, \u0437\u0435\u043b\u0435\u043d\u043e\u043c \u0438 \u0441\u0438\u043d\u0435\u043c, \u0442\u0430\u043a\u0436\u0435 \u0432 \u043d\u0430\u0431\u043e\u0440\u0435 \u0435\u0441\u0442\u044c \u0434\u0435\u0442\u0430\u043b\u0438 \u0441 \u043a\u043e\u043b\u0435\u0441\u0430\u043c\u0438. \u041f\u0430\u0437\u044b \u043d\u0430 \u043a\u0443\u0431\u0438\u043a\u0430\u0445 \u0431\u044b\u043b\u0438 \u0441\u043f\u0435\u0446\u0438\u0430\u043b\u044c\u043d\u043e \u0441\u043f\u0440\u043e\u0435\u043a\u0442\u0438\u0440\u043e\u0432\u0430\u043d\u044b \u0442\u0430\u043a\u0438\u043c \u043e\u0431\u0440\u0430\u0437\u043e\u043c, \u0447\u0442\u043e\u0431\u044b \u043a\u0438\u0440\u043f\u0438\u0447\u043d\u044b\u0435 \u0431\u043b\u043e\u043a\u0438 \u043c\u043e\u0436\u043d\u043e \u0431\u044b\u043b\u043e \u043b\u0435\u0433\u043a\u043e \u0441\u043e\u0435\u0434\u0438\u043d\u0438\u0442\u044c \u0432\u043c\u0435\u0441\u0442\u0435, \u0447\u0442\u043e\u0431\u044b \u0441\u043e\u0437\u0434\u0430\u0442\u044c \u0431\u0435\u0441\u043a\u043e\u043d\u0435\u0447\u043d\u043e\u0435 \u043a\u043e\u043b\u0438\u0447\u0435\u0441\u0442\u0432\u043e \u043a\u043e\u043c\u0431\u0438\u043d\u0430\u0446\u0438\u0439. \u042f\u0440\u043a\u0438\u0439 \u043f\u043b\u0430\u0441\u0442\u0438\u043a\u043e\u0432\u044b\u0439 \u043a\u043e\u043d\u0441\u0442\u0440\u0443\u043a\u0442\u043e\u0440 \u043f\u0440\u0438\u0432\u043b\u0435\u0447\u0435\u0442 \u0432\u043d\u0438\u043c\u0430\u043d\u0438\u0435 \u0412\u0430\u0448\u0435\u0433\u043e \u0440\u0435\u0431\u0435\u043d\u043a\u0430 \u0438 \u043d\u0435 \u043f\u043e\u0437\u0432\u043e\u043b\u0438\u0442 \u0435\u043c\u0443 \u0441\u043a\u0443\u0447\u0430\u0442\u044c.<br \/>\n\u0420\u0435\u0431\u0435\u043d\u043e\u043a \u0441\u043c\u043e\u0436\u0435\u0442 \u0447\u0430\u0441\u0430\u043c\u0438 \u0438\u0433\u0440\u0430\u0442\u044c \u0441 \u044d\u0442\u0438\u043c \u043a\u043e\u043d\u0441\u0442\u0440\u0443\u043a\u0442\u043e\u0440\u043e\u043c, \u043f\u0440\u0438\u0434\u0443\u043c\u044b\u0432\u0430\u044f \u0440\u0430\u0437\u043d\u044b\u0435 \u0438\u0441\u0442\u043e\u0440\u0438\u0438 \u0438 \u043a\u043e\u043c\u0431\u0438\u043d\u0438\u0440\u0443\u044f \u0434\u0435\u0442\u0430\u043b\u0438.<\/p>\n<p> \t\u0420\u0435\u043a\u043e\u043c\u0435\u043d\u0434\u0443\u0435\u043c\u044b\u0439 \u0432\u043e\u0437\u0440\u0430\u0441\u0442: 3+<br \/>\n \t\u041a\u0440\u0443\u043f\u043d\u044b\u0435 \u0434\u0435\u0442\u0430\u043b\u0438 \u043a\u043e\u043d\u0441\u0442\u0440\u0443\u043a\u0442\u043e\u0440\u0430 \u0438\u0437\u0433\u043e\u0442\u043e\u0432\u043b\u0435\u043d\u044b \u0438\u0437 \u043f\u0440\u043e\u0447\u043d\u043e\u0433\u043e \u043f\u043b\u0430\u0441\u0442\u0438\u043a\u0430<br \/>\n \t\u042d\u043b\u0435\u0433\u0430\u043d\u0442\u043d\u044b\u0439 \u0438 \u044d\u0440\u0433\u043e\u043d\u043e\u043c\u0438\u0447\u043d\u044b\u0439 \u0434\u0438\u0437\u0430\u0439\u043d<br \/>\n \t\u0412\u044b\u0441\u043e\u043a\u043e\u043a\u0430\u0447\u0435\u0441\u0442\u0432\u0435\u043d\u043d\u043e\u0435 \u0441\u044b\u0440\u044c\u0435, \u043a\u043e\u0442\u043e\u0440\u043e\u0435 \u043d\u0435 \u0441\u043e\u0434\u0435\u0440\u0436\u0438\u0442 \u043a\u0430\u043d\u0446\u0435\u0440\u043e\u0433\u0435\u043d\u043d\u044b\u0445 \u0432\u0435\u0449\u0435\u0441\u0442\u0432[trim][:ro_RO]Setul de c\u0103r\u0103mizi mari de construc\u021bie cu ro\u021bi de la Pilsan \u00eei ajut\u0103 pe copii s\u0103-\u0219i dezvolte imagina\u021bia \u0219i capacit\u0103\u021bile motorii.\u00a0 Aceste c\u0103r\u0103mizi mari sunt realizate din material plastic rezistent \u0219i sunt disponibile \u00een 4 culori: galben, ro\u0219u, verde \u0219i albastru, deasemenea setul con\u021bine piese cu ro\u021bi. Fantele de pe c\u0103r\u0103mizi au fost special proiectate astfel \u00eenc\u00e2t s\u0103 poat\u0103 fi u\u0219or conectate \u00eentre ele pentru a crea combina\u021bii infinite. C\u0103r\u0103mizile mega pot fi folosite \u0219i ca blocuri de construc\u021bie gigant. Ele sunt perfecte pentru a \u00eencuraja dexteritatea si creativitatea, iar datorit\u0103 dimensiunii lor mari sunt potrivite pentru copiii mai mici.<\/p>\n<ul>\n<li>V\u00e2rsta recomandat\u0103: 3+<\/li>\n<li>Design elegant si ergonomic<\/li>\n<li>Plastic durabil si de calitate<\/li>\n<li>Poate fi folosit \u00een interior \u0219i exterior<\/li>\n<li>Materie prim\u0103 de cea mai \u00eenalt\u0103 calitate ce nu con\u021bine substan\u021be cancerigene<\/li>\n<\/ul>\n","protected":false},"excerpt":{"rendered":"<p>[:ru_RU]\u041a\u043e\u043d\u0441\u0442\u0440\u0443\u043a\u0442\u043e\u0440 \u0431\u043e\u043b\u044c\u0448\u0438\u0435 \u043a\u0438\u0440\u043f\u0438\u0447\u043d\u044b\u0435 \u0431\u043b\u043e\u043a\u0438 \u0438 \u043a\u043e\u043b\u0451\u0441\u0430 \u043e\u0442 Pilsan &#8211; \u044d\u0442\u043e \u0443\u0432\u043b\u0435\u043a\u0430\u0442\u0435\u043b\u044c\u043d\u044b\u0439 \u043a\u043e\u043d\u0441\u0442\u0440\u0443\u043a\u0442\u043e\u0440, \u043a\u043e\u0442\u043e\u0440\u044b\u0439 \u0440\u0430\u0437\u0432\u0438\u0432\u0430\u0435\u0442 \u0432\u043e\u043e\u0431\u0440\u0430\u0436\u0435\u043d\u0438\u0435, \u043c\u0435\u043b\u043a\u0443\u044e \u043c\u043e\u0442\u043e\u0440\u0438\u043a\u0443 \u0440\u0443\u043a, \u043f\u0440\u043e\u0441\u0442\u0440\u0430\u043d\u0441\u0442\u0432\u0435\u043d\u043d\u043e\u0435 \u0438 \u043b\u043e\u0433\u0438\u0447\u0435\u0441\u043a\u043e\u0435 \u043c\u044b\u0448\u043b\u0435\u043d\u0438\u0435. \u0411\u043e\u043b\u044c\u0448\u0438\u0435 \u043a\u0438\u0440\u043f\u0438\u0447\u0438 \u0438\u0437\u0433\u043e\u0442\u043e\u0432\u043b\u0435\u043d\u044b \u0438\u0437 \u043f\u0440\u043e\u0447\u043d\u043e\u0433\u043e \u043f\u043b\u0430\u0441\u0442\u0438\u043a\u0430 \u0438 \u0434\u043e\u0441\u0442\u0443\u043f\u043d\u044b \u0432 4 \u0446\u0432\u0435\u0442\u0430\u0445: \u0436\u0435\u043b\u0442\u043e\u043c, \u043a\u0440\u0430\u0441\u043d\u043e\u043c, \u0437\u0435\u043b\u0435\u043d\u043e\u043c \u0438 \u0441\u0438\u043d\u0435\u043c, \u0442\u0430\u043a\u0436\u0435 \u0432 \u043d\u0430\u0431\u043e\u0440\u0435 \u0435\u0441\u0442\u044c \u0434\u0435\u0442\u0430\u043b\u0438 \u0441 \u043a\u043e\u043b\u0435\u0441\u0430\u043c\u0438. \u041f\u0430\u0437\u044b \u043d\u0430 \u043a\u0443\u0431\u0438\u043a\u0430\u0445 \u0431\u044b\u043b\u0438 \u0441\u043f\u0435\u0446\u0438\u0430\u043b\u044c\u043d\u043e \u0441\u043f\u0440\u043e\u0435\u043a\u0442\u0438\u0440\u043e\u0432\u0430\u043d\u044b \u0442\u0430\u043a\u0438\u043c \u043e\u0431\u0440\u0430\u0437\u043e\u043c, \u0447\u0442\u043e\u0431\u044b \u043a\u0438\u0440\u043f\u0438\u0447\u043d\u044b\u0435 [&hellip;]<\/p>\n","protected":false},"featured_media":49427,"comment_status":"open","ping_status":"closed","template":"","meta":{"_acf_changed":false},"product_brand":[],"product_cat":[6711],"product_tag":[],"class_list":{"0":"post-49430","1":"product","2":"type-product","3":"status-publish","4":"has-post-thumbnail","6":"product_cat-ru_ru-konstruktory-trim-ro_","8":"first","9":"instock","10":"shipping-taxable","11":"purchasable","12":"product-type-simple"},"acf":[],"_links":{"self":[{"href":"https:\/\/minimax.md\/ru\/wp-json\/wp\/v2\/product\/49430","targetHints":{"allow":["GET"]}}],"collection":[{"href":"https:\/\/minimax.md\/ru\/wp-json\/wp\/v2\/product"}],"about":[{"href":"https:\/\/minimax.md\/ru\/wp-json\/wp\/v2\/types\/product"}],"replies":[{"embeddable":true,"href":"https:\/\/minimax.md\/ru\/wp-json\/wp\/v2\/comments?post=49430"}],"version-history":[{"count":0,"href":"https:\/\/minimax.md\/ru\/wp-json\/wp\/v2\/product\/49430\/revisions"}],"wp:featuredmedia":[{"embeddable":true,"href":"https:\/\/minimax.md\/ru\/wp-json\/wp\/v2\/media\/49427"}],"wp:attachment":[{"href":"https:\/\/minimax.md\/ru\/wp-json\/wp\/v2\/media?parent=49430"}],"wp:term":[{"taxonomy":"product_brand","embeddable":true,"href":"https:\/\/minimax.md\/ru\/wp-json\/wp\/v2\/product_brand?post=49430"},{"taxonomy":"product_cat","embeddable":true,"href":"https:\/\/minimax.md\/ru\/wp-json\/wp\/v2\/product_cat?post=49430"},{"taxonomy":"product_tag","embeddable":true,"href":"https:\/\/minimax.md\/ru\/wp-json\/wp\/v2\/product_tag?post=49430"}],"curies":[{"name":"wp","href":"https:\/\/api.w.org\/{rel}","templated":true}]}}