{"id":49535,"date":"2024-03-01T09:00:16","date_gmt":"2024-03-01T06:00:16","guid":{"rendered":"https:\/\/minimax.md\/product\/49535.html"},"modified":"2024-03-13T00:31:38","modified_gmt":"2024-03-12T21:31:38","slug":"ru_ru-derevjannyj-igrovoj-nabor-ferma-s-zhivotnymi-trim-ro_ro-set-de-joc-din-lemn-ferma-cu-animale","status":"publish","type":"product","link":"https:\/\/minimax.md\/ru\/product\/49535.html","title":{"rendered":"\u0414\u0435\u0440\u0435\u0432\u044f\u043d\u043d\u044b\u0439 \u0438\u0433\u0440\u043e\u0432\u043e\u0439 \u043d\u0430\u0431\u043e\u0440 \u201c\u0424\u0435\u0440\u043c\u0430 \u0441 \u0436\u0438\u0432\u043e\u0442\u043d\u044b\u043c\u0438\u201d"},"content":{"rendered":"<p>[:ru_RU]\u0418\u0433\u0440\u043e\u0432\u043e\u0439 \u043d\u0430\u0431\u043e\u0440 Viga &#8221; \u201c\u0424\u0435\u0440\u043c\u0430 \u0441 \u0436\u0438\u0432\u043e\u0442\u043d\u044b\u043c\u0438\u201d 51618 &#8211; \u044d\u0442\u043e \u0443\u0432\u043b\u0435\u043a\u0430\u0442\u0435\u043b\u044c\u043d\u0430\u044f \u0438\u0433\u0440\u0443\u0448\u043a\u0430, \u043a\u043e\u0442\u043e\u0440\u0430\u044f \u043f\u043e\u0437\u0432\u043e\u043b\u044f\u0435\u0442 \u0434\u0435\u0442\u044f\u043c \u043f\u043e\u0433\u0440\u0443\u0437\u0438\u0442\u044c\u0441\u044f \u0432 \u043c\u0438\u0440 \u0444\u0435\u0440\u043c\u044b \u0438 \u0441\u043e\u0437\u0434\u0430\u0442\u044c \u0441\u0432\u043e\u0438 \u0441\u043e\u0431\u0441\u0442\u0432\u0435\u043d\u043d\u044b\u0435 \u0441\u0446\u0435\u043d\u0430\u0440\u0438\u0438 \u0438\u0433\u0440.<\/p>\n<p>\u042d\u0442\u043e\u0442 \u043d\u0430\u0431\u043e\u0440 \u0432\u043a\u043b\u044e\u0447\u0430\u0435\u0442 \u0432 \u0441\u0435\u0431\u044f \u0434\u0432\u0443\u0445\u044d\u0442\u0430\u0436\u043d\u043e\u0435 \u0434\u0435\u0440\u0435\u0432\u044f\u043d\u043d\u043e\u0435 \u0441\u0442\u0440\u043e\u0435\u043d\u0438\u0435 \u0434\u043b\u044f \u0444\u0435\u0440\u043c\u0435\u0440\u0441\u043a\u0438\u0445 \u0436\u0438\u0432\u043e\u0442\u043d\u044b\u0445, \u043e\u0441\u043d\u0430\u0449\u0435\u043d\u043d\u043e\u0435 \u0444\u0438\u0433\u0443\u0440\u043a\u0430\u043c\u0438 \u0438 \u043c\u043e\u0434\u0435\u043b\u044f\u043c\u0438 \u0438\u0437 \u0434\u0435\u0440\u0435\u0432\u0430. \u0412 \u043d\u0430\u0431\u043e\u0440\u0435 \u0441\u043e\u0434\u0435\u0440\u0436\u0438\u0442\u0441\u044f \u0448\u0435\u0441\u0442\u044c \u0436\u0438\u0432\u043e\u0442\u043d\u044b\u0445: \u0441\u043e\u0431\u0430\u043a\u0430, \u043a\u043e\u0440\u043e\u0432\u0430, \u043f\u0435\u0442\u0443\u0445, \u043e\u0432\u0446\u0430, \u043b\u043e\u0448\u0430\u0434\u044c \u0438 \u0443\u0442\u043a\u0430, \u0430 \u0442\u0430\u043a\u0436\u0435 \u0444\u0435\u0440\u043c\u0435\u0440, \u0434\u0432\u0430 \u0444\u0440\u0443\u043a\u0442\u043e\u0432\u044b\u0445 \u0434\u0435\u0440\u0435\u0432\u0430, \u0442\u0440\u0430\u043a\u0442\u043e\u0440 \u0438 \u0434\u0432\u0430 \u0437\u0430\u0433\u043e\u043d\u0430.<\/p>\n<p>\u0411\u043b\u0430\u0433\u043e\u0434\u0430\u0440\u044f \u0443\u0434\u043e\u0431\u043d\u044b\u043c \u0440\u0443\u0447\u043a\u0430\u043c, \u043d\u0430\u0431\u043e\u0440 \u043b\u0435\u0433\u043a\u043e \u043f\u0435\u0440\u0435\u043d\u043e\u0441\u0438\u0442\u044c \u0438\u0437 \u043a\u043e\u043c\u043d\u0430\u0442\u044b \u0432 \u043a\u043e\u043c\u043d\u0430\u0442\u0443, \u0447\u0442\u043e \u043f\u043e\u0437\u0432\u043e\u043b\u044f\u0435\u0442 \u0440\u0435\u0431\u0435\u043d\u043a\u0443 \u0438\u0433\u0440\u0430\u0442\u044c \u0432 \u043b\u044e\u0431\u043e\u043c \u043c\u0435\u0441\u0442\u0435.<\/p>\n<p>\u0418\u0433\u0440\u0430 \u0441 \u044d\u0442\u0438\u043c \u043d\u0430\u0431\u043e\u0440\u043e\u043c \u0440\u0430\u0437\u0432\u0438\u0432\u0430\u0435\u0442 \u0432\u043e\u043e\u0431\u0440\u0430\u0436\u0435\u043d\u0438\u0435, \u043c\u044b\u0448\u043b\u0435\u043d\u0438\u0435 \u0438 \u0441\u043f\u043e\u0441\u043e\u0431\u0441\u0442\u0432\u0443\u0435\u0442 \u0444\u043e\u0440\u043c\u0438\u0440\u043e\u0432\u0430\u043d\u0438\u044e \u043d\u0430\u0432\u044b\u043a\u043e\u0432 \u0440\u043e\u043b\u0435\u0432\u044b\u0445 \u0438\u0433\u0440, \u0447\u0442\u043e \u0434\u0435\u043b\u0430\u0435\u0442 \u0435\u0433\u043e \u0438\u0434\u0435\u0430\u043b\u044c\u043d\u044b\u043c \u0432\u044b\u0431\u043e\u0440\u043e\u043c \u0434\u043b\u044f \u0440\u0430\u0437\u0432\u043b\u0435\u0447\u0435\u043d\u0438\u044f \u0438 \u043e\u0431\u0443\u0447\u0435\u043d\u0438\u044f \u0434\u0435\u0442\u0435\u0439.[trim][:ro_RO]<strong>Set de joc din lemn &#8220;Ferma cu animale&#8221; 51618 este o juc\u0103rie captivant\u0103 care permite copiilor s\u0103 creeze propriile scenarii de joc.<\/strong><\/p>\n<p>Acest set include o construc\u021bie de lemn cu dou\u0103 etaje pentru animalele de ferm\u0103, echipat\u0103 cu figurine \u0219i modele din lemn. \u00cen set se g\u0103sesc \u0219ase animale: c\u00e2ine, vac\u0103, coco\u0219, oaie, cal \u0219i ra\u021b\u0103, precum \u0219i un fermier, doi copaci fructiferi, un tractor \u0219i dou\u0103 garduri.<\/p>\n<p>Datorit\u0103 m\u00e2nerelor comode, setul poate fi u\u0219or transportat din camer\u0103 \u00een camer\u0103, permi\u021b\u00e2nd copilului s\u0103 se joace \u00een orice loc.<\/p>\n<p>Juc\u00e2nd cu acest set, se dezvolt\u0103 imagina\u021bia, g\u00e2ndirea \u0219i se promoveaz\u0103 dezvoltarea abilit\u0103\u021bilor de joc de rol, f\u0103c\u00e2ndu-l o alegere ideal\u0103 pentru distrac\u021bie \u0219i educare pentru copii.<\/p>\n","protected":false},"excerpt":{"rendered":"<p>[:ru_RU]\u0418\u0433\u0440\u043e\u0432\u043e\u0439 \u043d\u0430\u0431\u043e\u0440 Viga &#8221; \u201c\u0424\u0435\u0440\u043c\u0430 \u0441 \u0436\u0438\u0432\u043e\u0442\u043d\u044b\u043c\u0438\u201d 51618 &#8211; \u044d\u0442\u043e \u0443\u0432\u043b\u0435\u043a\u0430\u0442\u0435\u043b\u044c\u043d\u0430\u044f \u0438\u0433\u0440\u0443\u0448\u043a\u0430, \u043a\u043e\u0442\u043e\u0440\u0430\u044f \u043f\u043e\u0437\u0432\u043e\u043b\u044f\u0435\u0442 \u0434\u0435\u0442\u044f\u043c \u043f\u043e\u0433\u0440\u0443\u0437\u0438\u0442\u044c\u0441\u044f \u0432 \u043c\u0438\u0440 \u0444\u0435\u0440\u043c\u044b \u0438 \u0441\u043e\u0437\u0434\u0430\u0442\u044c \u0441\u0432\u043e\u0438 \u0441\u043e\u0431\u0441\u0442\u0432\u0435\u043d\u043d\u044b\u0435 \u0441\u0446\u0435\u043d\u0430\u0440\u0438\u0438 \u0438\u0433\u0440. \u042d\u0442\u043e\u0442 \u043d\u0430\u0431\u043e\u0440 \u0432\u043a\u043b\u044e\u0447\u0430\u0435\u0442 \u0432 \u0441\u0435\u0431\u044f \u0434\u0432\u0443\u0445\u044d\u0442\u0430\u0436\u043d\u043e\u0435 \u0434\u0435\u0440\u0435\u0432\u044f\u043d\u043d\u043e\u0435 \u0441\u0442\u0440\u043e\u0435\u043d\u0438\u0435 \u0434\u043b\u044f \u0444\u0435\u0440\u043c\u0435\u0440\u0441\u043a\u0438\u0445 \u0436\u0438\u0432\u043e\u0442\u043d\u044b\u0445, \u043e\u0441\u043d\u0430\u0449\u0435\u043d\u043d\u043e\u0435 \u0444\u0438\u0433\u0443\u0440\u043a\u0430\u043c\u0438 \u0438 \u043c\u043e\u0434\u0435\u043b\u044f\u043c\u0438 \u0438\u0437 \u0434\u0435\u0440\u0435\u0432\u0430. \u0412 \u043d\u0430\u0431\u043e\u0440\u0435 \u0441\u043e\u0434\u0435\u0440\u0436\u0438\u0442\u0441\u044f \u0448\u0435\u0441\u0442\u044c \u0436\u0438\u0432\u043e\u0442\u043d\u044b\u0445: \u0441\u043e\u0431\u0430\u043a\u0430, \u043a\u043e\u0440\u043e\u0432\u0430, \u043f\u0435\u0442\u0443\u0445, \u043e\u0432\u0446\u0430, \u043b\u043e\u0448\u0430\u0434\u044c \u0438 \u0443\u0442\u043a\u0430, \u0430 [&hellip;]<\/p>\n","protected":false},"featured_media":49530,"comment_status":"open","ping_status":"closed","template":"","meta":{"_acf_changed":false},"product_brand":[],"product_cat":[6721],"product_tag":[],"class_list":{"0":"post-49535","1":"product","2":"type-product","3":"status-publish","4":"has-post-thumbnail","6":"product_cat-ru_ru-derevjannye-igrushki","8":"first","9":"instock","10":"shipping-taxable","11":"purchasable","12":"product-type-simple"},"acf":[],"_links":{"self":[{"href":"https:\/\/minimax.md\/ru\/wp-json\/wp\/v2\/product\/49535","targetHints":{"allow":["GET"]}}],"collection":[{"href":"https:\/\/minimax.md\/ru\/wp-json\/wp\/v2\/product"}],"about":[{"href":"https:\/\/minimax.md\/ru\/wp-json\/wp\/v2\/types\/product"}],"replies":[{"embeddable":true,"href":"https:\/\/minimax.md\/ru\/wp-json\/wp\/v2\/comments?post=49535"}],"version-history":[{"count":0,"href":"https:\/\/minimax.md\/ru\/wp-json\/wp\/v2\/product\/49535\/revisions"}],"wp:featuredmedia":[{"embeddable":true,"href":"https:\/\/minimax.md\/ru\/wp-json\/wp\/v2\/media\/49530"}],"wp:attachment":[{"href":"https:\/\/minimax.md\/ru\/wp-json\/wp\/v2\/media?parent=49535"}],"wp:term":[{"taxonomy":"product_brand","embeddable":true,"href":"https:\/\/minimax.md\/ru\/wp-json\/wp\/v2\/product_brand?post=49535"},{"taxonomy":"product_cat","embeddable":true,"href":"https:\/\/minimax.md\/ru\/wp-json\/wp\/v2\/product_cat?post=49535"},{"taxonomy":"product_tag","embeddable":true,"href":"https:\/\/minimax.md\/ru\/wp-json\/wp\/v2\/product_tag?post=49535"}],"curies":[{"name":"wp","href":"https:\/\/api.w.org\/{rel}","templated":true}]}}