{"id":49577,"date":"2024-03-01T09:01:12","date_gmt":"2024-03-01T06:01:12","guid":{"rendered":"https:\/\/minimax.md\/product\/49577.html"},"modified":"2024-03-13T00:18:12","modified_gmt":"2024-03-12T21:18:12","slug":"ru_ru-hape-derevjannaja-piramidka-belyj-medved-trim-ro_ro-piramid-pentru-copii-ursul-polar","status":"publish","type":"product","link":"https:\/\/minimax.md\/ru\/product\/49577.html","title":{"rendered":"Hape \u0414\u0435\u0440\u0435\u0432\u044f\u043d\u043d\u0430\u044f \u043f\u0438\u0440\u0430\u043c\u0438\u0434\u043a\u0430 \u0411\u0435\u043b\u044b\u0439 \u043c\u0435\u0434\u0432\u0435\u0434\u044c"},"content":{"rendered":"<p>[:ru_RU]\u0414\u0435\u0440\u0435\u0432\u044f\u043d\u043d\u0430\u044f \u0438\u0433\u0440\u0443\u0448\u043a\u0430-\u043f\u0438\u0440\u0430\u043c\u0438\u0434\u043a\u0430 \u0441\u0435\u0440\u0438\u0438 PolarB \u0434\u043b\u044f \u043c\u0430\u043b\u044b\u0448\u0435\u0439 \u043e\u0442 1,5 \u0433\u043e\u0434\u0430.<br \/>\n\u0412\u044b\u043f\u043e\u043b\u043d\u0435\u043d\u0430 \u0432 \u043d\u0435\u044f\u0440\u043a\u0438\u0445 \u0446\u0432\u0435\u0442\u0430\u0445, \u044d\u043b\u0435\u043c\u0435\u043d\u0442\u044b \u043a\u0440\u0443\u043f\u043d\u044b\u0435, \u0437\u0430\u043a\u0440\u0443\u0433\u043b\u0435\u043d\u043d\u044b\u0435. \u0421\u043e\u0441\u0442\u043e\u0438\u0442 \u0438\u0437 \u043f\u043e\u0434\u0441\u0442\u0430\u0432\u043a\u0438, 4 \u043a\u043e\u043b\u0435\u0446 \u0438 \u043c\u0438\u043b\u043e\u0439 \u043c\u043e\u0440\u0434\u0430\u0448\u043a\u0438 \u043c\u0438\u0448\u043a\u0438.<br \/>\n\u0411\u043b\u0430\u0433\u043e\u0434\u0430\u0440\u044f \u0437\u0430\u043a\u0440\u0443\u0433\u043b\u0451\u043d\u043d\u043e\u0439 \u043f\u043e\u0434\u0441\u0442\u0430\u0432\u043a\u0435 \u043f\u0438\u0440\u0430\u043c\u0438\u0434\u043a\u0430 \u043c\u043e\u0436\u0435\u0442 \u043a\u0430\u0447\u0430\u0442\u044c\u0441\u044f \u0438\u0437 \u0441\u0442\u043e\u0440\u043e\u043d\u044b \u0432 \u0441\u0442\u043e\u0440\u043e\u043d\u0443.<br \/>\n\u0414\u043b\u044f \u0438\u0437\u0433\u043e\u0442\u043e\u0432\u043b\u0435\u043d\u0438\u044f \u0438\u0433\u0440\u0443\u0448\u043a\u0438 \u0438\u0441\u043f\u043e\u043b\u044c\u0437\u043e\u0432\u0430\u043d\u0430 \u043a\u0430\u0447\u0435\u0441\u0442\u0432\u0435\u043d\u043d\u0430\u044f \u0434\u0440\u0435\u0432\u0435\u0441\u0438\u043d\u0430 \u0438 \u0431\u0435\u0437\u043e\u043f\u0430\u0441\u043d\u044b\u0435 \u043a\u0440\u0430\u0441\u0438\u0442\u0435\u043b\u0438.<br \/>\n\u0412\u0441\u0435 \u043a\u0440\u0430\u044f \u0438 \u0434\u0435\u0442\u0430\u043b\u0438 \u0442\u0449\u0430\u0442\u0435\u043b\u044c\u043d\u043e \u043e\u0442\u0448\u043b\u0438\u0444\u043e\u0432\u0430\u043d\u044b.<br \/>\n\u0418\u0433\u0440\u0443\u0448\u043a\u0430 \u0441\u043e\u043e\u0442\u0432\u0435\u0442\u0441\u0442\u0432\u0443\u0435\u0442 \u0441\u0442\u0430\u043d\u0434\u0430\u0440\u0442\u0430\u043c \u0431\u0435\u0437\u043e\u043f\u0430\u0441\u043d\u043e\u0441\u0442\u0438 \u0438 \u043a\u0430\u0447\u0435\u0441\u0442\u0432\u0430: \u0435\u0432\u0440\u043e\u043f\u0435\u0439\u0441\u043a\u043e\u043c\u0443 EN71, \u0430\u043c\u0435\u0440\u0438\u043a\u0430\u043d\u0441\u043a\u043e\u043c\u0443 ASTM, \u043a\u0430\u043a \u0438 \u0432\u0441\u044f \u043f\u0440\u043e\u0434\u0443\u043a\u0446\u0438\u044f Viga Toys.[trim][:ro_RO]\u25cf Include 4 inele netede \u0219i un cap de urs dr\u0103gu\u021b. Excelent pentru dezvoltarea abilit\u0103\u021bilor de recunoa\u0219tere a culorilor \u0219i dimensiunilor.<\/p>\n<p>\u25cf \u00cempinge\u021bi juc\u0103ria pentru a o face s\u0103 balanseze!<\/p>\n<p>\u25cf Stimuleaz\u0103 min\u021bile copiilor \u00een creativitate, logic\u0103, m\u0103surare, dezvolt\u0103 \u201erezolvarea problemelor\u201d, abilit\u0103\u021bile motorii \u0219i coordonarea m\u00e2n\u0103-ochi.<\/p>\n<p>\u25cf Piesele cu margini netede \u0219i dimensiuni mici sunt confortabile de \u021binut \u00een m\u00e2ini mici.<\/p>\n<p>\u25cf Ordona\u021bi inelele de lemn \u00een ordine diferit\u0103 pentru ca copiii s\u0103 se distreze juc\u00e2ndu-se.<\/p>\n","protected":false},"excerpt":{"rendered":"<p>[:ru_RU]\u0414\u0435\u0440\u0435\u0432\u044f\u043d\u043d\u0430\u044f \u0438\u0433\u0440\u0443\u0448\u043a\u0430-\u043f\u0438\u0440\u0430\u043c\u0438\u0434\u043a\u0430 \u0441\u0435\u0440\u0438\u0438 PolarB \u0434\u043b\u044f \u043c\u0430\u043b\u044b\u0448\u0435\u0439 \u043e\u0442 1,5 \u0433\u043e\u0434\u0430. \u0412\u044b\u043f\u043e\u043b\u043d\u0435\u043d\u0430 \u0432 \u043d\u0435\u044f\u0440\u043a\u0438\u0445 \u0446\u0432\u0435\u0442\u0430\u0445, \u044d\u043b\u0435\u043c\u0435\u043d\u0442\u044b \u043a\u0440\u0443\u043f\u043d\u044b\u0435, \u0437\u0430\u043a\u0440\u0443\u0433\u043b\u0435\u043d\u043d\u044b\u0435. \u0421\u043e\u0441\u0442\u043e\u0438\u0442 \u0438\u0437 \u043f\u043e\u0434\u0441\u0442\u0430\u0432\u043a\u0438, 4 \u043a\u043e\u043b\u0435\u0446 \u0438 \u043c\u0438\u043b\u043e\u0439 \u043c\u043e\u0440\u0434\u0430\u0448\u043a\u0438 \u043c\u0438\u0448\u043a\u0438. \u0411\u043b\u0430\u0433\u043e\u0434\u0430\u0440\u044f \u0437\u0430\u043a\u0440\u0443\u0433\u043b\u0451\u043d\u043d\u043e\u0439 \u043f\u043e\u0434\u0441\u0442\u0430\u0432\u043a\u0435 \u043f\u0438\u0440\u0430\u043c\u0438\u0434\u043a\u0430 \u043c\u043e\u0436\u0435\u0442 \u043a\u0430\u0447\u0430\u0442\u044c\u0441\u044f \u0438\u0437 \u0441\u0442\u043e\u0440\u043e\u043d\u044b \u0432 \u0441\u0442\u043e\u0440\u043e\u043d\u0443. \u0414\u043b\u044f \u0438\u0437\u0433\u043e\u0442\u043e\u0432\u043b\u0435\u043d\u0438\u044f \u0438\u0433\u0440\u0443\u0448\u043a\u0438 \u0438\u0441\u043f\u043e\u043b\u044c\u0437\u043e\u0432\u0430\u043d\u0430 \u043a\u0430\u0447\u0435\u0441\u0442\u0432\u0435\u043d\u043d\u0430\u044f \u0434\u0440\u0435\u0432\u0435\u0441\u0438\u043d\u0430 \u0438 \u0431\u0435\u0437\u043e\u043f\u0430\u0441\u043d\u044b\u0435 \u043a\u0440\u0430\u0441\u0438\u0442\u0435\u043b\u0438. \u0412\u0441\u0435 \u043a\u0440\u0430\u044f \u0438 \u0434\u0435\u0442\u0430\u043b\u0438 \u0442\u0449\u0430\u0442\u0435\u043b\u044c\u043d\u043e \u043e\u0442\u0448\u043b\u0438\u0444\u043e\u0432\u0430\u043d\u044b. \u0418\u0433\u0440\u0443\u0448\u043a\u0430 \u0441\u043e\u043e\u0442\u0432\u0435\u0442\u0441\u0442\u0432\u0443\u0435\u0442 \u0441\u0442\u0430\u043d\u0434\u0430\u0440\u0442\u0430\u043c \u0431\u0435\u0437\u043e\u043f\u0430\u0441\u043d\u043e\u0441\u0442\u0438 \u0438 [&hellip;]<\/p>\n","protected":false},"featured_media":49564,"comment_status":"open","ping_status":"closed","template":"","meta":{"_acf_changed":false},"product_brand":[],"product_cat":[6721],"product_tag":[],"class_list":{"0":"post-49577","1":"product","2":"type-product","3":"status-publish","4":"has-post-thumbnail","6":"product_cat-ru_ru-derevjannye-igrushki","8":"first","9":"instock","10":"shipping-taxable","11":"purchasable","12":"product-type-simple"},"acf":[],"_links":{"self":[{"href":"https:\/\/minimax.md\/ru\/wp-json\/wp\/v2\/product\/49577","targetHints":{"allow":["GET"]}}],"collection":[{"href":"https:\/\/minimax.md\/ru\/wp-json\/wp\/v2\/product"}],"about":[{"href":"https:\/\/minimax.md\/ru\/wp-json\/wp\/v2\/types\/product"}],"replies":[{"embeddable":true,"href":"https:\/\/minimax.md\/ru\/wp-json\/wp\/v2\/comments?post=49577"}],"version-history":[{"count":0,"href":"https:\/\/minimax.md\/ru\/wp-json\/wp\/v2\/product\/49577\/revisions"}],"wp:featuredmedia":[{"embeddable":true,"href":"https:\/\/minimax.md\/ru\/wp-json\/wp\/v2\/media\/49564"}],"wp:attachment":[{"href":"https:\/\/minimax.md\/ru\/wp-json\/wp\/v2\/media?parent=49577"}],"wp:term":[{"taxonomy":"product_brand","embeddable":true,"href":"https:\/\/minimax.md\/ru\/wp-json\/wp\/v2\/product_brand?post=49577"},{"taxonomy":"product_cat","embeddable":true,"href":"https:\/\/minimax.md\/ru\/wp-json\/wp\/v2\/product_cat?post=49577"},{"taxonomy":"product_tag","embeddable":true,"href":"https:\/\/minimax.md\/ru\/wp-json\/wp\/v2\/product_tag?post=49577"}],"curies":[{"name":"wp","href":"https:\/\/api.w.org\/{rel}","templated":true}]}}