{"id":49591,"date":"2024-03-01T09:01:27","date_gmt":"2024-03-01T06:01:27","guid":{"rendered":"https:\/\/minimax.md\/product\/49591.html"},"modified":"2024-03-13T00:17:29","modified_gmt":"2024-03-12T21:17:29","slug":"ru_ru-viga-nastennaja-igrushka-bizibord-begemot-trim-ro_ro-busyboard-de-perete-hipopotam","status":"publish","type":"product","link":"https:\/\/minimax.md\/ru\/product\/49591.html","title":{"rendered":"Viga \u041d\u0430\u0441\u0442\u0435\u043d\u043d\u0430\u044f \u0438\u0433\u0440\u0443\u0448\u043a\u0430 \u0431\u0438\u0437\u0438\u0431\u043e\u0440\u0434 \u0411\u0435\u0433\u0435\u043c\u043e\u0442"},"content":{"rendered":"<p>[:ru_RU]\u0411\u0438\u0437\u0438\u0431\u043e\u0440\u0434 (\u043d\u0430\u0441\u0442\u0435\u043d\u043d\u044b\u0439) \u201c\u0413\u0438\u043f\u043e\u201d &#8211; \u044d\u0442\u043e \u0431\u043e\u043b\u044c\u0448\u043e\u0439 \u0434\u0435\u0440\u0435\u0432\u044f\u043d\u043d\u044b\u0439 \u0431\u0438\u0437\u0438\u0431\u043e\u0440\u0434, \u043f\u0440\u0435\u0434\u043b\u0430\u0433\u0430\u044e\u0449\u0430\u044f \u043d\u0435\u0441\u043a\u043e\u043b\u044c\u043a\u043e \u0432\u0438\u0434\u043e\u0432 \u0434\u0435\u044f\u0442\u0435\u043b\u044c\u043d\u043e\u0441\u0442\u0438 \u0434\u043b\u044f \u0440\u0430\u0437\u0432\u0438\u0442\u0438\u044f \u043d\u0430\u0432\u044b\u043a\u043e\u0432 \u0434\u0435\u0442\u0435\u0439:<\/p>\n<p>\u0410\u0431\u0430\u043a \u043f\u043e\u043c\u043e\u0433\u0430\u0435\u0442 \u043d\u0430\u0443\u0447\u0438\u0442\u044c\u0441\u044f \u0441\u0447\u0438\u0442\u0430\u0442\u044c \u0434\u043e 10, \u043e\u0441\u0432\u0430\u0438\u0432\u0430\u0442\u044c \u0441\u043b\u043e\u0436\u0435\u043d\u0438\u0435 \u0438 \u0432\u044b\u0447\u0438\u0442\u0430\u043d\u0438\u0435.<br \/>\n\u041c\u0430\u0433\u043d\u0438\u0442\u043d\u044b\u0439 \u043b\u0430\u0431\u0438\u0440\u0438\u043d\u0442 \u0441 \u0434\u0432\u0443\u043c\u044f \u0432\u043e\u043b\u0448\u0435\u0431\u043d\u044b\u043c\u0438 \u043f\u0430\u043b\u043e\u0447\u043a\u0430\u043c\u0438 \u0434\u043b\u044f \u043f\u0435\u0440\u0435\u043c\u0435\u0449\u0435\u043d\u0438\u044f \u0448\u0430\u0440\u0438\u043a\u043e\u0432 \u043f\u043e\u043c\u043e\u0433\u0430\u0435\u0442 \u0437\u0430\u043f\u043e\u043c\u043d\u0438\u0442\u044c \u0446\u0438\u0444\u0440\u044b.<br \/>\n\u0421\u043e\u0440\u0442\u0438\u0440\u043e\u0432\u0449\u0438\u043a \u0444\u0438\u0433\u0443\u0440 \u043f\u043e\u043c\u043e\u0433\u0430\u0435\u0442 \u0440\u0435\u0431\u0435\u043d\u043a\u0443 \u0432\u044b\u0443\u0447\u0438\u0442\u044c \u0446\u0432\u0435\u0442\u0430 \u0438 \u0433\u0435\u043e\u043c\u0435\u0442\u0440\u0438\u0447\u0435\u0441\u043a\u0438\u0435 \u0444\u043e\u0440\u043c\u044b.<br \/>\n\u0412\u0441\u044f \u0438\u0433\u0440\u0443\u0448\u043a\u0430 \u0438\u0437\u0433\u043e\u0442\u043e\u0432\u043b\u0435\u043d\u0430 \u0438\u0437 \u043b\u0430\u043a\u0438\u0440\u043e\u0432\u0430\u043d\u043d\u043e\u0433\u043e \u0434\u0435\u0440\u0435\u0432\u0430, \u043e\u043a\u0440\u0430\u0448\u0435\u043d\u0430 \u0431\u0435\u0437\u043e\u043f\u0430\u0441\u043d\u044b\u043c\u0438 \u0434\u043b\u044f \u0434\u0435\u0442\u0435\u0439 \u043a\u0440\u0430\u0441\u043a\u0430\u043c\u0438 \u0432 \u044f\u0440\u043a\u0438\u0435 \u0446\u0432\u0435\u0442\u0430, \u043a\u043e\u0442\u043e\u0440\u044b\u0435 \u043f\u0440\u0438\u0432\u043b\u0435\u043a\u0443\u0442 \u0432\u043d\u0438\u043c\u0430\u043d\u0438\u0435 \u043a\u0430\u0436\u0434\u043e\u0433\u043e \u0440\u0435\u0431\u0435\u043d\u043a\u0430 \u0438 \u043e\u0431\u0435\u0441\u043f\u0435\u0447\u0430\u0442 \u043c\u0430\u0441\u0441\u0443 \u0443\u0434\u043e\u0432\u043e\u043b\u044c\u0441\u0442\u0432\u0438\u044f \u0432\u043e \u0432\u0440\u0435\u043c\u044f \u0438\u0433\u0440\u044b. \u0418\u0433\u0440\u0443\u0448\u043a\u0430 \u0441\u043f\u0440\u043e\u0435\u043a\u0442\u0438\u0440\u043e\u0432\u0430\u043d\u0430 \u0434\u043b\u044f \u043f\u043e\u0434\u0434\u0435\u0440\u0436\u043a\u0438 \u043c\u043e\u0442\u043e\u0440\u043d\u043e\u0433\u043e \u0440\u0430\u0437\u0432\u0438\u0442\u0438\u044f \u0440\u0435\u0431\u0435\u043d\u043a\u0430 \u0438 \u0440\u0435\u043a\u043e\u043c\u0435\u043d\u0434\u0443\u0435\u0442\u0441\u044f \u0434\u043b\u044f \u0438\u0441\u043f\u043e\u043b\u044c\u0437\u043e\u0432\u0430\u043d\u0438\u044f \u0432 \u0434\u0435\u0442\u0441\u043a\u0438\u0445 \u0441\u0430\u0434\u0430\u0445 \u0438 \u0434\u0440\u0443\u0433\u0438\u0445 \u043e\u0431\u0449\u0435\u0441\u0442\u0432\u0435\u043d\u043d\u044b\u0445 \u043c\u0435\u0441\u0442\u0430\u0445.<\/p>\n<p>\u0411\u0440\u0435\u043d\u0434 Viga Toys \u0431\u044b\u043b \u0437\u0430\u0440\u0435\u0433\u0438\u0441\u0442\u0440\u0438\u0440\u043e\u0432\u0430\u043d \u0432 2003 \u0433\u043e\u0434\u0443 \u0438 \u043d\u0430 \u0441\u0435\u0433\u043e\u0434\u043d\u044f\u0448\u043d\u0438\u0439 \u0434\u0435\u043d\u044c \u043f\u0440\u0435\u0434\u0441\u0442\u0430\u0432\u043b\u0435\u043d \u0432 \u0431\u043e\u043b\u0435\u0435 \u0447\u0435\u043c 60 \u0441\u0442\u0440\u0430\u043d\u0430\u0445 \u043c\u0438\u0440\u0430. \u0418\u0445 \u0438\u043d\u043d\u043e\u0432\u0430\u0446\u0438\u043e\u043d\u043d\u044b\u0435 \u0438\u0434\u0435\u0438 \u043f\u043e\u043b\u0443\u0447\u0438\u043b\u0438 \u043f\u0440\u0438\u0437\u043d\u0430\u043d\u0438\u0435 \u0432 \u0415\u0432\u0440\u043e\u043f\u0435, \u0421\u0428\u0410, \u0410\u0432\u0441\u0442\u0440\u0430\u043b\u0438\u0438 \u0438 \u042f\u043f\u043e\u043d\u0438\u0438. \u041e\u0441\u043d\u043e\u0432\u0430\u0442\u0435\u043b\u0438 \u043a\u043e\u043c\u043f\u0430\u043d\u0438\u0438 \u0443\u0434\u0435\u043b\u044f\u044e\u0442 \u043e\u0441\u043e\u0431\u043e\u0435 \u0432\u043d\u0438\u043c\u0430\u043d\u0438\u0435 \u0440\u0435\u0437\u0443\u043b\u044c\u0442\u0430\u0442\u0430\u043c \u0438\u0441\u0441\u043b\u0435\u0434\u043e\u0432\u0430\u043d\u0438\u0439, \u043f\u043e\u0434\u0442\u0432\u0435\u0440\u0436\u0434\u0430\u044e\u0449\u0438\u0445 \u0432\u0430\u0436\u043d\u043e\u0441\u0442\u044c \u0438\u0433\u0440\u044b \u0432 \u043f\u0435\u0440\u0432\u044b\u0435 \u0433\u043e\u0434\u044b \u0440\u0430\u0437[trim][:ro_RO]Busyboard (de perete) \u201cHipopotam\u201d este o plac\u0103 de lemn mare care ofer\u0103 mai multe tipuri de activit\u0103\u021bi pentru dezvoltarea abilit\u0103\u021bilor copiilor:<\/p>\n<ul>\n<li>Abacul \u00eei ajut\u0103 s\u0103 \u00eenve\u021be s\u0103 numere p\u00e2n\u0103 la 10, s\u0103 fac\u0103 adun\u0103ri \u0219i sc\u0103deri.<\/li>\n<li>Labirintul magnetic cu dou\u0103 baghete magice pentru deplasarea bilelor \u00eei ajut\u0103 s\u0103-\u0219i aminteasc\u0103 cifrele.<\/li>\n<li>Sortatorul de forme \u00eei ajut\u0103 pe copii s\u0103 \u00eenve\u021be culorile \u0219i formele geometrice.<\/li>\n<\/ul>\n<p>Toat\u0103 juc\u0103ria este fabricat\u0103 din lemn lacuit, vopsit\u0103 cu vopsele sigure pentru copii \u00een culori vii, care vor atrage aten\u021bia fiec\u0103rui copil \u0219i le vor oferi mult\u0103 distrac\u021bie \u00een timpul jocului. Juc\u0103ria este proiectat\u0103 pentru a sprijini dezvoltarea motorie a copilului \u0219i este recomandat\u0103 pentru utilizare \u00een gr\u0103dini\u021be \u0219i alte locuri publice.<\/p>\n<p>Brandul Viga Toys a fost \u00eenregistrat \u00een 2003 \u0219i \u00een prezent este prezent \u00een peste 60 de \u021b\u0103ri din \u00eentreaga lume. Ideile lor inovatoare au fost recunoscute \u00een Europa, SUA, Australia \u0219i Japonia. Fondatorii companiei acord\u0103 o aten\u021bie<\/p>\n","protected":false},"excerpt":{"rendered":"<p>[:ru_RU]\u0411\u0438\u0437\u0438\u0431\u043e\u0440\u0434 (\u043d\u0430\u0441\u0442\u0435\u043d\u043d\u044b\u0439) \u201c\u0413\u0438\u043f\u043e\u201d &#8211; \u044d\u0442\u043e \u0431\u043e\u043b\u044c\u0448\u043e\u0439 \u0434\u0435\u0440\u0435\u0432\u044f\u043d\u043d\u044b\u0439 \u0431\u0438\u0437\u0438\u0431\u043e\u0440\u0434, \u043f\u0440\u0435\u0434\u043b\u0430\u0433\u0430\u044e\u0449\u0430\u044f \u043d\u0435\u0441\u043a\u043e\u043b\u044c\u043a\u043e \u0432\u0438\u0434\u043e\u0432 \u0434\u0435\u044f\u0442\u0435\u043b\u044c\u043d\u043e\u0441\u0442\u0438 \u0434\u043b\u044f \u0440\u0430\u0437\u0432\u0438\u0442\u0438\u044f \u043d\u0430\u0432\u044b\u043a\u043e\u0432 \u0434\u0435\u0442\u0435\u0439: \u0410\u0431\u0430\u043a \u043f\u043e\u043c\u043e\u0433\u0430\u0435\u0442 \u043d\u0430\u0443\u0447\u0438\u0442\u044c\u0441\u044f \u0441\u0447\u0438\u0442\u0430\u0442\u044c \u0434\u043e 10, \u043e\u0441\u0432\u0430\u0438\u0432\u0430\u0442\u044c \u0441\u043b\u043e\u0436\u0435\u043d\u0438\u0435 \u0438 \u0432\u044b\u0447\u0438\u0442\u0430\u043d\u0438\u0435. \u041c\u0430\u0433\u043d\u0438\u0442\u043d\u044b\u0439 \u043b\u0430\u0431\u0438\u0440\u0438\u043d\u0442 \u0441 \u0434\u0432\u0443\u043c\u044f \u0432\u043e\u043b\u0448\u0435\u0431\u043d\u044b\u043c\u0438 \u043f\u0430\u043b\u043e\u0447\u043a\u0430\u043c\u0438 \u0434\u043b\u044f \u043f\u0435\u0440\u0435\u043c\u0435\u0449\u0435\u043d\u0438\u044f \u0448\u0430\u0440\u0438\u043a\u043e\u0432 \u043f\u043e\u043c\u043e\u0433\u0430\u0435\u0442 \u0437\u0430\u043f\u043e\u043c\u043d\u0438\u0442\u044c \u0446\u0438\u0444\u0440\u044b. \u0421\u043e\u0440\u0442\u0438\u0440\u043e\u0432\u0449\u0438\u043a \u0444\u0438\u0433\u0443\u0440 \u043f\u043e\u043c\u043e\u0433\u0430\u0435\u0442 \u0440\u0435\u0431\u0435\u043d\u043a\u0443 \u0432\u044b\u0443\u0447\u0438\u0442\u044c \u0446\u0432\u0435\u0442\u0430 \u0438 \u0433\u0435\u043e\u043c\u0435\u0442\u0440\u0438\u0447\u0435\u0441\u043a\u0438\u0435 \u0444\u043e\u0440\u043c\u044b. \u0412\u0441\u044f \u0438\u0433\u0440\u0443\u0448\u043a\u0430 \u0438\u0437\u0433\u043e\u0442\u043e\u0432\u043b\u0435\u043d\u0430 \u0438\u0437 \u043b\u0430\u043a\u0438\u0440\u043e\u0432\u0430\u043d\u043d\u043e\u0433\u043e \u0434\u0435\u0440\u0435\u0432\u0430, \u043e\u043a\u0440\u0430\u0448\u0435\u043d\u0430 \u0431\u0435\u0437\u043e\u043f\u0430\u0441\u043d\u044b\u043c\u0438 [&hellip;]<\/p>\n","protected":false},"featured_media":49586,"comment_status":"open","ping_status":"closed","template":"","meta":{"_acf_changed":false},"product_brand":[],"product_cat":[6721],"product_tag":[],"class_list":{"0":"post-49591","1":"product","2":"type-product","3":"status-publish","4":"has-post-thumbnail","6":"product_cat-ru_ru-derevjannye-igrushki","8":"first","9":"instock","10":"shipping-taxable","11":"purchasable","12":"product-type-simple"},"acf":[],"_links":{"self":[{"href":"https:\/\/minimax.md\/ru\/wp-json\/wp\/v2\/product\/49591","targetHints":{"allow":["GET"]}}],"collection":[{"href":"https:\/\/minimax.md\/ru\/wp-json\/wp\/v2\/product"}],"about":[{"href":"https:\/\/minimax.md\/ru\/wp-json\/wp\/v2\/types\/product"}],"replies":[{"embeddable":true,"href":"https:\/\/minimax.md\/ru\/wp-json\/wp\/v2\/comments?post=49591"}],"version-history":[{"count":0,"href":"https:\/\/minimax.md\/ru\/wp-json\/wp\/v2\/product\/49591\/revisions"}],"wp:featuredmedia":[{"embeddable":true,"href":"https:\/\/minimax.md\/ru\/wp-json\/wp\/v2\/media\/49586"}],"wp:attachment":[{"href":"https:\/\/minimax.md\/ru\/wp-json\/wp\/v2\/media?parent=49591"}],"wp:term":[{"taxonomy":"product_brand","embeddable":true,"href":"https:\/\/minimax.md\/ru\/wp-json\/wp\/v2\/product_brand?post=49591"},{"taxonomy":"product_cat","embeddable":true,"href":"https:\/\/minimax.md\/ru\/wp-json\/wp\/v2\/product_cat?post=49591"},{"taxonomy":"product_tag","embeddable":true,"href":"https:\/\/minimax.md\/ru\/wp-json\/wp\/v2\/product_tag?post=49591"}],"curies":[{"name":"wp","href":"https:\/\/api.w.org\/{rel}","templated":true}]}}